{"id":4661,"date":"2019-12-17T22:00:19","date_gmt":"2019-12-17T21:00:19","guid":{"rendered":"https:\/\/geniwal.be\/?page_id=4661"},"modified":"2023-09-27T19:11:24","modified_gmt":"2023-09-27T17:11:24","slug":"s-c-g-b","status":"publish","type":"page","link":"https:\/\/geniwal.be\/de\/nos-pistes\/associations\/s-c-g-b\/","title":{"rendered":"Service de Centralisation des Etudes G\u00e9n\u00e9alogiques et D\u00e9mographiques de Belgique (S.C.G.B.) (Zentraldienst f\u00fcr genealogische und demografische Studien in Belgien)"},"content":{"rendered":"<div id=\"pl-4661\" class=\"panel-layout\">\n<div id=\"pg-4661-0\" class=\"panel-grid panel-no-style\" data-ratio=\"1\" data-ratio-direction=\"right\">\n<div id=\"pgc-4661-0-0\" class=\"panel-grid-cell\" data-weight=\"1\">\n<div id=\"panel-4661-0-0-0\" class=\"so-panel widget widget_sow-hero panel-first-child panel-last-child\" data-index=\"0\" data-style=\"{&quot;background_image_attachment&quot;:false,&quot;background_display&quot;:&quot;tile&quot;,&quot;so_cpt_readonly&quot;:&quot;&quot;,&quot;animation_event&quot;:&quot;enter&quot;,&quot;animation_screen_offset&quot;:&quot;0&quot;,&quot;animation_duration&quot;:&quot;1&quot;,&quot;animation_hide&quot;:true,&quot;animation_delay&quot;:&quot;0&quot;}\">Liste des articles de \u00ab\u00a0Service de Centralisation des Etudes G\u00e9n\u00e9alogiques et D\u00e9mographiques de Belgique (S.C.G.B.)\u00a0\u00bb<\/div>\n<\/div>\n<\/div>\n<\/div>","protected":false},"excerpt":{"rendered":"<p>Liste des articles de \u00ab\u00a0Service de Centralisation des Etudes G\u00e9n\u00e9alogiques et D\u00e9mographiques de Belgique (S.C.G.B.)\u00a0\u00bb<\/p>","protected":false},"author":1,"featured_media":9022,"parent":2760,"menu_order":0,"comment_status":"closed","ping_status":"closed","template":"","meta":{"_et_pb_use_builder":"","_et_pb_old_content":"","_et_gb_content_width":"","footnotes":""},"class_list":["post-4661","page","type-page","status-publish","has-post-thumbnail","hentry"],"aioseo_notices":[],"_links":{"self":[{"href":"https:\/\/geniwal.be\/de\/wp-json\/wp\/v2\/pages\/4661","targetHints":{"allow":["GET"]}}],"collection":[{"href":"https:\/\/geniwal.be\/de\/wp-json\/wp\/v2\/pages"}],"about":[{"href":"https:\/\/geniwal.be\/de\/wp-json\/wp\/v2\/types\/page"}],"author":[{"embeddable":true,"href":"https:\/\/geniwal.be\/de\/wp-json\/wp\/v2\/users\/1"}],"replies":[{"embeddable":true,"href":"https:\/\/geniwal.be\/de\/wp-json\/wp\/v2\/comments?post=4661"}],"version-history":[{"count":1,"href":"https:\/\/geniwal.be\/de\/wp-json\/wp\/v2\/pages\/4661\/revisions"}],"predecessor-version":[{"id":226082,"href":"https:\/\/geniwal.be\/de\/wp-json\/wp\/v2\/pages\/4661\/revisions\/226082"}],"up":[{"embeddable":true,"href":"https:\/\/geniwal.be\/de\/wp-json\/wp\/v2\/pages\/2760"}],"wp:featuredmedia":[{"embeddable":true,"href":"https:\/\/geniwal.be\/de\/wp-json\/wp\/v2\/media\/9022"}],"wp:attachment":[{"href":"https:\/\/geniwal.be\/de\/wp-json\/wp\/v2\/media?parent=4661"}],"curies":[{"name":"wp","href":"https:\/\/api.w.org\/{rel}","templated":true}]}}