{"id":227906,"date":"2025-11-10T20:43:54","date_gmt":"2025-11-10T19:43:54","guid":{"rendered":"https:\/\/geniwal.be\/?post_type=product&#038;p=227906"},"modified":"2025-11-10T20:52:21","modified_gmt":"2025-11-10T19:52:21","slug":"geneeurope-2025","status":"publish","type":"product","link":"https:\/\/geniwal.be\/de\/boutique\/guides\/geneeurope-2025\/","title":{"rendered":"Gen@Europa 2025"},"content":{"rendered":"<p><strong>ZUSAMMENFASSUNG <\/strong><\/p>\n<p><strong>Ausgabe 2025<\/strong><\/p>\n<p><strong>Wo kann man in Europa im Internet nach Genealogie suchen?<br \/>\n<\/strong>Es gibt viele online verf\u00fcgbare Tools, mit denen Sie die Daten, Lebens- und Durchgangsorte oder Berufe Ihrer Vorfahren herausfinden k\u00f6nnen; daher der Nutzen dieses Buches, in dem Sie Adressen von \"tempor\u00e4ren oder dauerhaften\" Internetseiten f\u00fcr die<strong>\u00a0Land in Europa<\/strong>Au\u00dferdem finden Sie hier Hinweise zum Austausch und zur Kommunikation mit anderen Familiengenealogen in den sozialen Medien (z. B. Diskussionsgruppen oder Foren) sowie Adressen von professionellen, deutschsprachigen Genealogen, die Ihnen helfen k\u00f6nnen.<\/p>\n<p>In mehreren L\u00e4ndern haben die nationalen und kommunalen Archive ihre Register oder Dokumente digitalisiert und stellen die Fotos online zur Verf\u00fcgung. Viele \"Portal\"-Seiten, pers\u00f6nliche Seiten in Vereins- oder Familienkreisen bieten Aufzeichnungen aller Art (Personenstand, W\u00e4hler, Milit\u00e4r, Volksz\u00e4hlungen, Notariat usw.) haupts\u00e4chlich in Form von Listen an.<\/p>\n<p><strong>In diesem Buch erw\u00e4hnte L\u00e4nder<\/strong>: Belgien, D\u00e4nemark, Deutschland, Estland, Finnland, Frankreich, \u00dcberseegebiete, Neukaledonien, Franz\u00f6sisch-Polynesien, Griechenland, Italien, Lettland, Liechtenstein, Litauen, Luxemburg, Malta, Monaco, Niederlande, \u00d6sterreich, Polen, Portugal, Rum\u00e4nien, Schweden, Slowakei, Slowenien, Spanien, Schottland, Tschechien, Ungarn, Vereinigtes K\u00f6nigreich.<\/p>\n<p>Dieses Buch wird Ihnen helfen, wertvolle Zeit bei der genealogischen oder historischen Forschung zu sparen, um diesen riesigen Baum, der Ihr eigener sein wird, zu erstellen.<\/p>\n<p><strong>AUTOR<\/strong><\/p>\n<p>Liliane Hierro N\u00e9e d&rsquo;un p\u00e8re espagnol et d&rsquo;une m\u00e8re fran\u00e7aise, Liliane Hierro est une g\u00e9n\u00e9alogiste professionnelle. Ses recherches g\u00e9n\u00e9alogiques familiales, qui ont \u00e9t\u00e9 r\u00e9alis\u00e9es dans quatre pays d&rsquo;Europe (Belgique, Espagne, France, Italie), lui ont permis de d\u00e9velopper une solide exp\u00e9rience dans ce domaine.<\/p>\n<p>Ihr Interesse an Internetrecherchen wurde durch ihre langj\u00e4hrige Berufserfahrung im IT-Bereich gen\u00e4hrt.<\/p>\n<p>Liliane Hierro h\u00e4lt regelm\u00e4\u00dfig Vortr\u00e4ge in Belgien, Luxemburg und Frankreich zu diesem Thema.<\/p>","protected":false},"excerpt":{"rendered":"<p>R\u00e9f\u00e9rence : 705009<br \/>\nISSN\/2295-5364<br \/>\n120 pages broch\u00e9es \/ format 17 x 24 cm<br \/>\n<b style=\"color: #ff0000;\">Lieferzeit 10 Tage nach Zahlungseingang<br \/>\nQuantit\u00e9 maximum par commande : 1<\/b><\/p>\n<form class=\"cart\" action=\"https:\/\/geniwal.be\/de\/produit\/retracer-lhistoire-de-sa-commune\/\" enctype=\"multipart\/form-data\" method=\"post\" data-trp-original-action=\"https:\/\/geniwal.be\/produit\/retracer-lhistoire-de-sa-commune\/\">\n<div class=\"quantity buttons_added\"><\/div>\n<input type=\"hidden\" name=\"trp-form-language\" value=\"de\"\/><\/form>","protected":false},"featured_media":227907,"comment_status":"closed","ping_status":"closed","template":"","meta":{"_et_pb_use_builder":"","_et_pb_old_content":"","_et_gb_content_width":""},"product_brand":[],"product_cat":[112],"product_tag":[],"class_list":{"0":"post-227906","1":"product","2":"type-product","3":"status-publish","4":"has-post-thumbnail","6":"product_cat-guides","8":"first","9":"instock","10":"taxable","11":"shipping-taxable","12":"purchasable","13":"product-type-simple"},"aioseo_notices":[],"_links":{"self":[{"href":"https:\/\/geniwal.be\/de\/wp-json\/wp\/v2\/product\/227906","targetHints":{"allow":["GET"]}}],"collection":[{"href":"https:\/\/geniwal.be\/de\/wp-json\/wp\/v2\/product"}],"about":[{"href":"https:\/\/geniwal.be\/de\/wp-json\/wp\/v2\/types\/product"}],"replies":[{"embeddable":true,"href":"https:\/\/geniwal.be\/de\/wp-json\/wp\/v2\/comments?post=227906"}],"wp:featuredmedia":[{"embeddable":true,"href":"https:\/\/geniwal.be\/de\/wp-json\/wp\/v2\/media\/227907"}],"wp:attachment":[{"href":"https:\/\/geniwal.be\/de\/wp-json\/wp\/v2\/media?parent=227906"}],"wp:term":[{"taxonomy":"product_brand","embeddable":true,"href":"https:\/\/geniwal.be\/de\/wp-json\/wp\/v2\/product_brand?post=227906"},{"taxonomy":"product_cat","embeddable":true,"href":"https:\/\/geniwal.be\/de\/wp-json\/wp\/v2\/product_cat?post=227906"},{"taxonomy":"product_tag","embeddable":true,"href":"https:\/\/geniwal.be\/de\/wp-json\/wp\/v2\/product_tag?post=227906"}],"curies":[{"name":"wp","href":"https:\/\/api.w.org\/{rel}","templated":true}]}}