{"id":5942,"date":"2020-05-10T07:58:26","date_gmt":"2020-05-10T05:58:26","guid":{"rendered":"https:\/\/geniwal.be\/?post_type=product&#038;p=5942"},"modified":"2020-09-22T09:26:14","modified_gmt":"2020-09-22T07:26:14","slug":"retrouver-ses-ancetres-suisses-2e-ed","status":"publish","type":"product","link":"https:\/\/geniwal.be\/de\/boutique\/guides\/retrouver-ses-ancetres-suisses-2e-ed\/","title":{"rendered":"Finden Sie Ihre Schweizer Vorfahren 2."},"content":{"rendered":"<p><strong>ZUSAMMENFASSUNG<\/strong><\/p>\n<p>\" Das kommt darauf an! \". Diese beiden Worte fassen die Situation der Familienforschung in der Schweiz gut zusammen. Sie h\u00e4ngen mit der Struktur der Eidgenossenschaft zusammen, die im Laufe der Jahrhunderte durch Hinzuf\u00fcgung unabh\u00e4ngiger Kantone gebildet wurde, die alle ihre eigene Arbeitsweise haben: unterschiedliche Quellen; mehr oder weniger leicht zug\u00e4ngliche Kirchenb\u00fccher, die bei einigen mikroverfilmt sind, bei anderen eifers\u00fcchtig in den Pfarrh\u00e4usern aufbewahrt werden; ein Signaturensystem, das einer einzigartigen Logik folgt ... kurz gesagt, eine unterschiedliche Arbeitsweise f\u00fcr jedes kantonale Archiv, denn jeder Kanton ist ein Staat mit seinen eigenen Vorschriften.<\/p>\n<p>Es ist also unm\u00f6glich, sich Hals \u00fcber Kopf auf die Spuren seiner Schweizer Vorfahren zu begeben und zu glauben, in der Eidgenossenschaft \u00e4hnliche Spielregeln wie in Frankreich vorzufinden, denn das ist nicht der Fall, und deshalb ist dieser praktische Leitfaden so unentbehrlich. Er soll beruhigen, vorbereiten und auf die zahlreichen Vorsichtsma\u00dfnahmen aufmerksam machen, die vor dem Start zu treffen sind. Er gibt auch zahlreiche Anregungen, wie man zu Hause im Internet arbeiten kann, da immer mehr Daten auf diesem praktischen und kosteng\u00fcnstigen Weg zug\u00e4nglich sind.<\/p>\n<p>F\u00fcr Milit\u00e4rs gibt er an, was man in den Nationalarchiven oder im Ch\u00e2teau de Vincennes finden kann; f\u00fcr Schweizer, die durch das Elsass gezogen sind, weist er auf die Unterst\u00fctzung des CRHF in Guebwiller hin. So vorbereitet k\u00f6nnen Sie sich Ihren Vorfahren nur gelassen n\u00e4hern, und das in einem Land, in dem es nicht ungew\u00f6hnlich ist, bis ins 14. oder sogar 13.<\/p>\n<p><strong>AUTOR<\/strong><\/p>\n<p>Denis Dubich: Als Nachfahre eines Schweizer Ehepaars, das 1670 ins Elsass kam, begeistert sich Denis Dubich seit drei\u00dfig Jahren f\u00fcr das Land seiner Vorfahren. Dank zahlreicher Besuche in den Archiven von Luzern, Bern, Freiburg, Lausanne, Sarnen, Altdorf, Z\u00fcrich und Rougemont konnte er seine agnatische Abstammung bis ins Jahr 1215 zur\u00fcckverfolgen und die verschiedenen Zweige der gro\u00dfen Schweizer Familie Dubach, Dubath, Dubacher oder Dubas und ihre Verzweigungen in Frankreich, den Niederlanden und den Vereinigten Staaten rekonstruieren. Er ist Autor mehrerer B\u00fccher \u00fcber els\u00e4ssische Genealogie und war von 2010 bis 2015 Pr\u00e4sident der Freunde des Centre d\u00e9partemental d'histoire des familles (CDHF) in Guebwiller (Haut-Rhin), das zum Centre de recherches sur l'histoire des familles (CRHF) wurde.<\/p>","protected":false},"excerpt":{"rendered":"<p>R\u00e9f\u00e9rence : 701026<br \/>\nUGS : 9782350773483<br \/>\n176 pages broch\u00e9es \/ format 17 X 24 cm<br \/>\n<b style=\"color: #ff0000;\">Lieferzeit 10 Tage nach Zahlungseingang<br \/>\nQuantit\u00e9 maximum par commande : 2<br \/>\n<\/b><\/p>\n<form class=\"cart\" action=\"https:\/\/geniwal.be\/de\/produit\/retracer-lhistoire-de-sa-commune\/\" enctype=\"multipart\/form-data\" method=\"post\" data-trp-original-action=\"https:\/\/geniwal.be\/produit\/retracer-lhistoire-de-sa-commune\/\">\n<div class=\"quantity buttons_added\"><\/div>\n<input type=\"hidden\" name=\"trp-form-language\" value=\"de\"\/><\/form>","protected":false},"featured_media":5944,"comment_status":"closed","ping_status":"closed","template":"","meta":{"_et_pb_use_builder":"","_et_pb_old_content":"","_et_gb_content_width":""},"product_brand":[],"product_cat":[112],"product_tag":[200],"class_list":{"0":"post-5942","1":"product","2":"type-product","3":"status-publish","4":"has-post-thumbnail","6":"product_cat-guides","7":"product_tag-200","9":"first","10":"instock","11":"taxable","12":"shipping-taxable","13":"purchasable","14":"product-type-simple"},"aioseo_notices":[],"_links":{"self":[{"href":"https:\/\/geniwal.be\/de\/wp-json\/wp\/v2\/product\/5942","targetHints":{"allow":["GET"]}}],"collection":[{"href":"https:\/\/geniwal.be\/de\/wp-json\/wp\/v2\/product"}],"about":[{"href":"https:\/\/geniwal.be\/de\/wp-json\/wp\/v2\/types\/product"}],"replies":[{"embeddable":true,"href":"https:\/\/geniwal.be\/de\/wp-json\/wp\/v2\/comments?post=5942"}],"wp:featuredmedia":[{"embeddable":true,"href":"https:\/\/geniwal.be\/de\/wp-json\/wp\/v2\/media\/5944"}],"wp:attachment":[{"href":"https:\/\/geniwal.be\/de\/wp-json\/wp\/v2\/media?parent=5942"}],"wp:term":[{"taxonomy":"product_brand","embeddable":true,"href":"https:\/\/geniwal.be\/de\/wp-json\/wp\/v2\/product_brand?post=5942"},{"taxonomy":"product_cat","embeddable":true,"href":"https:\/\/geniwal.be\/de\/wp-json\/wp\/v2\/product_cat?post=5942"},{"taxonomy":"product_tag","embeddable":true,"href":"https:\/\/geniwal.be\/de\/wp-json\/wp\/v2\/product_tag?post=5942"}],"curies":[{"name":"wp","href":"https:\/\/api.w.org\/{rel}","templated":true}]}}