{"id":5971,"date":"2020-05-10T14:52:21","date_gmt":"2020-05-10T12:52:21","guid":{"rendered":"https:\/\/geniwal.be\/?post_type=product&#038;p=5971"},"modified":"2022-06-03T21:54:51","modified_gmt":"2022-06-03T19:54:51","slug":"trouver-ses-ancetres-sur-internet-filae-com","status":"publish","type":"product","link":"https:\/\/geniwal.be\/de\/boutique\/guides\/trouver-ses-ancetres-sur-internet-filae-com\/","title":{"rendered":"Finden Sie Ihre Vorfahren im Internet: Filae.com"},"content":{"rendered":"<p><strong>ZUSAMMENFASSUNG<\/strong><\/p>\n<p>Filae, die genealogische Revolution im Internet, ist ein Suchbeschleuniger. Seine Daseinsberechtigung seit zwanzig Jahren? Alte B\u00fccher, Zeitungen aus dem 19. Jahrhundert, Archive, Dokumentationsbest\u00e4nde usw. zu indexieren, damit Familienhistoriker immer schneller und einfacher in die Vergangenheit zur\u00fcckreisen k\u00f6nnen. Jahrhundert oder die Gefangenen der beiden Weltkriege, die alle namentlich durchsucht werden k\u00f6nnen und ein Bild des Originaldokuments wiedergeben. Oder die Online-Ver\u00f6ffentlichung von Kirchenbuchausz\u00fcgen der Partnerverb\u00e4nde. Dann mit der gigantischen Mammutaufgabe der Indexierung des alten Zivilstandes und eines Teils der Volksz\u00e4hlungen. Seit 2017 gen\u00fcgt es, den Namen eines Vorfahren einzugeben und hoppla! Die Liste der ihn betreffenden Urkunden und Archivdokumente erscheint auf der Website. Klicken Sie auf diejenige, die Sie interessiert, und wieder hopp! Schon sind Sie auf der richtigen Seite des richtigen Registers im richtigen Departementsarchiv, fast \u00fcberall in Frankreich, und sogar die richtige Urkunde ist in Koralle hervorgehoben! Dieser Leitfaden gibt Ihnen also alle Tipps zur Suche und Erstellung von B\u00e4umen auf dieser mittlerweile unumg\u00e4nglichen Website.<\/p>\n<p>Seien Sie versichert, die Freude an der Forschung ist immer noch da. Genealogien lassen sich nicht mit einem Klick erstellen, und die Ermittlungen gehen immer weiter, indem man von einer Akte zur n\u00e4chsten springt. Aber was fr\u00fcher Wochen dauerte oder unauffindbar blieb, ist dank Filae jetzt nur noch einen Mausklick und einen Kalender entfernt!<\/p>\n<p><strong>AUTOR<\/strong><\/p>\n<p>Guillerm Yann : en qu\u00eate de ses anc\u00eatres d\u00e8s l\u2019adolescence, Yann Guillerm a reconstitu\u00e9 son arbre tant en France qu\u2019\u00e0 l&rsquo;\u00e9tranger. Titulaire d\u2019une ma\u00eetrise en histoire et b\u00e9n\u00e9vole pour des associations, il a relev\u00e9 et index\u00e9 des registres paroissiaux et organis\u00e9 le d\u00e9pouillement des registres matricules des C\u00f4tes-d&rsquo;Armor. Il est d\u00e9j\u00e0 l\u2019auteur de Retrouver ses anc\u00eatres bretons, Archives d\u00e9partementales mode d\u2019emploi et le coauteur de Faire son arbre g\u00e9n\u00e9alogique par Internet.<\/p>","protected":false},"excerpt":{"rendered":"<p>R\u00e9f\u00e9rence : 701012<br \/>\nUGS : 978-2-35077-314-8<br \/>\n64 pages broch\u00e9es \/ format 17 x 24 cm<br \/>\n<b style=\"color: #ff0000;\">Lieferzeit 10 Tage nach Zahlungseingang<br \/>\nQuantit\u00e9 maximum par commande : 3<br \/>\n<\/b><\/p>\n<form class=\"cart\" action=\"https:\/\/geniwal.be\/de\/produit\/retracer-lhistoire-de-sa-commune\/\" enctype=\"multipart\/form-data\" method=\"post\" data-trp-original-action=\"https:\/\/geniwal.be\/produit\/retracer-lhistoire-de-sa-commune\/\">\n<div class=\"quantity buttons_added\"><\/div>\n<input type=\"hidden\" name=\"trp-form-language\" value=\"de\"\/><\/form>","protected":false},"featured_media":5957,"comment_status":"closed","ping_status":"closed","template":"","meta":{"_et_pb_use_builder":"","_et_pb_old_content":"","_et_gb_content_width":""},"product_brand":[],"product_cat":[112],"product_tag":[],"class_list":{"0":"post-5971","1":"product","2":"type-product","3":"status-publish","4":"has-post-thumbnail","6":"product_cat-guides","8":"first","9":"outofstock","10":"taxable","11":"shipping-taxable","12":"purchasable","13":"product-type-simple"},"aioseo_notices":[],"_links":{"self":[{"href":"https:\/\/geniwal.be\/de\/wp-json\/wp\/v2\/product\/5971","targetHints":{"allow":["GET"]}}],"collection":[{"href":"https:\/\/geniwal.be\/de\/wp-json\/wp\/v2\/product"}],"about":[{"href":"https:\/\/geniwal.be\/de\/wp-json\/wp\/v2\/types\/product"}],"replies":[{"embeddable":true,"href":"https:\/\/geniwal.be\/de\/wp-json\/wp\/v2\/comments?post=5971"}],"wp:featuredmedia":[{"embeddable":true,"href":"https:\/\/geniwal.be\/de\/wp-json\/wp\/v2\/media\/5957"}],"wp:attachment":[{"href":"https:\/\/geniwal.be\/de\/wp-json\/wp\/v2\/media?parent=5971"}],"wp:term":[{"taxonomy":"product_brand","embeddable":true,"href":"https:\/\/geniwal.be\/de\/wp-json\/wp\/v2\/product_brand?post=5971"},{"taxonomy":"product_cat","embeddable":true,"href":"https:\/\/geniwal.be\/de\/wp-json\/wp\/v2\/product_cat?post=5971"},{"taxonomy":"product_tag","embeddable":true,"href":"https:\/\/geniwal.be\/de\/wp-json\/wp\/v2\/product_tag?post=5971"}],"curies":[{"name":"wp","href":"https:\/\/api.w.org\/{rel}","templated":true}]}}