{"id":5977,"date":"2020-05-10T15:11:59","date_gmt":"2020-05-10T13:11:59","guid":{"rendered":"https:\/\/geniwal.be\/?post_type=product&#038;p=5977"},"modified":"2022-06-03T21:54:51","modified_gmt":"2022-06-03T19:54:51","slug":"conserver-et-classer-les-papiers-de-famille-2","status":"publish","type":"product","link":"https:\/\/geniwal.be\/de\/boutique\/guides\/conserver-et-classer-les-papiers-de-famille-2\/","title":{"rendered":"Familienpapiere aufbewahren und ordnen"},"content":{"rendered":"<p><strong>ZUSAMMENFASSUNG<\/strong><\/p>\n<p>Wenn wir von Familienpapieren sprechen, denken wir zun\u00e4chst an unsere eigenen, an unsere allt\u00e4glichen Papiere. Sie erscheinen uns umso unwichtiger, je weniger Geschichte sie haben. Im Zeitalter des papierlosen B\u00fcros wollen wir uns oftmals entr\u00fcmpeln. Doch es gibt gesetzliche Fristen, die uns dazu verpflichten, bestimmte Dokumente aufzubewahren. Es ist wichtig, sie zu kennen. Der Begriff \"Familienpapiere\" erinnert an Dokumente, die von der vorherigen Generation geschenkt oder weitergegeben wurden. Sie sind au\u00dferordentlich vielf\u00e4ltig und k\u00f6nnen sowohl seri\u00f6s (notarielle Dokumente, P\u00e4sse, Versicherungsunterlagen...) als auch bewegend (Schulhefte, Punkte, Hochzeitsfotos...) sein. Wir denken weniger daran, sie wegzuwerfen, als sie aufzubewahren, denn sie erlegen uns eine Erinnerungspflicht auf. Aber wie ordnet man sie ein, um dasjenige, das man den Enkeln zeigen m\u00f6chte, leicht wiederzufinden? Wie kann man den Fortbestand dieser manchmal hundert Jahre alten Papiere oder der zerbrechlichen Sepia-Bilder sichern? Sie zu digitalisieren ist eine M\u00f6glichkeit, sie zu sichern, aber die Originale werden nicht weggeworfen, sondern m\u00fcssen gesch\u00fctzt werden. Schlie\u00dflich gibt es noch die Familienpapiere, von denen man tr\u00e4umt, vor allem wenn man sich f\u00fcr Genealogie begeistert. Es sind die, die man vermisst, die man aus Zuneigung zu einem verstorbenen Vorfahren oder aus dem Wunsch heraus, das Familienged\u00e4chtnis zu sammeln, bevor es ausgel\u00f6scht wird, wiederfinden m\u00f6chte: verschwundene Familien- oder Wehrstammb\u00fccher, fehlende Fotos... Eine Suche kann bei Cousins und Onkeln oder sogar bei Beh\u00f6rden und Archiven beginnen. Aber man muss auch wissen, seit wann diese Dokumente existieren und welche Geschichte sie haben. Dieser Leitfaden beantwortet diese Fragen mit Illustrationen, die auf die gesuchten Dokumente abgestimmt sind.<\/p>\n<p><strong>AUTOR <\/strong><\/p>\n<p>Myriam Provence: seit 1987 professionelle Genealogin in Paris, langj\u00e4hrige Pr\u00e4sidentin der Chambre syndicale des g\u00e9n\u00e9alogistes et h\u00e9raldistes de France, Autorin zahlreicher genealogischer Artikel und B\u00fccher.<\/p>","protected":false},"excerpt":{"rendered":"<p>R\u00e9f\u00e9rence:\u00a0701031<br \/>\nUGS : 978-2-35077-265-3<br \/>\n80 pages broch\u00e9es \/ 17 x 24 cm \/ couleur<br \/>\n<b style=\"color: #ff0000;\">Lieferzeit 10 Tage nach Zahlungseingang<br \/>\nQuantit\u00e9 maximum par commande : 3<br \/>\n<\/b><\/p>","protected":false},"featured_media":5962,"comment_status":"closed","ping_status":"closed","template":"","meta":{"_et_pb_use_builder":"","_et_pb_old_content":"","_et_gb_content_width":""},"product_brand":[],"product_cat":[112],"product_tag":[],"class_list":{"0":"post-5977","1":"product","2":"type-product","3":"status-publish","4":"has-post-thumbnail","6":"product_cat-guides","8":"first","9":"instock","10":"taxable","11":"shipping-taxable","12":"purchasable","13":"product-type-simple"},"aioseo_notices":[],"_links":{"self":[{"href":"https:\/\/geniwal.be\/de\/wp-json\/wp\/v2\/product\/5977","targetHints":{"allow":["GET"]}}],"collection":[{"href":"https:\/\/geniwal.be\/de\/wp-json\/wp\/v2\/product"}],"about":[{"href":"https:\/\/geniwal.be\/de\/wp-json\/wp\/v2\/types\/product"}],"replies":[{"embeddable":true,"href":"https:\/\/geniwal.be\/de\/wp-json\/wp\/v2\/comments?post=5977"}],"wp:featuredmedia":[{"embeddable":true,"href":"https:\/\/geniwal.be\/de\/wp-json\/wp\/v2\/media\/5962"}],"wp:attachment":[{"href":"https:\/\/geniwal.be\/de\/wp-json\/wp\/v2\/media?parent=5977"}],"wp:term":[{"taxonomy":"product_brand","embeddable":true,"href":"https:\/\/geniwal.be\/de\/wp-json\/wp\/v2\/product_brand?post=5977"},{"taxonomy":"product_cat","embeddable":true,"href":"https:\/\/geniwal.be\/de\/wp-json\/wp\/v2\/product_cat?post=5977"},{"taxonomy":"product_tag","embeddable":true,"href":"https:\/\/geniwal.be\/de\/wp-json\/wp\/v2\/product_tag?post=5977"}],"curies":[{"name":"wp","href":"https:\/\/api.w.org\/{rel}","templated":true}]}}