{"id":5990,"date":"2020-05-11T02:49:30","date_gmt":"2020-05-11T00:49:30","guid":{"rendered":"https:\/\/geniwal.be\/?post_type=product&#038;p=5990"},"modified":"2025-11-10T21:32:11","modified_gmt":"2025-11-10T20:32:11","slug":"vos-ancetres-sont-luxembourgeois","status":"publish","type":"product","link":"https:\/\/geniwal.be\/de\/boutique\/guides\/vos-ancetres-sont-luxembourgeois\/","title":{"rendered":"Ihre Vorfahren sind Luxemburger - Ausgabe 3 2023"},"content":{"rendered":"<p><b>ZUSAMMENFASSUNG<\/b><\/p>\n<p>Ihre Genealogie f\u00fchrt Sie ins Gro\u00dfherzogtum Luxemburg!<\/p>\n<p>Si les racines de vos proches parents vous m\u00e8nent au Grand-Duch\u00e9, vous devrez appr\u00e9hender de nouvelles r\u00e9glementations en mati\u00e8re d&rsquo;archives et de protection de la vie priv\u00e9e, et probablement de nouvelles langues.<\/p>\n<p>Dans l&rsquo;hypoth\u00e8se o\u00f9 vos origines luxembourgeoises sont plus lointaines, il vous faudra surmonter l&rsquo;\u00e9criture des actes en latin.<\/p>\n<p>Ce livre est l\u00e0 pour vous aider \u00e0 avancer, pas \u00e0 pas, dans les diff\u00e9rentes possibilit\u00e9s et types d&rsquo;archives disponibles en salle au Grand-Duch\u00e9 de Luxembourg, ainsi que sur Internet.<\/p>\n<p>Et m\u00eame si, \u00e0 ce jour, les Archives nationales du Grand-Duch\u00e9 de Luxembourg n&rsquo;offrent pas la possibilit\u00e9 de trouver des ressources num\u00e9ris\u00e9es en ligne, vous pourrez, cependant, commencer vos recherches sur la toile.<\/p>\n<p>Alle in diesem Buch vorgeschlagenen Suchwege und -tipps erm\u00f6glichen es, bei jedem Schritt die richtigen Adressen zu entdecken, um die Archive zu finden, die Sie ben\u00f6tigen.<\/p>\n<p>Ainsi, il vous sera ais\u00e9 de consulter des images d&rsquo;archives en ligne, des bases de donn\u00e9es, dialoguer avec d&rsquo;autres g\u00e9n\u00e9alogistes pour rencontrer l&rsquo;aide n\u00e9cessaire, en d\u00e9butant de chez soi.<\/p>\n<p>Liliane Hierro, professionelle Genealogin, h\u00e4lt regelm\u00e4\u00dfig Vortr\u00e4ge in Belgien, Frankreich und dem Gro\u00dfherzogtum Luxemburg zum Thema \"Wie man seine Genealogie in Europa \u00fcber das Internet erforscht\".<\/p>\n<p><strong>AUTOR<\/strong><\/p>\n<p>Liliane Hierro N\u00e9e d&rsquo;un p\u00e8re espagnol et d&rsquo;une m\u00e8re fran\u00e7aise, Liliane Hierro est une g\u00e9n\u00e9alogiste professionnelle. Ses recherches g\u00e9n\u00e9alogiques familiales, qui ont \u00e9t\u00e9 r\u00e9alis\u00e9es dans quatre pays d&rsquo;Europe (Belgique, Espagne, France, Italie), lui ont permis de d\u00e9velopper une solide exp\u00e9rience dans ce domaine.<\/p>\n<p>Ihr Interesse an Internetrecherchen wurde durch ihre langj\u00e4hrige Berufserfahrung im IT-Bereich gen\u00e4hrt.<\/p>\n<p>Liliane Hierro h\u00e4lt regelm\u00e4\u00dfig Vortr\u00e4ge in Belgien, Luxemburg und Frankreich zu diesem Thema :<\/p>","protected":false},"excerpt":{"rendered":"<p>ISBN: 978-2-9602344<br \/>\n70 pages broch\u00e9es \/ format 170 x 240 cm<br \/>\n<b style=\"color: #ff0000;\">Lieferzeit 10 Tage nach Zahlungseingang<\/b><\/p>\n<form class=\"cart\" action=\"https:\/\/geniwal.be\/de\/produit\/retracer-lhistoire-de-sa-commune\/\" enctype=\"multipart\/form-data\" method=\"post\" data-trp-original-action=\"https:\/\/geniwal.be\/produit\/retracer-lhistoire-de-sa-commune\/\">\n<div class=\"quantity buttons_added\"><\/div>\n<input type=\"hidden\" name=\"trp-form-language\" value=\"de\"\/><\/form>","protected":false},"featured_media":227010,"comment_status":"closed","ping_status":"closed","template":"","meta":{"_et_pb_use_builder":"","_et_pb_old_content":"","_et_gb_content_width":""},"product_brand":[],"product_cat":[112],"product_tag":[182],"class_list":{"0":"post-5990","1":"product","2":"type-product","3":"status-publish","4":"has-post-thumbnail","6":"product_cat-guides","7":"product_tag-isbn-978-2-9602344","9":"first","10":"instock","11":"taxable","12":"shipping-taxable","13":"purchasable","14":"product-type-simple"},"aioseo_notices":[],"_links":{"self":[{"href":"https:\/\/geniwal.be\/de\/wp-json\/wp\/v2\/product\/5990","targetHints":{"allow":["GET"]}}],"collection":[{"href":"https:\/\/geniwal.be\/de\/wp-json\/wp\/v2\/product"}],"about":[{"href":"https:\/\/geniwal.be\/de\/wp-json\/wp\/v2\/types\/product"}],"replies":[{"embeddable":true,"href":"https:\/\/geniwal.be\/de\/wp-json\/wp\/v2\/comments?post=5990"}],"wp:featuredmedia":[{"embeddable":true,"href":"https:\/\/geniwal.be\/de\/wp-json\/wp\/v2\/media\/227010"}],"wp:attachment":[{"href":"https:\/\/geniwal.be\/de\/wp-json\/wp\/v2\/media?parent=5990"}],"wp:term":[{"taxonomy":"product_brand","embeddable":true,"href":"https:\/\/geniwal.be\/de\/wp-json\/wp\/v2\/product_brand?post=5990"},{"taxonomy":"product_cat","embeddable":true,"href":"https:\/\/geniwal.be\/de\/wp-json\/wp\/v2\/product_cat?post=5990"},{"taxonomy":"product_tag","embeddable":true,"href":"https:\/\/geniwal.be\/de\/wp-json\/wp\/v2\/product_tag?post=5990"}],"curies":[{"name":"wp","href":"https:\/\/api.w.org\/{rel}","templated":true}]}}