{"id":6567,"date":"2020-12-17T20:57:49","date_gmt":"2020-12-17T19:57:49","guid":{"rendered":"https:\/\/geniwal.be\/?post_type=product&#038;p=6567"},"modified":"2021-03-14T17:12:32","modified_gmt":"2021-03-14T16:12:32","slug":"larbre-geniwal-4-generations-special-enfant-decor-bleuet-copie","status":"publish","type":"product","link":"https:\/\/geniwal.be\/de\/boutique\/arbres\/larbre-geniwal-4-generations-special-enfant-decor-bleuet-copie\/","title":{"rendered":"Der GeniWal-Baum 4 Generationen - Speziell f\u00fcr Kinder - Kornblumendekor"},"content":{"rendered":"","protected":false},"excerpt":{"rendered":"<div>Pour donner le go\u00fbt de l&rsquo;histoire familiale aux enfants, donner leur la possibilit\u00e9 de faire leur premier arbre g\u00e9n\u00e9alogique<\/div>\n<div><\/div>\n<div><strong>R\u00e9f\u00e9rence du produit :<\/strong> 700074 : Arbre G\u00e9niWal 4 g\u00e9n\u00e9rations Enfant &#8211; d\u00e9cor bleuet<\/div>\n<ul>\n<li>Arbre vide \u00e0 4 g\u00e9n\u00e9rations, d\u00e9cor bleuet, format 29,5 cm sur 42 cm, cr\u00e9ation G\u00e9niWal.<\/li>\n<li><b><\/b>Livraison sous tube<\/li>\n<\/ul>\n<p><b>Lieferzeit 10 Tage nach Zahlungseingang<\/b><b><br \/>\n<\/b>Alle Modelle und Designs sind urheberrechtlich gesch\u00fctzt.<br \/>\n(Code de la Propri\u00e9t\u00e9 Intellectuelle).<br \/>\n2012-2020 G\u00e9niWal a.s.b.l.<\/p>","protected":false},"featured_media":6650,"comment_status":"closed","ping_status":"closed","template":"","meta":{"_et_pb_use_builder":"","_et_pb_old_content":"","_et_gb_content_width":""},"product_brand":[],"product_cat":[109],"product_tag":[236],"class_list":{"0":"post-6567","1":"product","2":"type-product","3":"status-publish","4":"has-post-thumbnail","6":"product_cat-arbres","7":"product_tag-arbre-geniwal-4-generations-special-enfant-decor-foret","9":"first","10":"instock","11":"taxable","12":"shipping-taxable","13":"purchasable","14":"product-type-simple"},"aioseo_notices":[],"_links":{"self":[{"href":"https:\/\/geniwal.be\/de\/wp-json\/wp\/v2\/product\/6567","targetHints":{"allow":["GET"]}}],"collection":[{"href":"https:\/\/geniwal.be\/de\/wp-json\/wp\/v2\/product"}],"about":[{"href":"https:\/\/geniwal.be\/de\/wp-json\/wp\/v2\/types\/product"}],"replies":[{"embeddable":true,"href":"https:\/\/geniwal.be\/de\/wp-json\/wp\/v2\/comments?post=6567"}],"wp:featuredmedia":[{"embeddable":true,"href":"https:\/\/geniwal.be\/de\/wp-json\/wp\/v2\/media\/6650"}],"wp:attachment":[{"href":"https:\/\/geniwal.be\/de\/wp-json\/wp\/v2\/media?parent=6567"}],"wp:term":[{"taxonomy":"product_brand","embeddable":true,"href":"https:\/\/geniwal.be\/de\/wp-json\/wp\/v2\/product_brand?post=6567"},{"taxonomy":"product_cat","embeddable":true,"href":"https:\/\/geniwal.be\/de\/wp-json\/wp\/v2\/product_cat?post=6567"},{"taxonomy":"product_tag","embeddable":true,"href":"https:\/\/geniwal.be\/de\/wp-json\/wp\/v2\/product_tag?post=6567"}],"curies":[{"name":"wp","href":"https:\/\/api.w.org\/{rel}","templated":true}]}}