{"id":8137,"date":"2021-12-11T14:53:29","date_gmt":"2021-12-11T13:53:29","guid":{"rendered":"https:\/\/geniwal.be\/?post_type=product&#038;p=8137"},"modified":"2021-12-26T01:25:56","modified_gmt":"2021-12-26T00:25:56","slug":"mon-arbre-relie-7-generations-a-remplir","status":"publish","type":"product","link":"https:\/\/geniwal.be\/de\/boutique\/arbres\/mon-arbre-relie-7-generations-a-remplir\/","title":{"rendered":"Mein verbundener Stammbaum 7 Generationen zum Ausf\u00fcllen"},"content":{"rendered":"<p>Sie besch\u00e4ftigen sich mit Genealogie und w\u00fcrden gerne mit Ihren Verwandten oder Cousins \u00fcber Ihre Forschungen sprechen?<br \/>\nSie tun dies nicht, m\u00f6chten aber f\u00fcr Ihre Enkelkinder die Namen der Vorfahren, die Sie gekannt haben, aufschreiben und ihnen Erinnerungsfotos weitergeben?<br \/>\nTr\u00e4umen Sie von einem Baum, der zug\u00e4nglich und leicht zu zeigen ist, den Sie aber nicht an die Wand h\u00e4ngen m\u00fcssen?<br \/>\nDieser sch\u00f6ne, gebundene Baum ist die ideale Antwort :<br \/>\n- Es passt in Ihr B\u00fccherregal. Wie ein Buch l\u00e4sst es sich mit einer Handbewegung greifen und auf einfache Weise entfalten.<br \/>\n- Es dreht sich um eine zentrale Figur (Sie selbst oder einer Ihrer Eltern oder Gro\u00dfeltern, je nach Wahl), deren Namen Sie auf dem Buchdeckel und auf dem Buchr\u00fccken notieren (so bleibt das Auffinden in Ihrer Bibliothek einfach, auch wenn Sie mehrere gebundene B\u00e4ume gef\u00fcllt haben).<br \/>\n- Er erm\u00f6glicht es, die Abstammung (zwei Generationen darunter: Kinder und Enkelkinder) und die Abstammung (vier Generationen dar\u00fcber, bis zu den Ururgro\u00dfeltern) zu vermerken, was einen zusammenfassenden \u00dcberblick \u00fcber sieben Generationen in etwa zwei Jahrhunderten gibt.<br \/>\n- Er kann leicht von Hand oder mithilfe von Klebeetiketten, die Sie zu Hause ausdrucken k\u00f6nnen, ausgef\u00fcllt werden. Eine ausf\u00fchrliche Anleitung befindet sich auf der R\u00fcckseite des Baumes, daneben gibt es Platz zum Schreiben f\u00fcr Erg\u00e4nzungen und Lebensgeschichten.<br \/>\n- Eine Innentasche bietet Platz f\u00fcr Fotos, Ank\u00fcndigungen, Briefe und verschiedene Familiendokumente: Ein leichteres Teilen von Erinnerungen, wenn Sie den Baum einem Verwandten zeigen (Sie m\u00fcssen nicht Ihre Schubladen durchsuchen oder Ihren Computer einschalten: die wertvollsten Dokumente sind dort).<\/p>\n<p>Alle Details sind auf der\u00a0<a href=\"https:\/\/youtu.be\/2piuelpbqZw\" target=\"_blank\" rel=\"noopener\">YouTube-Video<\/a>\u00a0dem Buch gewidmet.<\/p>\n<p>Ob Ihre Nachkommen \"so gro\u00df wie die Sterne am Himmel\" sind oder an einer Hand abgez\u00e4hlt werden k\u00f6nnen, spielt keine Rolle: Sie alle haben einen riesigen aufsteigenden Baum zu zeigen und Geschichten zu erz\u00e4hlen. Jetzt sind Sie dran!<\/p>","protected":false},"excerpt":{"rendered":"<p><strong>R\u00e9f\u00e9rence du produit: 704005<\/strong><\/p>\n<p>Un arbre \u00e0 compl\u00e9ter 7 g\u00e9n\u00e9rations (5 ascendantes, 2 descendantes)<\/p>\n<p>\u2022 Un arbre grand format (126 cm x 29,7cm) facile \u00e0 d\u00e9plier<\/p>\n<p>\u2022 Un arbre reli\u00e9 (21,7 cm x 30,5 cm) qui se range dans une biblioth\u00e8que<\/p>\n<p>\u2022 Un arbre avec une pochette pour glisser photos, faire-parts, docs divers<\/p>\n<p>\u2022 Un arbre avec une reliure somptueuse, bleue et or, \u00e9toiles paillet\u00e9es en relief, rubans d\u2019attache bleus<\/p>\n<p>\u2022 Un arbre avec une zone en pelliculage mat sur la couverture et sur le dos pour noter le nom du personnage central ou de la famille d\u00e9taill\u00e9e dans l\u2019arbre<\/p>\n<p>Alle Details sind auf der\u00a0<a href=\"https:\/\/youtu.be\/2piuelpbqZw\" target=\"_blank\" rel=\"noopener\">YouTube-Video<\/a>\u00a0dem Buch gewidmet.<\/p>\n<p><strong>Commande :<\/strong><\/p>\n<p>Paiement via Carte Bancaire, Virement, ou Paypal<\/p>","protected":false},"featured_media":8139,"comment_status":"closed","ping_status":"closed","template":"","meta":{"_et_pb_use_builder":"","_et_pb_old_content":"","_et_gb_content_width":""},"product_brand":[],"product_cat":[109],"product_tag":[250],"class_list":{"0":"post-8137","1":"product","2":"type-product","3":"status-publish","4":"has-post-thumbnail","6":"product_cat-arbres","7":"product_tag-arbre-7g-a-remplir","9":"first","10":"instock","11":"taxable","12":"shipping-taxable","13":"purchasable","14":"product-type-simple"},"aioseo_notices":[],"_links":{"self":[{"href":"https:\/\/geniwal.be\/de\/wp-json\/wp\/v2\/product\/8137","targetHints":{"allow":["GET"]}}],"collection":[{"href":"https:\/\/geniwal.be\/de\/wp-json\/wp\/v2\/product"}],"about":[{"href":"https:\/\/geniwal.be\/de\/wp-json\/wp\/v2\/types\/product"}],"replies":[{"embeddable":true,"href":"https:\/\/geniwal.be\/de\/wp-json\/wp\/v2\/comments?post=8137"}],"wp:featuredmedia":[{"embeddable":true,"href":"https:\/\/geniwal.be\/de\/wp-json\/wp\/v2\/media\/8139"}],"wp:attachment":[{"href":"https:\/\/geniwal.be\/de\/wp-json\/wp\/v2\/media?parent=8137"}],"wp:term":[{"taxonomy":"product_brand","embeddable":true,"href":"https:\/\/geniwal.be\/de\/wp-json\/wp\/v2\/product_brand?post=8137"},{"taxonomy":"product_cat","embeddable":true,"href":"https:\/\/geniwal.be\/de\/wp-json\/wp\/v2\/product_cat?post=8137"},{"taxonomy":"product_tag","embeddable":true,"href":"https:\/\/geniwal.be\/de\/wp-json\/wp\/v2\/product_tag?post=8137"}],"curies":[{"name":"wp","href":"https:\/\/api.w.org\/{rel}","templated":true}]}}