{"id":6211,"date":"2020-08-29T08:55:09","date_gmt":"2020-08-29T06:55:09","guid":{"rendered":"https:\/\/geniwal.be\/?page_id=6211"},"modified":"2020-08-29T09:05:56","modified_gmt":"2020-08-29T07:05:56","slug":"frais-de-port","status":"publish","type":"page","link":"https:\/\/geniwal.be\/en\/frais-de-port\/","title":{"rendered":"Shipping costs"},"content":{"rendered":"<div id=\"pl-6211\"  class=\"panel-layout\" >\n<div id=\"pg-6211-0\"  class=\"panel-grid panel-no-style\"  data-style=\"{&quot;background_image_attachment&quot;:false,&quot;background_display&quot;:&quot;tile&quot;,&quot;cell_alignment&quot;:&quot;flex-start&quot;,&quot;animation_event&quot;:&quot;enter&quot;,&quot;animation_screen_offset&quot;:&quot;0&quot;,&quot;animation_duration&quot;:&quot;1&quot;,&quot;animation_hide&quot;:true,&quot;animation_delay&quot;:&quot;0&quot;}\"  data-ratio=\"1\"  data-ratio-direction=\"right\" >\n<div id=\"pgc-6211-0-0\"  class=\"panel-grid-cell\"  data-weight=\"1\" >\n<div id=\"panel-6211-0-0-0\" class=\"so-panel widget widget_sow-editor panel-first-child panel-last-child widgetopts-SO\" data-index=\"0\" data-style=\"{&quot;background_image_attachment&quot;:false,&quot;background_display&quot;:&quot;tile&quot;,&quot;so_cpt_readonly&quot;:&quot;&quot;,&quot;animation_event&quot;:&quot;enter&quot;,&quot;animation_screen_offset&quot;:&quot;0&quot;,&quot;animation_duration&quot;:&quot;1&quot;,&quot;animation_hide&quot;:true,&quot;animation_delay&quot;:&quot;0&quot;}\" >\n<div class=\"so-widget-sow-editor so-widget-sow-editor-base\">\n<div class=\"siteorigin-widget-tinymce textwidget\">\n<br \/>Widget not in any sidebars<br \/>\n<\/div>\n<\/div>\n<\/div>\n<\/div>\n<\/div>\n<div id=\"pg-6211-1\"  class=\"panel-grid panel-no-style\"  data-style=\"{&quot;background_image_attachment&quot;:false,&quot;background_display&quot;:&quot;tile&quot;,&quot;cell_alignment&quot;:&quot;flex-start&quot;,&quot;animation_event&quot;:&quot;enter&quot;,&quot;animation_screen_offset&quot;:&quot;0&quot;,&quot;animation_duration&quot;:&quot;1&quot;,&quot;animation_hide&quot;:true,&quot;animation_delay&quot;:&quot;0&quot;}\"  data-ratio=\"1\"  data-ratio-direction=\"right\" >\n<div id=\"pgc-6211-1-0\"  class=\"panel-grid-cell\"  data-weight=\"1\" >\n<div id=\"panel-6211-1-0-0\" class=\"so-panel widget widget_sow-headline panel-first-child panel-last-child widgetopts-SO\" data-index=\"1\" data-style=\"{&quot;background_image_attachment&quot;:false,&quot;background_display&quot;:&quot;tile&quot;,&quot;so_cpt_readonly&quot;:&quot;&quot;,&quot;animation_event&quot;:&quot;enter&quot;,&quot;animation_screen_offset&quot;:&quot;0&quot;,&quot;animation_duration&quot;:&quot;1&quot;,&quot;animation_hide&quot;:true,&quot;animation_delay&quot;:&quot;0&quot;}\" >[siteorigin_widget class=\u00a0\u00bbSiteOrigin_Widget_Headline_Widget\u00a0\u00bb]<input type=\"hidden\" value=\"{&quot;instance&quot;:{&quot;headline&quot;:{&quot;text&quot;:&quot;Frais de port&quot;,&quot;destination_url&quot;:&quot;&quot;,&quot;tag&quot;:&quot;h1&quot;,&quot;color&quot;:false,&quot;hover_color&quot;:false,&quot;font&quot;:&quot;default&quot;,&quot;font_size&quot;:&quot;36px&quot;,&quot;font_size_unit&quot;:&quot;px&quot;,&quot;align&quot;:&quot;center&quot;,&quot;line_height&quot;:false,&quot;line_height_unit&quot;:&quot;px&quot;,&quot;margin&quot;:false,&quot;margin_unit&quot;:&quot;px&quot;,&quot;so_field_container_state&quot;:&quot;open&quot;,&quot;new_window&quot;:false},&quot;sub_headline&quot;:{&quot;text&quot;:&quot;&quot;,&quot;destination_url&quot;:&quot;&quot;,&quot;tag&quot;:&quot;h3&quot;,&quot;color&quot;:false,&quot;hover_color&quot;:false,&quot;font&quot;:&quot;default&quot;,&quot;font_size&quot;:false,&quot;font_size_unit&quot;:&quot;px&quot;,&quot;align&quot;:&quot;center&quot;,&quot;line_height&quot;:false,&quot;line_height_unit&quot;:&quot;px&quot;,&quot;margin&quot;:false,&quot;margin_unit&quot;:&quot;px&quot;,&quot;so_field_container_state&quot;:&quot;closed&quot;,&quot;new_window&quot;:false},&quot;divider&quot;:{&quot;style&quot;:&quot;solid&quot;,&quot;color&quot;:&quot;#EEEEEE&quot;,&quot;thickness&quot;:1,&quot;align&quot;:&quot;center&quot;,&quot;width&quot;:&quot;80%&quot;,&quot;width_unit&quot;:&quot;%&quot;,&quot;margin&quot;:false,&quot;margin_unit&quot;:&quot;px&quot;,&quot;so_field_container_state&quot;:&quot;closed&quot;},&quot;order&quot;:[&quot;headline&quot;,&quot;divider&quot;,&quot;sub_headline&quot;],&quot;fittext_compressor&quot;:0.85,&quot;_sow_form_id&quot;:&quot;14521373125f49fa96d18a4266283071&quot;,&quot;_sow_form_timestamp&quot;:&quot;1598684650243&quot;,&quot;siteorigin&quot;:&quot;1&quot;,&quot;extended_widget_opts&quot;:{&quot;id_base&quot;:&quot;c207&quot;,&quot;visibility&quot;:{&quot;options&quot;:&quot;hide&quot;},&quot;devices&quot;:{&quot;options&quot;:&quot;hide&quot;},&quot;alignment&quot;:{&quot;desktop&quot;:&quot;default&quot;},&quot;roles&quot;:[],&quot;class&quot;:[]},&quot;fittext&quot;:false,&quot;so_sidebar_emulator_id&quot;:&quot;sow-headline-621110001&quot;,&quot;option_name&quot;:&quot;widget_sow-headline&quot;},&quot;args&quot;:{&quot;before_widget&quot;:&quot;&lt;div id=\\&quot;panel-6211-1-0-0\\&quot; class=\\&quot;so-panel widget widget_sow-headline panel-first-child panel-last-child widgetopts-SO\\&quot; data-index=\\&quot;1\\&quot; data-style=\\&quot;{&amp;quot;background_image_attachment&amp;quot;:false,&amp;quot;background_display&amp;quot;:&amp;quot;tile&amp;quot;,&amp;quot;so_cpt_readonly&amp;quot;:&amp;quot;&amp;quot;,&amp;quot;animation_event&amp;quot;:&amp;quot;enter&amp;quot;,&amp;quot;animation_screen_offset&amp;quot;:&amp;quot;0&amp;quot;,&amp;quot;animation_duration&amp;quot;:&amp;quot;1&amp;quot;,&amp;quot;animation_hide&amp;quot;:true,&amp;quot;animation_delay&amp;quot;:&amp;quot;0&amp;quot;}\\&quot; &gt;&quot;,&quot;after_widget&quot;:&quot;&lt;\\\/div&gt;&quot;,&quot;before_title&quot;:&quot;&lt;h3 class=\\&quot;widget-title\\&quot;&gt;&quot;,&quot;after_title&quot;:&quot;&lt;\\\/h3&gt;&quot;,&quot;widget_id&quot;:&quot;widget-1-0-0&quot;}}\" \/>[\/siteorigin_widget]<\/div>\n<\/div>\n<\/div>\n<div id=\"pg-6211-2\"  class=\"panel-grid panel-no-style\" >\n<div id=\"pgc-6211-2-0\"  class=\"panel-grid-cell\"  data-weight=\"1\" >\n<div id=\"panel-6211-2-0-0\" class=\"so-panel widget widget_sow-editor panel-first-child panel-last-child widgetopts-SO\" data-index=\"2\" data-style=\"{&quot;widget_css&quot;:&quot;background-color: white;\\npadding: 20px;\\nfont-family: arial;&quot;,&quot;background_image_attachment&quot;:false,&quot;background_display&quot;:&quot;tile&quot;,&quot;so_cpt_readonly&quot;:&quot;&quot;,&quot;animation_event&quot;:&quot;enter&quot;,&quot;animation_screen_offset&quot;:&quot;0&quot;,&quot;animation_duration&quot;:&quot;1&quot;,&quot;animation_hide&quot;:true,&quot;animation_delay&quot;:&quot;0&quot;}\" >\n<div class=\"panel-widget-style panel-widget-style-for-6211-2-0-0\" >\n<div class=\"so-widget-sow-editor so-widget-sow-editor-base\">\n<div class=\"siteorigin-widget-tinymce textwidget\">\n<p style=\"text-align: center;\"><strong>Belgique<\/strong><\/p>\n<p style=\"text-align: center;\">Si le poids du panier est inf\u00e9rieur \u00e0 350 grammes, le co\u00fbt de la livraison sera de 7 \u20ac<br \/>\nSi le poids du panier est sup\u00e9rieur \u00e0 350 grammes, le co\u00fbt de la livraison sera de 10 \u20ac<\/p>\n<p>&nbsp;<\/p>\n<p style=\"text-align: center;\"><strong>Les zones hors-Belgique<\/strong><\/p>\n<p style=\"text-align: center;\">Si le poids du panier est inf\u00e9rieur \u00e0 350 grammes, le co\u00fbt de la livraison sera de 11 \u20ac<br \/>\nSi le poids du panier est sup\u00e9rieur \u00e0 350 grammes, le co\u00fbt de la livraison sera de 16 \u20ac<\/p>\n<p>&nbsp;<\/p>\n<p style=\"text-align: center;\"><strong>La livraison se fera par Bpost.<\/strong><\/p>\n<p style=\"text-align: center;\">Les pays qui seront inclus dans la livraison par Bpost sont :<\/p>\n<p style=\"text-align: center;\">Belgique, Allemagne, France, Luxembourg, Irlande du Nord,<br \/>\nIrlande, Pays-Bas, Autriche, Bulgarie, Chypre, Croatie,<br \/>\nDanemark, Espagne, Estonie, Finlande, Gr\u00e8ce,Hongrie,<br \/>\nItalie, Lettonie, Lituanie, Malte, Monaco, Portugal, Tch\u00e9quie,<br \/>\nRoumanie, Slovaquie, Slov\u00e9nie, Su\u00e8de, Albanie, Alg\u00e9rie,Andorre,<br \/>\nBi\u00e9lorussie, Bosnie-Herz\u00e9govine, Canaries (\u00eeles), Ceuta, Egypte,<br \/>\nF\u00e9ro\u00e9, G\u00e9orgie, Gilbraltar, Guernesey (\u00eeles de), Isra\u00ebl, Islande,<br \/>\nJersey (\u00eele de), Jordanie, Mac\u00e9doine, Man (\u00eele de), Maroc, M\u00e9lilla,<br \/>\nMoldavie, Mont\u00e9n\u00e9gro, Norv\u00e8ge, Russie, Saint-Marin, Suisse,<br \/>\nTunisie, Turquie, Ukraine,Vatican, Etat-Unis<\/p>\n<\/div>\n<\/div>\n<\/div>\n<\/div>\n<\/div>\n<\/div>\n<\/div>\n","protected":false},"excerpt":{"rendered":"<p>[siteorigin_widget class=\u00a0\u00bbSiteOrigin_Widget_Headline_Widget\u00a0\u00bb][\/siteorigin_widget] Belgique Si le poids du panier est inf\u00e9rieur \u00e0 350 grammes, le co\u00fbt de la livraison sera de 7 \u20ac Si le poids du panier est sup\u00e9rieur \u00e0 [&hellip;]<\/p>\n","protected":false},"author":1,"featured_media":9022,"parent":0,"menu_order":0,"comment_status":"closed","ping_status":"closed","template":"","meta":{"_et_pb_use_builder":"","_et_pb_old_content":"","_et_gb_content_width":"","footnotes":""},"class_list":["post-6211","page","type-page","status-publish","has-post-thumbnail","hentry"],"aioseo_notices":[],"_links":{"self":[{"href":"https:\/\/geniwal.be\/en\/wp-json\/wp\/v2\/pages\/6211","targetHints":{"allow":["GET"]}}],"collection":[{"href":"https:\/\/geniwal.be\/en\/wp-json\/wp\/v2\/pages"}],"about":[{"href":"https:\/\/geniwal.be\/en\/wp-json\/wp\/v2\/types\/page"}],"author":[{"embeddable":true,"href":"https:\/\/geniwal.be\/en\/wp-json\/wp\/v2\/users\/1"}],"replies":[{"embeddable":true,"href":"https:\/\/geniwal.be\/en\/wp-json\/wp\/v2\/comments?post=6211"}],"version-history":[{"count":0,"href":"https:\/\/geniwal.be\/en\/wp-json\/wp\/v2\/pages\/6211\/revisions"}],"wp:featuredmedia":[{"embeddable":true,"href":"https:\/\/geniwal.be\/en\/wp-json\/wp\/v2\/media\/9022"}],"wp:attachment":[{"href":"https:\/\/geniwal.be\/en\/wp-json\/wp\/v2\/media?parent=6211"}],"curies":[{"name":"wp","href":"https:\/\/api.w.org\/{rel}","templated":true}]}}