{"id":7167,"date":"2021-10-08T11:50:37","date_gmt":"2021-10-08T09:50:37","guid":{"rendered":"https:\/\/geniwal.be\/?page_id=7167"},"modified":"2024-10-01T14:03:24","modified_gmt":"2024-10-01T12:03:24","slug":"offrecotisation","status":"publish","type":"page","link":"https:\/\/geniwal.be\/en\/offrecotisation\/","title":{"rendered":"OfferContribution"},"content":{"rendered":"<div id=\"pl-7167\" class=\"panel-layout\">\n<div id=\"pg-7167-0\" class=\"panel-grid panel-no-style\" data-style=\"{&quot;background_image_attachment&quot;:false,&quot;background_display&quot;:&quot;tile&quot;,&quot;cell_alignment&quot;:&quot;flex-start&quot;,&quot;animation_event&quot;:&quot;enter&quot;,&quot;animation_screen_offset&quot;:&quot;0&quot;,&quot;animation_duration&quot;:&quot;1&quot;,&quot;animation_hide&quot;:true,&quot;animation_delay&quot;:&quot;0&quot;}\" data-ratio=\"1\" data-ratio-direction=\"right\">\n<div id=\"pgc-7167-0-0\" class=\"panel-grid-cell\" data-weight=\"1\"><\/div>\n<\/div>\n<div id=\"pg-7167-1\" class=\"panel-grid panel-no-style\" data-ratio=\"1\" data-ratio-direction=\"right\">\n<div id=\"pgc-7167-1-0\" class=\"panel-grid-cell\" data-weight=\"1\">\n<div id=\"panel-7167-1-0-0\" class=\"so-panel widget widget_sow-headline panel-first-child panel-last-child\" data-index=\"1\" data-style=\"{&quot;background_image_attachment&quot;:false,&quot;background_display&quot;:&quot;tile&quot;,&quot;so_cpt_readonly&quot;:&quot;&quot;,&quot;animation_event&quot;:&quot;enter&quot;,&quot;animation_screen_offset&quot;:&quot;0&quot;,&quot;animation_duration&quot;:&quot;1&quot;,&quot;animation_hide&quot;:true,&quot;animation_delay&quot;:&quot;0&quot;}\"><strong style=\"font-size: 14pt;\"><span style=\"font-family: arial, helvetica, sans-serif;\">Pour s&rsquo;inscrire, il suffit de compl\u00e9ter le Formulaire d&rsquo;inscription \/ Devenir membre G\u00e9ni<span style=\"color: #ff0000;\">W<\/span>al ci-dessous.<\/span><\/strong><\/div>\n<\/div>\n<\/div>\n<div id=\"pg-7167-2\" class=\"panel-grid panel-no-style\" data-style=\"{&quot;background_image_attachment&quot;:false,&quot;background_display&quot;:&quot;tile&quot;,&quot;cell_alignment&quot;:&quot;flex-start&quot;,&quot;animation_event&quot;:&quot;enter&quot;,&quot;animation_screen_offset&quot;:&quot;0&quot;,&quot;animation_duration&quot;:&quot;1&quot;,&quot;animation_hide&quot;:true,&quot;animation_delay&quot;:&quot;0&quot;}\" data-ratio=\"1\" data-ratio-direction=\"right\">\n<div id=\"pgc-7167-2-0\" class=\"panel-grid-cell\" data-weight=\"0.5\">\n<div id=\"panel-7167-2-0-0\" class=\"so-panel widget widget_sow-editor panel-first-child panel-last-child widgetopts-SO\" data-index=\"2\" data-style=\"{&quot;widget_css&quot;:&quot;font-family: arial;\\nbackground-color: white;\\npadding: 20px;&quot;,&quot;background_image_attachment&quot;:false,&quot;background_display&quot;:&quot;tile&quot;,&quot;so_cpt_readonly&quot;:&quot;&quot;,&quot;animation_event&quot;:&quot;enter&quot;,&quot;animation_screen_offset&quot;:&quot;0&quot;,&quot;animation_duration&quot;:&quot;1&quot;,&quot;animation_hide&quot;:true,&quot;animation_delay&quot;:&quot;0&quot;}\">\n<div class=\"panel-widget-style panel-widget-style-for-7167-2-0-0\">\n<div class=\"so-widget-sow-editor so-widget-sow-editor-base\">\n<div class=\"siteorigin-widget-tinymce textwidget\">\n<p style=\"text-align: left;\"><span style=\"font-family: arial, helvetica, sans-serif;\">All our memberships are valid for 1 year, from date to date.<\/span><\/p>\n<p style=\"text-align: left;\"><span style=\"font-family: arial, helvetica, sans-serif;\">We will send you your access code and password as soon as we receive your payment.<\/span><\/p>\n<p><span style=\"font-size: 14pt; color: #0000ff;\"><strong><span style=\"font-family: arial, helvetica, sans-serif;\"><a style=\"color: #0000ff;\" href=\"https:\/\/geniwal.be\/wp-content\/uploads\/2021\/06\/STATUT-GENIWAL.pdf\">STATUT GENIWAL<\/a><\/span><\/strong><\/span><br \/>\n<span style=\"color: #0000ff;\"><strong><span style=\"font-family: arial, helvetica, sans-serif; font-size: 14pt;\"><a style=\"color: #0000ff;\" href=\"https:\/\/geniwal.be\/wp-content\/uploads\/2021\/06\/ROI.pdf\">REGLEMENT ORDRE INTERIEUR<\/a><\/span><\/strong><\/span><\/p>\n<p>&nbsp;<\/p>\n<p style=\"text-align: left;\">\n<\/div>\n<\/div>\n<\/div>\n<\/div>\n<\/div>\n<div id=\"pgc-7167-2-1\" class=\"panel-grid-cell\" data-weight=\"0.5\">\n<div id=\"panel-7167-2-1-0\" class=\"so-panel widget widget_sow-editor panel-first-child panel-last-child widgetopts-SO\" data-index=\"3\" data-style=\"{&quot;widget_css&quot;:&quot;font-family: arial;\\nbackground-color: white;\\npadding: 20px;&quot;,&quot;background_image_attachment&quot;:false,&quot;background_display&quot;:&quot;tile&quot;,&quot;so_cpt_readonly&quot;:&quot;&quot;,&quot;animation_event&quot;:&quot;enter&quot;,&quot;animation_screen_offset&quot;:&quot;0&quot;,&quot;animation_duration&quot;:&quot;1&quot;,&quot;animation_hide&quot;:true,&quot;animation_delay&quot;:&quot;0&quot;}\">\n<div class=\"panel-widget-style panel-widget-style-for-7167-2-1-0\">\n<div class=\"so-widget-sow-editor so-widget-sow-editor-base\">\n<div class=\"siteorigin-widget-tinymce textwidget\">\n<p style=\"text-align: left;\"><b>Montants pour la Belgique :<\/b><\/p>\n<p style=\"text-align: left;\">Cotisation\u00a0 : <b>35\u20ac<\/b><\/p>\n<p style=\"text-align: left;\"><b>Montants pour l\u2019Union Europ\u00e9enne :<\/b><\/p>\n<p style=\"text-align: left;\">Cotisation\u00a0 : <b>35 \u20ac\u00a0<\/b><\/p>\n<p style=\"text-align: left;\">For other countries, please contact us:\u00a0<a href=\"mailto:geniwal@gmail.com\">geniwal@gmail.com<\/a>\u00a0or see the registration form.<\/p>\n<p style=\"text-align: left;\">Payment can be made either :<\/p>\n<ul>\n<li>by bank transfer: to our account IBAN: BE08 3401 8352 1513 - BIC: BBRUBEBB<br \/>\nfor Belgium and abroad,<\/li>\n<li>or to our account IBAN: FR76 1027 8088 5200 0203 5840 152 - BIC: CMCIFR2A<br \/>\nfor France.<\/li>\n<li>par ch\u00e8que (France) \u00e0 envoyer \u00e0 G\u00e9niWal, 10 Avenue Galil\u00e9e, 1300 WAVRE, Belgique<\/li>\n<li>via paypal (contact us :\u00a0<a href=\"mailto:geniwal@gmail.com\">geniwal@gmail.com<\/a>)<\/li>\n<\/ul>\n<p style=\"text-align: center;\">\n<\/div>\n<\/div>\n<\/div>\n<\/div>\n<\/div>\n<\/div>\n<div id=\"pg-7167-3\" class=\"panel-grid panel-no-style\" data-style=\"{&quot;background_image_attachment&quot;:false,&quot;background_display&quot;:&quot;tile&quot;,&quot;cell_alignment&quot;:&quot;flex-start&quot;,&quot;animation_event&quot;:&quot;enter&quot;,&quot;animation_screen_offset&quot;:&quot;0&quot;,&quot;animation_duration&quot;:&quot;1&quot;,&quot;animation_hide&quot;:true,&quot;animation_delay&quot;:&quot;0&quot;}\" data-ratio=\"1\" data-ratio-direction=\"right\">\n<div id=\"pgc-7167-3-0\" class=\"panel-grid-cell panel-grid-cell-empty\" data-weight=\"0.02020202020202\"><\/div>\n<div id=\"pgc-7167-3-1\" class=\"panel-grid-cell panel-grid-cell-mobile-last\" data-weight=\"0.95959595959596\">\n<div id=\"panel-7167-3-1-0\" class=\"so-panel widget widget_sow-editor panel-first-child panel-last-child widgetopts-SO\" data-index=\"4\" data-style=\"{&quot;background_image_attachment&quot;:false,&quot;background_display&quot;:&quot;tile&quot;,&quot;so_cpt_readonly&quot;:&quot;&quot;,&quot;animation_event&quot;:&quot;enter&quot;,&quot;animation_screen_offset&quot;:&quot;0&quot;,&quot;animation_duration&quot;:&quot;1&quot;,&quot;animation_hide&quot;:true,&quot;animation_delay&quot;:&quot;0&quot;}\">\n<div class=\"so-widget-sow-editor so-widget-sow-editor-base\">\n<div class=\"siteorigin-widget-tinymce textwidget\">\n<div style=\"padding: 10px; color: darkred; font-size: 20px;\"><center><br \/>\n<span style=\"font-family: arial, helvetica, sans-serif;\"><span style=\"font-family: arial, helvetica, sans-serif;\"><br \/>\n<strong>Please note! Don't forget to fill in the \"Anti-Spam\" field and the fields marked with an *.<\/strong><\/span><\/span>If this is not the case, during validation, the form will refuse to save and the fields in red will have to be filled in.<\/p>\n<p><span style=\"font-family: arial, helvetica, sans-serif;\"><br \/>\n<\/span><\/center><\/div>\n<\/div>\n<\/div>\n<\/div>\n<\/div>\n<div id=\"pgc-7167-3-2\" class=\"panel-grid-cell panel-grid-cell-empty\" data-style=\"{&quot;background_image_attachment&quot;:false,&quot;background_display&quot;:&quot;tile&quot;,&quot;vertical_alignment&quot;:&quot;auto&quot;,&quot;animation_event&quot;:&quot;enter&quot;,&quot;animation_screen_offset&quot;:&quot;0&quot;,&quot;animation_duration&quot;:&quot;1&quot;,&quot;animation_hide&quot;:true,&quot;animation_delay&quot;:&quot;0&quot;}\" data-weight=\"0.02020202020202\"><\/div>\n<\/div>\n<div id=\"pg-7167-4\" class=\"panel-grid panel-no-style\" data-style=\"{&quot;background_image_attachment&quot;:false,&quot;background_display&quot;:&quot;tile&quot;,&quot;cell_alignment&quot;:&quot;flex-start&quot;,&quot;animation_event&quot;:&quot;enter&quot;,&quot;animation_screen_offset&quot;:&quot;0&quot;,&quot;animation_duration&quot;:&quot;1&quot;,&quot;animation_hide&quot;:true,&quot;animation_delay&quot;:&quot;0&quot;}\" data-ratio=\"1\" data-ratio-direction=\"right\">\n<div id=\"pgc-7167-4-0\" class=\"panel-grid-cell\" data-style=\"{&quot;cell_css&quot;:&quot;height:100%;&quot;,&quot;background_image_attachment&quot;:false,&quot;background_display&quot;:&quot;tile&quot;,&quot;vertical_alignment&quot;:&quot;auto&quot;,&quot;animation_event&quot;:&quot;enter&quot;,&quot;animation_screen_offset&quot;:&quot;0&quot;,&quot;animation_duration&quot;:&quot;1&quot;,&quot;animation_hide&quot;:true,&quot;animation_delay&quot;:&quot;0&quot;}\" data-weight=\"1\">\n<div class=\"panel-cell-style panel-cell-style-for-7167-4-0\">\n<div id=\"panel-7167-4-0-0\" class=\"so-panel widget widget_sow-editor panel-first-child panel-last-child widgetopts-SO\" data-index=\"5\" data-style=\"{&quot;background_image_attachment&quot;:false,&quot;background_display&quot;:&quot;tile&quot;,&quot;so_cpt_readonly&quot;:&quot;&quot;,&quot;animation_event&quot;:&quot;enter&quot;,&quot;animation_screen_offset&quot;:&quot;0&quot;,&quot;animation_duration&quot;:&quot;1&quot;,&quot;animation_hide&quot;:true,&quot;animation_delay&quot;:&quot;0&quot;}\">\n<div class=\"so-widget-sow-editor so-widget-sow-editor-base\">\n<div class=\"siteorigin-widget-tinymce textwidget\"><\/div>\n<\/div>\n<\/div>\n<\/div>\n<\/div>\n<\/div>\n<div id=\"pg-7167-5\" class=\"panel-grid panel-no-style\" data-style=\"{&quot;background_image_attachment&quot;:false,&quot;background_display&quot;:&quot;tile&quot;,&quot;cell_alignment&quot;:&quot;flex-start&quot;,&quot;animation_event&quot;:&quot;enter&quot;,&quot;animation_screen_offset&quot;:&quot;0&quot;,&quot;animation_duration&quot;:&quot;1&quot;,&quot;animation_hide&quot;:true,&quot;animation_delay&quot;:&quot;0&quot;}\" data-ratio=\"1\" data-ratio-direction=\"right\">\n<div id=\"pgc-7167-5-0\" class=\"panel-grid-cell\" data-weight=\"1\">\n<div id=\"panel-7167-5-0-0\" class=\"so-panel widget widget_sow-button panel-first-child panel-last-child widgetopts-SO\" data-index=\"6\" data-style=\"{&quot;background_image_attachment&quot;:false,&quot;background_display&quot;:&quot;tile&quot;,&quot;so_cpt_readonly&quot;:&quot;&quot;,&quot;animation_event&quot;:&quot;enter&quot;,&quot;animation_screen_offset&quot;:&quot;0&quot;,&quot;animation_duration&quot;:&quot;1&quot;,&quot;animation_hide&quot;:true,&quot;animation_delay&quot;:&quot;0&quot;}\"><\/div>\n<\/div>\n<\/div>\n<\/div>","protected":false},"excerpt":{"rendered":"<p>Pour s&rsquo;inscrire, il suffit de compl\u00e9ter le Formulaire d&rsquo;inscription \/ Devenir membre G\u00e9niWal ci-dessous. Toutes nos adh\u00e9sion sont valables 1 an, de date \u00e0 date. Nous vous enverrons vos code [&hellip;]<\/p>\n","protected":false},"author":2,"featured_media":9022,"parent":0,"menu_order":0,"comment_status":"closed","ping_status":"closed","template":"","meta":{"_et_pb_use_builder":"","_et_pb_old_content":"","_et_gb_content_width":"","footnotes":""},"class_list":["post-7167","page","type-page","status-publish","has-post-thumbnail","hentry"],"aioseo_notices":[],"_links":{"self":[{"href":"https:\/\/geniwal.be\/en\/wp-json\/wp\/v2\/pages\/7167","targetHints":{"allow":["GET"]}}],"collection":[{"href":"https:\/\/geniwal.be\/en\/wp-json\/wp\/v2\/pages"}],"about":[{"href":"https:\/\/geniwal.be\/en\/wp-json\/wp\/v2\/types\/page"}],"author":[{"embeddable":true,"href":"https:\/\/geniwal.be\/en\/wp-json\/wp\/v2\/users\/2"}],"replies":[{"embeddable":true,"href":"https:\/\/geniwal.be\/en\/wp-json\/wp\/v2\/comments?post=7167"}],"version-history":[{"count":4,"href":"https:\/\/geniwal.be\/en\/wp-json\/wp\/v2\/pages\/7167\/revisions"}],"predecessor-version":[{"id":227067,"href":"https:\/\/geniwal.be\/en\/wp-json\/wp\/v2\/pages\/7167\/revisions\/227067"}],"wp:featuredmedia":[{"embeddable":true,"href":"https:\/\/geniwal.be\/en\/wp-json\/wp\/v2\/media\/9022"}],"wp:attachment":[{"href":"https:\/\/geniwal.be\/en\/wp-json\/wp\/v2\/media?parent=7167"}],"curies":[{"name":"wp","href":"https:\/\/api.w.org\/{rel}","templated":true}]}}