{"id":5088,"date":"2020-12-16T14:20:18","date_gmt":"2020-12-16T13:20:18","guid":{"rendered":"https:\/\/geniwal.be\/?post_type=product&#038;p=5088"},"modified":"2025-03-01T21:38:50","modified_gmt":"2025-03-01T20:38:50","slug":"generama","status":"publish","type":"product","link":"https:\/\/geniwal.be\/en\/boutique\/arbres\/generama\/","title":{"rendered":"G\u00e9n\u00e9rama"},"content":{"rendered":"<p>G\u00e9n\u00e9rama is the only complete and compact 10-generation family tree that you can complete yourself. It opens like a book, revealing the oldest generations on the top pages (patented system).<\/p>\n<p>The G\u00e9n\u00e9rama allows you to present 1023 people (i.e. 10 complete generations).<\/p>\n<p>All the cells can be read horizontally, allowing you to write the relevant information legibly (for all ancestors: surname, first name, dates and places of birth, marriage and death).<\/p>\n<p>Pied de l&rsquo;arbre (g\u00e9n\u00e9ration 1 \u00e0 4) Pied de l&rsquo;arbre (g\u00e9n\u00e9ration 1 \u00e0 4)<\/p>\n<p>With its laminated cover and top-of-the-range paper, G\u00e9n\u00e9rama is an excellent way of preserving the results of lengthy genealogical research. Foldable, it is easy to store in a bookcase and transport.<\/p>\n<p>Thanks to its extensions (sold separately), the G\u00e9n\u00e9rama can be extended by 5 additional generations on the branches of your choice (you can therefore go up to 15 generations). The extensions can be positioned freely on top of the Generama (they are not fixed).<\/p>\n<p><strong>Practical information :<\/strong><br \/>\nCompact: 10 g\u00e9n\u00e9rations sur un support de moins d&rsquo;1 m2<br \/>\nEasy to transport and store<br \/>\nUne lecture horizontale jusqu&rsquo;\u00e0 la 10\u00e8me g\u00e9n\u00e9ration<br \/>\nFastened with brads to remove or add pages as required<\/p>\n<p><strong>Complete :<\/strong><br \/>\n10 whole generations with paternal and maternal branches<br \/>\nEnter the surnames and forenames, dates or places of birth or death for each of the 1023 ancestors represented.<br \/>\nAn entry box for the date and place of marriage of each couple<\/p>\n<p><strong>Aesthetics :<\/strong><br \/>\nOriginal artistic creation<br \/>\nIllustration d&rsquo;un ch\u00eane centenaire<br \/>\nLaminated imitation leather cover<\/p>\n<p>Avertissement: le G\u00e9n\u00e9rama est brevet\u00e9 (d\u00e9p\u00f4t \u00e0 l&rsquo;INPI). Reproduction interdite.<\/p>","protected":false},"excerpt":{"rendered":"<p><strong>Product reference: 704002<\/strong><\/p>\n<p><b style=\"color: #ff0000;\">Quantit\u00e9 maximum par commande : 2<\/b><\/p>\n<p><strong>How to order:<\/strong><\/p>\n<p>Directly from the supplier - payment by credit card, bank transfer or Paypal<\/p>\n<p>Non membre prix public : (voir bon de commande en ligne) :<\/p>\n<p>50 le pack G\u00e9n\u00e9rama + 6 extensions (15 g\u00e9n\u00e9rations)<br \/>\n120 \u20ac le G\u00e9n\u00e9rama Imprim\u00e9 avec le g\u00e9n\u00e9alogie du client<\/p>\n<p>Membre prix sp\u00e9cial adh\u00e9rents (voir bon de commande en ligne) :<\/p>\n<p>39 le pack G\u00e9n\u00e9rama + 6 extensions (15 g\u00e9n\u00e9rations)<br \/>\n100 \u20ac le G\u00e9n\u00e9rama Imprim\u00e9 avec le g\u00e9n\u00e9alogie du client<\/p>","protected":false},"featured_media":5090,"comment_status":"closed","ping_status":"closed","template":"","meta":{"_et_pb_use_builder":"","_et_pb_old_content":"","_et_gb_content_width":""},"product_brand":[],"product_cat":[109],"product_tag":[237],"class_list":{"0":"post-5088","1":"product","2":"type-product","3":"status-publish","4":"has-post-thumbnail","6":"product_cat-arbres","7":"product_tag-arbre-generama","9":"first","10":"instock","11":"taxable","12":"shipping-taxable","13":"purchasable","14":"product-type-simple"},"aioseo_notices":[],"_links":{"self":[{"href":"https:\/\/geniwal.be\/en\/wp-json\/wp\/v2\/product\/5088","targetHints":{"allow":["GET"]}}],"collection":[{"href":"https:\/\/geniwal.be\/en\/wp-json\/wp\/v2\/product"}],"about":[{"href":"https:\/\/geniwal.be\/en\/wp-json\/wp\/v2\/types\/product"}],"replies":[{"embeddable":true,"href":"https:\/\/geniwal.be\/en\/wp-json\/wp\/v2\/comments?post=5088"}],"wp:featuredmedia":[{"embeddable":true,"href":"https:\/\/geniwal.be\/en\/wp-json\/wp\/v2\/media\/5090"}],"wp:attachment":[{"href":"https:\/\/geniwal.be\/en\/wp-json\/wp\/v2\/media?parent=5088"}],"wp:term":[{"taxonomy":"product_brand","embeddable":true,"href":"https:\/\/geniwal.be\/en\/wp-json\/wp\/v2\/product_brand?post=5088"},{"taxonomy":"product_cat","embeddable":true,"href":"https:\/\/geniwal.be\/en\/wp-json\/wp\/v2\/product_cat?post=5088"},{"taxonomy":"product_tag","embeddable":true,"href":"https:\/\/geniwal.be\/en\/wp-json\/wp\/v2\/product_tag?post=5088"}],"curies":[{"name":"wp","href":"https:\/\/api.w.org\/{rel}","templated":true}]}}