{"id":5968,"date":"2020-05-10T14:48:19","date_gmt":"2020-05-10T12:48:19","guid":{"rendered":"https:\/\/geniwal.be\/?post_type=product&#038;p=5968"},"modified":"2025-03-01T21:40:59","modified_gmt":"2025-03-01T20:40:59","slug":"papy-mamie-raconte-moi-tes-souvenirs","status":"publish","type":"product","link":"https:\/\/geniwal.be\/en\/boutique\/guides\/papy-mamie-raconte-moi-tes-souvenirs\/","title":{"rendered":"Granddad! Granny! Tell me what you remember!"},"content":{"rendered":"<p><strong>SUMMARY <\/strong><\/p>\n<p>Me: \"Living without television, tablets or computers? Is that impossible?<\/p>\n<p>But Grandma and Grandpa didn't have any when they were my age.<\/p>\n<p>So what did they do? They're grown up, but they went to school too.<\/p>\n<p>Laquelle ? \u00c9taient-ils sages ou diablotins ?&#8230; Et leur famille ?<\/p>\n<p>Did they know their grandparents? Their great-grandparents?<\/p>\n<p>Et qui \u00e9tait leur cousin pr\u00e9f\u00e9r\u00e9 ?&#8230; \u00bb<\/p>\n<p>Grandma or Grandpa: \"The family, our childhood school, our jobs,<\/p>\n<p>Everyday life in the past... So many subjects that are still fresh in our minds but that we don't know how to tell the younger generation. So where do we start?<\/p>\n<p>How to turn our memories into a fun way of sharing them<\/p>\n<p>avec nos petits-enfants ?&#8230; \u00bb<\/p>\n<p>Questions that fly, answers that engage the exchange, friezes<\/p>\n<p>chronological timelines and information to get people thinking, games to complete together at the weekend or during the holidays...<\/p>\n<p><strong>AUTHOR<\/strong><\/p>\n<p>Sophie Bunel is a school teacher who has put her teaching skills, experience of working with children from all walks of life and knowledge of genealogy and the life stories of the elderly to good use in encouraging dialogue between grandparents and grandchildren. A lovely activity book to share with the whole family!<\/p>","protected":false},"excerpt":{"rendered":"<p>R\u00e9f\u00e9rence : 701029<br \/>\nUGS : 9782350773001<br \/>\n32 pages \/ 22 x 28 cm \/ 1 arbre g\u00e9n\u00e9alogique d\u00e9tachable \u00e0 remplir<br \/>\n<b style=\"color: #ff0000;\">Delivery time 10 days from receipt of payment<br \/>\nQuantit\u00e9 maximum par commande : 3<br \/>\n<\/b><\/p>\n<form class=\"cart\" action=\"https:\/\/geniwal.be\/en\/produit\/retracer-lhistoire-de-sa-commune\/\" enctype=\"multipart\/form-data\" method=\"post\" data-trp-original-action=\"https:\/\/geniwal.be\/produit\/retracer-lhistoire-de-sa-commune\/\">\n<div class=\"quantity buttons_added\"><\/div>\n<input type=\"hidden\" name=\"trp-form-language\" value=\"en\"\/><\/form>","protected":false},"featured_media":5956,"comment_status":"closed","ping_status":"closed","template":"","meta":{"_et_pb_use_builder":"","_et_pb_old_content":"","_et_gb_content_width":""},"product_brand":[],"product_cat":[112],"product_tag":[],"class_list":{"0":"post-5968","1":"product","2":"type-product","3":"status-publish","4":"has-post-thumbnail","6":"product_cat-guides","8":"first","9":"instock","10":"taxable","11":"shipping-taxable","12":"purchasable","13":"product-type-simple"},"aioseo_notices":[],"_links":{"self":[{"href":"https:\/\/geniwal.be\/en\/wp-json\/wp\/v2\/product\/5968","targetHints":{"allow":["GET"]}}],"collection":[{"href":"https:\/\/geniwal.be\/en\/wp-json\/wp\/v2\/product"}],"about":[{"href":"https:\/\/geniwal.be\/en\/wp-json\/wp\/v2\/types\/product"}],"replies":[{"embeddable":true,"href":"https:\/\/geniwal.be\/en\/wp-json\/wp\/v2\/comments?post=5968"}],"wp:featuredmedia":[{"embeddable":true,"href":"https:\/\/geniwal.be\/en\/wp-json\/wp\/v2\/media\/5956"}],"wp:attachment":[{"href":"https:\/\/geniwal.be\/en\/wp-json\/wp\/v2\/media?parent=5968"}],"wp:term":[{"taxonomy":"product_brand","embeddable":true,"href":"https:\/\/geniwal.be\/en\/wp-json\/wp\/v2\/product_brand?post=5968"},{"taxonomy":"product_cat","embeddable":true,"href":"https:\/\/geniwal.be\/en\/wp-json\/wp\/v2\/product_cat?post=5968"},{"taxonomy":"product_tag","embeddable":true,"href":"https:\/\/geniwal.be\/en\/wp-json\/wp\/v2\/product_tag?post=5968"}],"curies":[{"name":"wp","href":"https:\/\/api.w.org\/{rel}","templated":true}]}}