{"id":5976,"date":"2020-05-10T15:09:06","date_gmt":"2020-05-10T13:09:06","guid":{"rendered":"https:\/\/geniwal.be\/?post_type=product&#038;p=5976"},"modified":"2022-03-05T08:13:19","modified_gmt":"2022-03-05T07:13:19","slug":"raconter-son-histoire-familiale","status":"publish","type":"product","link":"https:\/\/geniwal.be\/en\/boutique\/guides\/raconter-son-histoire-familiale\/","title":{"rendered":"Telling your family story"},"content":{"rendered":"<p><strong>SUMMARY<\/strong><\/p>\n<p>Telling is all about sharing. There's no point in telling your story if no one will listen. Telling is as much about saying what you did yesterday as it is about explaining what the family was like 250 years ago. Telling is about conveying a story, emotions and a certain style. Telling is as much about writing and weaving a story over months as it is about letting your memories flow at a family meal. Telling is about informing, disseminating and passing on a story, whether it's a need to be satisfied or a duty to be fulfilled... Telling is sometimes about letting the images speak for themselves, when words are too hard to say or you just won't be believed. To tell the story is to give the gift of your memory, which is by its very nature ephemeral. Inspired by numerous encounters and testimonies, this guide will help those whose idea of writing a family history has been germinating in a corner of their mind for a long time, as well as those whose project has already begun or is faltering. It aims to give ideas to those who are short of them, reassure those who are doubtful, guide those for whom it is \"the first time they have done this\"... starting from the idea that all stories deserve to be told, from the longest to the shortest, from the most beautiful to the most troubled. What those who have done it all have in common is the joy of having achieved something unique and of having received in return, from those close to them, much more than they had hoped for.<\/p>\n<p><strong>AUTHOR<\/strong><\/p>\n<p>Gwen Guidou : dipl\u00f4m\u00e9e en gestion de projets, elle a mis son exp\u00e9rience de g\u00e9n\u00e9alogiste, son sens de l&rsquo;\u00e9coute et son go\u00fbt pour les arts graphiques au service des r\u00e9cits de famille, qu&rsquo;ils couvrent un ou plusieurs si\u00e8cles. Elle leur r\u00e9alisation, de la retranscription d\u2019interviews, de manuscrits, de correspondances ou de carnets de voyages, \u00e0 la r\u00e9alisation d\u2019un livre \u00e0 petit tirage destin\u00e9 aux proches. Elle a cr\u00e9\u00e9 le site www.brinsdhistoires.com.<\/p>","protected":false},"excerpt":{"rendered":"<p>R\u00e9f\u00e9rence : 701028<br \/>\nUGS : 978-2-35077-258-5<br \/>\n80 pages broch\u00e9es tout en couleur \/ format : 17 x 24 cm<br \/>\n<b style=\"color: #ff0000;\">Delivery time 10 days from receipt of payment<br \/>\nQuantit\u00e9 maximum par commande : 3<br \/>\n<\/b><\/p>\n<form class=\"cart\" action=\"https:\/\/geniwal.be\/en\/produit\/retracer-lhistoire-de-sa-commune\/\" enctype=\"multipart\/form-data\" method=\"post\" data-trp-original-action=\"https:\/\/geniwal.be\/produit\/retracer-lhistoire-de-sa-commune\/\">\n<div class=\"quantity buttons_added\"><\/div>\n<input type=\"hidden\" name=\"trp-form-language\" value=\"en\"\/><\/form>","protected":false},"featured_media":5961,"comment_status":"closed","ping_status":"closed","template":"","meta":{"_et_pb_use_builder":"","_et_pb_old_content":"","_et_gb_content_width":""},"product_brand":[],"product_cat":[112],"product_tag":[],"class_list":{"0":"post-5976","1":"product","2":"type-product","3":"status-publish","4":"has-post-thumbnail","6":"product_cat-guides","8":"first","9":"outofstock","10":"taxable","11":"shipping-taxable","12":"purchasable","13":"product-type-simple"},"aioseo_notices":[],"_links":{"self":[{"href":"https:\/\/geniwal.be\/en\/wp-json\/wp\/v2\/product\/5976","targetHints":{"allow":["GET"]}}],"collection":[{"href":"https:\/\/geniwal.be\/en\/wp-json\/wp\/v2\/product"}],"about":[{"href":"https:\/\/geniwal.be\/en\/wp-json\/wp\/v2\/types\/product"}],"replies":[{"embeddable":true,"href":"https:\/\/geniwal.be\/en\/wp-json\/wp\/v2\/comments?post=5976"}],"wp:featuredmedia":[{"embeddable":true,"href":"https:\/\/geniwal.be\/en\/wp-json\/wp\/v2\/media\/5961"}],"wp:attachment":[{"href":"https:\/\/geniwal.be\/en\/wp-json\/wp\/v2\/media?parent=5976"}],"wp:term":[{"taxonomy":"product_brand","embeddable":true,"href":"https:\/\/geniwal.be\/en\/wp-json\/wp\/v2\/product_brand?post=5976"},{"taxonomy":"product_cat","embeddable":true,"href":"https:\/\/geniwal.be\/en\/wp-json\/wp\/v2\/product_cat?post=5976"},{"taxonomy":"product_tag","embeddable":true,"href":"https:\/\/geniwal.be\/en\/wp-json\/wp\/v2\/product_tag?post=5976"}],"curies":[{"name":"wp","href":"https:\/\/api.w.org\/{rel}","templated":true}]}}