{"id":5991,"date":"2020-05-11T02:53:12","date_gmt":"2020-05-11T00:53:12","guid":{"rendered":"https:\/\/geniwal.be\/?post_type=product&#038;p=5991"},"modified":"2022-09-09T22:18:58","modified_gmt":"2022-09-09T20:18:58","slug":"genealogies-bourgeoises-de-mons-belgique","status":"publish","type":"product","link":"https:\/\/geniwal.be\/en\/boutique\/cd-de-recherches\/genealogies-bourgeoises-de-mons-belgique\/","title":{"rendered":"Bourgeois genealogies from Mons (Belgium)"},"content":{"rendered":"<p><b>SUMMARY<\/b><\/p>\n<p>Retranscription int\u00e9grale du manuscrit de 1735 des g\u00e9n\u00e9alogies bourgeoises de Mons (selon un document conserv\u00e9 aux Archives de l&rsquo;\u00c9tat).<\/p>\n<p>Ce CD-Rom constitue la r\u00e9\u00e9dition d&rsquo;une version imprim\u00e9e (1992-1998), la retranscription \u00e9tant de Jacques Duhamel (t) et Guy Magdonelle.<\/p>\n<p>L&rsquo;exploitation de ce CD-Rom n\u00e9cessite l&rsquo;installation sur votre ordinateur de Adobe Acrobat Reader\u00ae. Pour d\u00e9marrer la lecture du document, cliquez sur le fichier\u00ab G\u00e9n\u00e9alogies bourgeoises de Mons.pdf \u00bb<\/p>\n<p><strong>AUTHOR<\/strong><\/p>\n<p>Ce CD-Rom est co\u00e9dit\u00e9 par Les Sources (SGHPN, France) et G\u00e9niWal (Belgique) Toute reproduction de ce CR-Rom est interdite sans l&rsquo;autorisation des \u00e9diteurs.<\/p>","protected":false},"excerpt":{"rendered":"<p>Copyright G\u00e9niwal a.s.b.l<br \/>\nCD \/ format 12 x 14 cm<br \/>\n<b style=\"color: #ff0000;\">Delivery time 10 days from receipt of payment<\/b><\/p>\n<form class=\"cart\" action=\"https:\/\/geniwal.be\/en\/produit\/retracer-lhistoire-de-sa-commune\/\" enctype=\"multipart\/form-data\" method=\"post\" data-trp-original-action=\"https:\/\/geniwal.be\/produit\/retracer-lhistoire-de-sa-commune\/\">\n<div class=\"quantity buttons_added\"><\/div>\n<input type=\"hidden\" name=\"trp-form-language\" value=\"en\"\/><\/form>","protected":false},"featured_media":5983,"comment_status":"closed","ping_status":"closed","template":"","meta":{"_et_pb_use_builder":"","_et_pb_old_content":"","_et_gb_content_width":""},"product_brand":[],"product_cat":[110],"product_tag":[],"class_list":{"0":"post-5991","1":"product","2":"type-product","3":"status-publish","4":"has-post-thumbnail","6":"product_cat-cd-de-recherches","8":"first","9":"outofstock","10":"taxable","11":"shipping-taxable","12":"purchasable","13":"product-type-simple"},"aioseo_notices":[],"_links":{"self":[{"href":"https:\/\/geniwal.be\/en\/wp-json\/wp\/v2\/product\/5991","targetHints":{"allow":["GET"]}}],"collection":[{"href":"https:\/\/geniwal.be\/en\/wp-json\/wp\/v2\/product"}],"about":[{"href":"https:\/\/geniwal.be\/en\/wp-json\/wp\/v2\/types\/product"}],"replies":[{"embeddable":true,"href":"https:\/\/geniwal.be\/en\/wp-json\/wp\/v2\/comments?post=5991"}],"wp:featuredmedia":[{"embeddable":true,"href":"https:\/\/geniwal.be\/en\/wp-json\/wp\/v2\/media\/5983"}],"wp:attachment":[{"href":"https:\/\/geniwal.be\/en\/wp-json\/wp\/v2\/media?parent=5991"}],"wp:term":[{"taxonomy":"product_brand","embeddable":true,"href":"https:\/\/geniwal.be\/en\/wp-json\/wp\/v2\/product_brand?post=5991"},{"taxonomy":"product_cat","embeddable":true,"href":"https:\/\/geniwal.be\/en\/wp-json\/wp\/v2\/product_cat?post=5991"},{"taxonomy":"product_tag","embeddable":true,"href":"https:\/\/geniwal.be\/en\/wp-json\/wp\/v2\/product_tag?post=5991"}],"curies":[{"name":"wp","href":"https:\/\/api.w.org\/{rel}","templated":true}]}}