{"id":8377,"date":"2022-03-10T18:30:02","date_gmt":"2022-03-10T17:30:02","guid":{"rendered":"https:\/\/geniwal.be\/?post_type=product&#038;p=8377"},"modified":"2025-11-02T22:38:01","modified_gmt":"2025-11-02T21:38:01","slug":"petit-manuel-de-paleographie","status":"publish","type":"product","link":"https:\/\/geniwal.be\/en\/boutique\/guides\/petit-manuel-de-paleographie\/","title":{"rendered":"SMALL PALEOGRAPHY MANUAL"},"content":{"rendered":"<p><b>SUMMARY<\/b><\/p>\n<p style=\"font-weight: 400;\">Palaeography is the science of ancient writing.<br \/>\nIts aim is to decipher the writings of the 19th century.<br \/>\nIts field extends to all kinds of documents written in the past, such as pottery fragments, wax tablets on durable materials (epigraphy), papyrus (hieroglyphics), parchment, coins (numismatics), seals (sigillography), manuscripts (codicology) and, for us genealogists, the study of ancient deeds in Latin from the 15th century onwards, the period at which we can hope to trace ancestors.<br \/>\nThe term tends to be restricted to the study of \"manuscript books\" and documents collected in large libraries and archives. The subject is so vast that this book will only present the most common uses encountered in the course of our genealogical research.<\/p>\n<p><strong>AUTHOR<\/strong><\/p>\n<p>Yves Heraly. He was born in 1948 in L\u00e9opoldville (now Kinshasa) in the Democratic Republic of Congo. In 1990 he began researching the Heraly family genealogy, which originated in Walloon Brabant. Former treasurer of the Cercle d'histoire, d'arch\u00e9ologie et de g\u00e9n\u00e9alogie de Wavre et du Brabant Wallon. In 1998 he founded the G\u00e9niWal association (G\u00e9n\u00e9alogie Wallonie Informatique), of which he is chairman.<\/p>","protected":false},"excerpt":{"rendered":"<p>Reference : -<\/p>\n<p>Do you have old deeds to read? Then this palaeography handbook is just what you need.<br \/>\nIl contient en outre des exemples de lettres et chiffres, mais \u00e9galement la traduction de pr\u00e9noms et de vieux m\u00e9tiers (latin &#8211; fran\u00e7ais &#8211; N\u00e9erlandais)<\/p>\n<p>44 bound pages \/ format 148 x 210 cm<br \/>\n<b style=\"color: #ff0000;\">Delivery time 10 days from receipt of payment<br \/>\nMaximum quantity per order: 6<br \/>\n<\/b><\/p>\n<form class=\"cart\" action=\"https:\/\/geniwal.be\/en\/produit\/retracer-lhistoire-de-sa-commune\/\" enctype=\"multipart\/form-data\" method=\"post\" data-trp-original-action=\"https:\/\/geniwal.be\/produit\/retracer-lhistoire-de-sa-commune\/\">\n<div class=\"quantity buttons_added\"><\/div>\n<input type=\"hidden\" name=\"trp-form-language\" value=\"en\"\/><\/form>","protected":false},"featured_media":8379,"comment_status":"closed","ping_status":"closed","template":"","meta":{"_et_pb_use_builder":"","_et_pb_old_content":"","_et_gb_content_width":""},"product_brand":[],"product_cat":[112],"product_tag":[],"class_list":{"0":"post-8377","1":"product","2":"type-product","3":"status-publish","4":"has-post-thumbnail","6":"product_cat-guides","8":"first","9":"instock","10":"taxable","11":"shipping-taxable","12":"purchasable","13":"product-type-simple"},"aioseo_notices":[],"_links":{"self":[{"href":"https:\/\/geniwal.be\/en\/wp-json\/wp\/v2\/product\/8377","targetHints":{"allow":["GET"]}}],"collection":[{"href":"https:\/\/geniwal.be\/en\/wp-json\/wp\/v2\/product"}],"about":[{"href":"https:\/\/geniwal.be\/en\/wp-json\/wp\/v2\/types\/product"}],"replies":[{"embeddable":true,"href":"https:\/\/geniwal.be\/en\/wp-json\/wp\/v2\/comments?post=8377"}],"wp:featuredmedia":[{"embeddable":true,"href":"https:\/\/geniwal.be\/en\/wp-json\/wp\/v2\/media\/8379"}],"wp:attachment":[{"href":"https:\/\/geniwal.be\/en\/wp-json\/wp\/v2\/media?parent=8377"}],"wp:term":[{"taxonomy":"product_brand","embeddable":true,"href":"https:\/\/geniwal.be\/en\/wp-json\/wp\/v2\/product_brand?post=8377"},{"taxonomy":"product_cat","embeddable":true,"href":"https:\/\/geniwal.be\/en\/wp-json\/wp\/v2\/product_cat?post=8377"},{"taxonomy":"product_tag","embeddable":true,"href":"https:\/\/geniwal.be\/en\/wp-json\/wp\/v2\/product_tag?post=8377"}],"curies":[{"name":"wp","href":"https:\/\/api.w.org\/{rel}","templated":true}]}}