{"id":5088,"date":"2020-12-16T14:20:18","date_gmt":"2020-12-16T13:20:18","guid":{"rendered":"https:\/\/geniwal.be\/?post_type=product&#038;p=5088"},"modified":"2025-03-01T21:38:50","modified_gmt":"2025-03-01T20:38:50","slug":"generama","status":"publish","type":"product","link":"https:\/\/geniwal.be\/es\/boutique\/arbres\/generama\/","title":{"rendered":"G\u00e9n\u00e9rama"},"content":{"rendered":"<p>G\u00e9n\u00e9rama es el \u00fanico \u00e1rbol geneal\u00f3gico completo y compacto de 10 generaciones que puede completar usted mismo. Se abre como un libro, revelando las generaciones m\u00e1s antiguas en las p\u00e1ginas superiores (sistema patentado).<\/p>\n<p>El G\u00e9n\u00e9rama permite presentar 1023 personas (es decir, 10 generaciones completas).<\/p>\n<p>Todas las celdas pueden leerse horizontalmente, lo que permite escribir la informaci\u00f3n pertinente de forma legible (para todos los antepasados: apellidos, nombre, fechas y lugares de nacimiento, matrimonio y defunci\u00f3n).<\/p>\n<p>Pied de l&rsquo;arbre (g\u00e9n\u00e9ration 1 \u00e0 4) Pied de l&rsquo;arbre (g\u00e9n\u00e9ration 1 \u00e0 4)<\/p>\n<p>Con su cubierta plastificada y su papel de alta calidad, Generama es un excelente medio para conservar los resultados de largas investigaciones geneal\u00f3gicas. Plegable, es f\u00e1cil de guardar en una estanter\u00eda y de transportar.<\/p>\n<p>Gracias a sus extensiones (se venden por separado), el G\u00e9n\u00e9rama puede ampliarse en 5 generaciones suplementarias en las ramas de su elecci\u00f3n (puede llegar as\u00ed hasta 15 generaciones). Las extensiones pueden colocarse libremente encima del G\u00e9n\u00e9rama (no son fijas).<\/p>\n<p><strong>Informaci\u00f3n pr\u00e1ctica :<\/strong><br \/>\nCompact: 10 g\u00e9n\u00e9rations sur un support de moins d&rsquo;1 m2<br \/>\nF\u00e1cil de transportar y almacenar<br \/>\nUne lecture horizontale jusqu&rsquo;\u00e0 la 10\u00e8me g\u00e9n\u00e9ration<br \/>\nSe sujeta con brads para quitar o a\u00f1adir p\u00e1ginas seg\u00fan sea necesario<\/p>\n<p><strong>Completo :<\/strong><br \/>\n10 generaciones completas con ramas paterna y materna<br \/>\nIntroduzca los apellidos y nombres, fechas o lugares de nacimiento o defunci\u00f3n de cada uno de los 1023 antepasados representados.<br \/>\nUna casilla para introducir la fecha y el lugar del matrimonio de cada pareja<\/p>\n<p><strong>Est\u00e9tica :<\/strong><br \/>\nCreaci\u00f3n art\u00edstica original<br \/>\nIllustration d&rsquo;un ch\u00eane centenaire<br \/>\nFunda de polipiel laminada<\/p>\n<p>Avertissement: le G\u00e9n\u00e9rama est brevet\u00e9 (d\u00e9p\u00f4t \u00e0 l&rsquo;INPI). Reproduction interdite.<\/p>","protected":false},"excerpt":{"rendered":"<p><strong>R\u00e9f\u00e9rence du produit: 704002<\/strong><\/p>\n<p><b style=\"color: #ff0000;\">Cantidad m\u00e1xima por pedido: 2<\/b><\/p>\n<p><strong>Commande :<\/strong><\/p>\n<p>Directement chez le fournisseur payement via Carte Bancaire, Virement, ou Paypal<\/p>\n<p>Non membre prix public : (voir bon de commande en ligne) :<\/p>\n<p>50 le pack G\u00e9n\u00e9rama + 6 extensions (15 g\u00e9n\u00e9rations)<br \/>\n120 \u20ac le G\u00e9n\u00e9rama Imprim\u00e9 avec le g\u00e9n\u00e9alogie du client<\/p>\n<p>Membre prix sp\u00e9cial adh\u00e9rents (voir bon de commande en ligne) :<\/p>\n<p>39 le pack G\u00e9n\u00e9rama + 6 extensions (15 g\u00e9n\u00e9rations)<br \/>\n100 \u20ac le G\u00e9n\u00e9rama Imprim\u00e9 avec le g\u00e9n\u00e9alogie du client<\/p>","protected":false},"featured_media":5090,"comment_status":"closed","ping_status":"closed","template":"","meta":{"_et_pb_use_builder":"","_et_pb_old_content":"","_et_gb_content_width":""},"product_brand":[],"product_cat":[109],"product_tag":[237],"class_list":{"0":"post-5088","1":"product","2":"type-product","3":"status-publish","4":"has-post-thumbnail","6":"product_cat-arbres","7":"product_tag-arbre-generama","9":"first","10":"instock","11":"taxable","12":"shipping-taxable","13":"purchasable","14":"product-type-simple"},"aioseo_notices":[],"_links":{"self":[{"href":"https:\/\/geniwal.be\/es\/wp-json\/wp\/v2\/product\/5088","targetHints":{"allow":["GET"]}}],"collection":[{"href":"https:\/\/geniwal.be\/es\/wp-json\/wp\/v2\/product"}],"about":[{"href":"https:\/\/geniwal.be\/es\/wp-json\/wp\/v2\/types\/product"}],"replies":[{"embeddable":true,"href":"https:\/\/geniwal.be\/es\/wp-json\/wp\/v2\/comments?post=5088"}],"wp:featuredmedia":[{"embeddable":true,"href":"https:\/\/geniwal.be\/es\/wp-json\/wp\/v2\/media\/5090"}],"wp:attachment":[{"href":"https:\/\/geniwal.be\/es\/wp-json\/wp\/v2\/media?parent=5088"}],"wp:term":[{"taxonomy":"product_brand","embeddable":true,"href":"https:\/\/geniwal.be\/es\/wp-json\/wp\/v2\/product_brand?post=5088"},{"taxonomy":"product_cat","embeddable":true,"href":"https:\/\/geniwal.be\/es\/wp-json\/wp\/v2\/product_cat?post=5088"},{"taxonomy":"product_tag","embeddable":true,"href":"https:\/\/geniwal.be\/es\/wp-json\/wp\/v2\/product_tag?post=5088"}],"curies":[{"name":"wp","href":"https:\/\/api.w.org\/{rel}","templated":true}]}}