{"id":5501,"date":"2020-03-14T08:47:23","date_gmt":"2020-03-14T07:47:23","guid":{"rendered":"https:\/\/geniwal.be\/?post_type=product&#038;p=5501"},"modified":"2025-11-02T22:38:00","modified_gmt":"2025-11-02T21:38:00","slug":"dvd-geniwmag-2019","status":"publish","type":"product","link":"https:\/\/geniwal.be\/es\/boutique\/revues\/dvd-geniwmag-2019\/","title":{"rendered":"DVD G\u00e9niWmag 2019"},"content":{"rendered":"","protected":false},"excerpt":{"rendered":"<p><strong>R\u00e9f\u00e9rence :<\/strong> 700031<\/p>\n<p>G\u00e9niWmag : tous les num\u00e9ros du Magazine de G\u00e9niWal,\u00a0du N\u00b01 au N\u00b0 79 inclu, soit\u00a0l&rsquo;ensemble des magazines \u00e9dit\u00e9s jusque et y compris l&rsquo;ann\u00e9e 2019, et ce en format pdf.<\/p>\n<p><strong><span style=\"color: #ff0000;\">Exclusivement r\u00e9serv\u00e9 aux membres de G\u00e9niWal !\u00a0<\/span><\/strong><\/p>\n<p><b style=\"color: #ff0000;\">Quantit\u00e9 maximum par commande : 10<\/b><\/p>","protected":false},"featured_media":5483,"comment_status":"closed","ping_status":"closed","template":"","meta":{"_et_pb_use_builder":"","_et_pb_old_content":"","_et_gb_content_width":""},"product_brand":[],"product_cat":[113],"product_tag":[210],"class_list":{"0":"post-5501","1":"product","2":"type-product","3":"status-publish","4":"has-post-thumbnail","6":"product_cat-revues","7":"product_tag-210","9":"first","10":"instock","11":"taxable","12":"shipping-taxable","13":"purchasable","14":"product-type-simple"},"aioseo_notices":[],"_links":{"self":[{"href":"https:\/\/geniwal.be\/es\/wp-json\/wp\/v2\/product\/5501","targetHints":{"allow":["GET"]}}],"collection":[{"href":"https:\/\/geniwal.be\/es\/wp-json\/wp\/v2\/product"}],"about":[{"href":"https:\/\/geniwal.be\/es\/wp-json\/wp\/v2\/types\/product"}],"replies":[{"embeddable":true,"href":"https:\/\/geniwal.be\/es\/wp-json\/wp\/v2\/comments?post=5501"}],"wp:featuredmedia":[{"embeddable":true,"href":"https:\/\/geniwal.be\/es\/wp-json\/wp\/v2\/media\/5483"}],"wp:attachment":[{"href":"https:\/\/geniwal.be\/es\/wp-json\/wp\/v2\/media?parent=5501"}],"wp:term":[{"taxonomy":"product_brand","embeddable":true,"href":"https:\/\/geniwal.be\/es\/wp-json\/wp\/v2\/product_brand?post=5501"},{"taxonomy":"product_cat","embeddable":true,"href":"https:\/\/geniwal.be\/es\/wp-json\/wp\/v2\/product_cat?post=5501"},{"taxonomy":"product_tag","embeddable":true,"href":"https:\/\/geniwal.be\/es\/wp-json\/wp\/v2\/product_tag?post=5501"}],"curies":[{"name":"wp","href":"https:\/\/api.w.org\/{rel}","templated":true}]}}