{"id":5503,"date":"2020-03-14T08:57:22","date_gmt":"2020-03-14T07:57:22","guid":{"rendered":"https:\/\/geniwal.be\/?post_type=product&#038;p=5503"},"modified":"2023-11-22T17:15:20","modified_gmt":"2023-11-22T16:15:20","slug":"lot-de-5-bics-stylets-pour-tablette","status":"publish","type":"product","link":"https:\/\/geniwal.be\/es\/boutique\/outils\/lot-de-5-bics-stylets-pour-tablette\/","title":{"rendered":"Paquete de 5 bol\u00edgrafos para tabletas"},"content":{"rendered":"","protected":false},"excerpt":{"rendered":"<div><strong>R\u00e9f\u00e9rence :<\/strong> 706008<\/div>\n<p>Un super lot de 5 Bics \/ Stylet pour tablette, 4 couleurs disponibles<br \/>\n<b style=\"color: #ff0000;\">Quantit\u00e9 maximum par commande : 7<\/b><\/p>","protected":false},"featured_media":5504,"comment_status":"closed","ping_status":"closed","template":"","meta":{"_et_pb_use_builder":"on","_et_pb_old_content":"","_et_gb_content_width":""},"product_brand":[],"product_cat":[114],"product_tag":[209],"class_list":{"0":"post-5503","1":"product","2":"type-product","3":"status-publish","4":"has-post-thumbnail","6":"product_cat-outils","7":"product_tag-209","9":"first","10":"instock","11":"taxable","12":"shipping-taxable","13":"purchasable","14":"product-type-simple"},"aioseo_notices":[],"_links":{"self":[{"href":"https:\/\/geniwal.be\/es\/wp-json\/wp\/v2\/product\/5503","targetHints":{"allow":["GET"]}}],"collection":[{"href":"https:\/\/geniwal.be\/es\/wp-json\/wp\/v2\/product"}],"about":[{"href":"https:\/\/geniwal.be\/es\/wp-json\/wp\/v2\/types\/product"}],"replies":[{"embeddable":true,"href":"https:\/\/geniwal.be\/es\/wp-json\/wp\/v2\/comments?post=5503"}],"wp:featuredmedia":[{"embeddable":true,"href":"https:\/\/geniwal.be\/es\/wp-json\/wp\/v2\/media\/5504"}],"wp:attachment":[{"href":"https:\/\/geniwal.be\/es\/wp-json\/wp\/v2\/media?parent=5503"}],"wp:term":[{"taxonomy":"product_brand","embeddable":true,"href":"https:\/\/geniwal.be\/es\/wp-json\/wp\/v2\/product_brand?post=5503"},{"taxonomy":"product_cat","embeddable":true,"href":"https:\/\/geniwal.be\/es\/wp-json\/wp\/v2\/product_cat?post=5503"},{"taxonomy":"product_tag","embeddable":true,"href":"https:\/\/geniwal.be\/es\/wp-json\/wp\/v2\/product_tag?post=5503"}],"curies":[{"name":"wp","href":"https:\/\/api.w.org\/{rel}","templated":true}]}}