{"id":5933,"date":"2020-05-10T00:38:11","date_gmt":"2020-05-09T22:38:11","guid":{"rendered":"https:\/\/geniwal.be\/?post_type=product&#038;p=5933"},"modified":"2024-09-13T18:00:36","modified_gmt":"2024-09-13T16:00:36","slug":"rechercher-ses-ancetres-aux-pays-bas","status":"publish","type":"product","link":"https:\/\/geniwal.be\/es\/boutique\/guides\/rechercher-ses-ancetres-aux-pays-bas\/","title":{"rendered":"Buscar antepasados en los Pa\u00edses Bajos"},"content":{"rendered":"<p><strong>RESUMEN<\/strong><\/p>\n<p>Millones de personas de todo el mundo tienen antepasados holandeses, entre ellos muchos franceses. Cada vez son m\u00e1s los que se interesan por la genealog\u00eda y tratan de rastrear sus ra\u00edces. Este nuevo libro sobre \"antepasados holandeses\" otorga a Internet un papel central, ya que los principales documentos geneal\u00f3gicos est\u00e1n masivamente presentes en l\u00ednea. Paso a paso, el autor gu\u00eda al lector a trav\u00e9s de los sitios web. Ofrece informaci\u00f3n \u00fatil y las palabras necesarias para orientarse en los archivos locales. Esto resulta especialmente \u00fatil si no se vive en la localidad. El libro enumera todas las fuentes de informaci\u00f3n geneal\u00f3gica y biogr\u00e1fica de los Pa\u00edses Bajos; indica d\u00f3nde se pueden encontrar (en la web, sobre todo en www.cbg.nl, o a nivel local); y si existen restricciones de acceso (en funci\u00f3n del p\u00fablico o porque haya que pagar por el sitio, por ejemplo). Por \u00faltimo, dado que el idioma puede ser un obst\u00e1culo, la gu\u00eda ofrece un glosario con las palabras neerlandesas m\u00e1s \u00fatiles y las m\u00e1s utilizadas en las b\u00fasquedas. Dado que el contenido de los registros civiles y parroquiales suele ser repetitivo, este \u00edndice es suficiente para empezar. \u00bfListo en sus \u00e1rboles? \u00a1P\u00f3ngase manos a la obra!<\/p>\n<p><strong>AUTOR<\/strong><\/p>\n<p>Rob van Drie es Subdirector del Centraal Bureau voor Genealogie de La Haya (Pa\u00edses Bajos). Ya ha publicado varias obras de referencia sobre la investigaci\u00f3n geneal\u00f3gica en los Pa\u00edses Bajos, tanto en su lengua materna como en ingl\u00e9s. Encontrar\u00e1 el Centraal Bureau voor Genealogie en el sitio web www.cbg.nl.<\/p>","protected":false},"excerpt":{"rendered":"<p>R\u00e9f\u00e9rence : 701016<br \/>\nUGS : 978-2-35077-225-7<br \/>\n112 pages broch\u00e9es \/ format : 17 x 24 cm<br \/>\n<b style=\"color: #ff0000;\">Plazo de entrega 10 d\u00edas desde la recepci\u00f3n del pago<br \/>\nCantidad m\u00e1xima por pedido: 2<br \/>\n<\/b><\/p>\n<form class=\"cart\" action=\"https:\/\/geniwal.be\/es\/produit\/utiliser-le-cadastre-en-genealogie\/\" enctype=\"multipart\/form-data\" method=\"post\" data-trp-original-action=\"https:\/\/geniwal.be\/produit\/utiliser-le-cadastre-en-genealogie\/\">\n<div class=\"quantity buttons_added\"><\/div>\n<input type=\"hidden\" name=\"trp-form-language\" value=\"es\"\/><\/form>","protected":false},"featured_media":5934,"comment_status":"closed","ping_status":"closed","template":"","meta":{"_et_pb_use_builder":"","_et_pb_old_content":"","_et_gb_content_width":""},"product_brand":[],"product_cat":[112],"product_tag":[184],"class_list":{"0":"post-5933","1":"product","2":"type-product","3":"status-publish","4":"has-post-thumbnail","6":"product_cat-guides","7":"product_tag-184","9":"first","10":"instock","11":"taxable","12":"shipping-taxable","13":"purchasable","14":"product-type-simple"},"aioseo_notices":[],"_links":{"self":[{"href":"https:\/\/geniwal.be\/es\/wp-json\/wp\/v2\/product\/5933","targetHints":{"allow":["GET"]}}],"collection":[{"href":"https:\/\/geniwal.be\/es\/wp-json\/wp\/v2\/product"}],"about":[{"href":"https:\/\/geniwal.be\/es\/wp-json\/wp\/v2\/types\/product"}],"replies":[{"embeddable":true,"href":"https:\/\/geniwal.be\/es\/wp-json\/wp\/v2\/comments?post=5933"}],"wp:featuredmedia":[{"embeddable":true,"href":"https:\/\/geniwal.be\/es\/wp-json\/wp\/v2\/media\/5934"}],"wp:attachment":[{"href":"https:\/\/geniwal.be\/es\/wp-json\/wp\/v2\/media?parent=5933"}],"wp:term":[{"taxonomy":"product_brand","embeddable":true,"href":"https:\/\/geniwal.be\/es\/wp-json\/wp\/v2\/product_brand?post=5933"},{"taxonomy":"product_cat","embeddable":true,"href":"https:\/\/geniwal.be\/es\/wp-json\/wp\/v2\/product_cat?post=5933"},{"taxonomy":"product_tag","embeddable":true,"href":"https:\/\/geniwal.be\/es\/wp-json\/wp\/v2\/product_tag?post=5933"}],"curies":[{"name":"wp","href":"https:\/\/api.w.org\/{rel}","templated":true}]}}