{"id":5942,"date":"2020-05-10T07:58:26","date_gmt":"2020-05-10T05:58:26","guid":{"rendered":"https:\/\/geniwal.be\/?post_type=product&#038;p=5942"},"modified":"2020-09-22T09:26:14","modified_gmt":"2020-09-22T07:26:14","slug":"retrouver-ses-ancetres-suisses-2e-ed","status":"publish","type":"product","link":"https:\/\/geniwal.be\/es\/boutique\/guides\/retrouver-ses-ancetres-suisses-2e-ed\/","title":{"rendered":"C\u00f3mo localizar a sus antepasados suizos 2\u00aa ed."},"content":{"rendered":"<p><strong>RESUMEN<\/strong><\/p>\n<p>\"Depende\". Estas dos palabras resumen la situaci\u00f3n de la investigaci\u00f3n geneal\u00f3gica en Suiza. Est\u00e1n ligadas a la propia estructura de la Confederaci\u00f3n, que se ha ido construyendo a lo largo de los siglos mediante la adici\u00f3n de cantones independientes, cada uno con su propio modo de funcionamiento: fuentes variables; registros parroquiales de acceso m\u00e1s o menos f\u00e1cil, microfilmados para algunos, conservados celosamente en los prioratos parroquiales para otros; un sistema de citas que sigue una l\u00f3gica singular... en resumen, un modo de funcionamiento diferente para cada archivo cantonal, porque cada cant\u00f3n es un Estado, con su propia normativa.<\/p>\n<p>As\u00ed que no puede precipitarse a seguir los pasos de sus antepasados suizos, pensando que las reglas del juego en la Confederaci\u00f3n Helv\u00e9tica son similares a las de Francia. Esta gu\u00eda le tranquilizar\u00e1, le preparar\u00e1 y le concienciar\u00e1 de las muchas precauciones que debe tomar antes de lanzarse a la aventura. Tambi\u00e9n ofrece muchos consejos sobre c\u00f3mo trabajar en casa, en Internet, ya que cada vez se puede acceder a m\u00e1s datos a trav\u00e9s de este medio pr\u00e1ctico y barato.<\/p>\n<p>Para los militares, indica lo que se puede encontrar en los Archivos Nacionales o en el Ch\u00e2teau de Vincennes; para los suizos que pasaron por Alsacia, indica el apoyo del CRHF de Guebwiller. As\u00ed preparado, podr\u00e1 acercarse con tranquilidad a sus antepasados, en un pa\u00eds donde no es raro llegar al siglo XIV o incluso al XIII.<\/p>\n<p><strong>AUTOR<\/strong><\/p>\n<p>Denis Dubich: descendiente de un matrimonio suizo llegado a Alsacia en 1670, Denis Dubich es un apasionado de su patria ancestral desde hace treinta a\u00f1os. Gracias a sus numerosas visitas a los archivos de Lucerna, Berna, Friburgo, Lausana, Sarnen, Altdorf, Z\u00farich y Rougemont, ha podido remontar su linaje agn\u00e1tico hasta 1215 y reconstruir las distintas ramas que componen la gran familia suiza Dubach, Dubath, Dubacher o Dubas y sus ramificaciones en Francia, los Pa\u00edses Bajos y Estados Unidos, en particular. Es autor de varias obras sobre genealog\u00eda alsaciana y fue presidente de los Amigos del Centre d\u00e9partemental d'histoire des familles (CDHF) de Guebwiller (Haut-Rhin), actualmente Centre de recherches sur l'histoire des familles (CRHF), de 2010 a 2015.<\/p>","protected":false},"excerpt":{"rendered":"<p>R\u00e9f\u00e9rence : 701026<br \/>\nUGS : 9782350773483<br \/>\n176 pages broch\u00e9es \/ format 17 X 24 cm<br \/>\n<b style=\"color: #ff0000;\">Plazo de entrega 10 d\u00edas desde la recepci\u00f3n del pago<br \/>\nCantidad m\u00e1xima por pedido: 2<br \/>\n<\/b><\/p>\n<form class=\"cart\" action=\"https:\/\/geniwal.be\/es\/produit\/retracer-lhistoire-de-sa-commune\/\" enctype=\"multipart\/form-data\" method=\"post\" data-trp-original-action=\"https:\/\/geniwal.be\/produit\/retracer-lhistoire-de-sa-commune\/\">\n<div class=\"quantity buttons_added\"><\/div>\n<input type=\"hidden\" name=\"trp-form-language\" value=\"es\"\/><\/form>","protected":false},"featured_media":5944,"comment_status":"closed","ping_status":"closed","template":"","meta":{"_et_pb_use_builder":"","_et_pb_old_content":"","_et_gb_content_width":""},"product_brand":[],"product_cat":[112],"product_tag":[200],"class_list":{"0":"post-5942","1":"product","2":"type-product","3":"status-publish","4":"has-post-thumbnail","6":"product_cat-guides","7":"product_tag-200","9":"first","10":"instock","11":"taxable","12":"shipping-taxable","13":"purchasable","14":"product-type-simple"},"aioseo_notices":[],"_links":{"self":[{"href":"https:\/\/geniwal.be\/es\/wp-json\/wp\/v2\/product\/5942","targetHints":{"allow":["GET"]}}],"collection":[{"href":"https:\/\/geniwal.be\/es\/wp-json\/wp\/v2\/product"}],"about":[{"href":"https:\/\/geniwal.be\/es\/wp-json\/wp\/v2\/types\/product"}],"replies":[{"embeddable":true,"href":"https:\/\/geniwal.be\/es\/wp-json\/wp\/v2\/comments?post=5942"}],"wp:featuredmedia":[{"embeddable":true,"href":"https:\/\/geniwal.be\/es\/wp-json\/wp\/v2\/media\/5944"}],"wp:attachment":[{"href":"https:\/\/geniwal.be\/es\/wp-json\/wp\/v2\/media?parent=5942"}],"wp:term":[{"taxonomy":"product_brand","embeddable":true,"href":"https:\/\/geniwal.be\/es\/wp-json\/wp\/v2\/product_brand?post=5942"},{"taxonomy":"product_cat","embeddable":true,"href":"https:\/\/geniwal.be\/es\/wp-json\/wp\/v2\/product_cat?post=5942"},{"taxonomy":"product_tag","embeddable":true,"href":"https:\/\/geniwal.be\/es\/wp-json\/wp\/v2\/product_tag?post=5942"}],"curies":[{"name":"wp","href":"https:\/\/api.w.org\/{rel}","templated":true}]}}