{"id":5974,"date":"2020-05-10T15:01:28","date_gmt":"2020-05-10T13:01:28","guid":{"rendered":"https:\/\/geniwal.be\/?post_type=product&#038;p=5974"},"modified":"2020-08-28T05:47:33","modified_gmt":"2020-08-28T03:47:33","slug":"conserver-et-classer-les-papiers-de-famille","status":"publish","type":"product","link":"https:\/\/geniwal.be\/es\/boutique\/guides\/conserver-et-classer-les-papiers-de-famille\/","title":{"rendered":"Conservaci\u00f3n y archivo de documentos familiares"},"content":{"rendered":"<p><strong>RESUMEN<\/strong><\/p>\n<p>Cuando pensamos en papeles de familia, primero pensamos en los nuestros, en los de todos los d\u00edas. Nos parecen poco importantes porque no est\u00e1n llenos de historia. En la era de la vida sin papeles, a menudo queremos despejar la cubierta. Sin embargo, existen plazos legales para conservar algunos de ellos. S\u00f3lo hay que saber cu\u00e1les son. Las palabras \"papeles de familia\" traen a la mente documentos dados o transmitidos por la generaci\u00f3n anterior. Son extraordinariamente variados, y van de lo serio (documentos notariales, pasaportes, expedientes de seguros, etc.) a lo conmovedor (cuadernos escolares, notas, fotos de boda, etc.). Pensamos menos en tirarlos y m\u00e1s en conservarlos. Pero, \u00bfc\u00f3mo clasificarlos para encontrar f\u00e1cilmente el que queremos ense\u00f1ar a nuestros nietos? \u00bfC\u00f3mo conseguir que esos papeles, a veces centenarios, o esas fr\u00e1giles fotograf\u00edas en tonos sepia, sigan vivos? Digitalizarlos es una forma de salvaguardarlos, pero eso no significa que haya que tirar los originales: hay que protegerlos. Por \u00faltimo, est\u00e1n los papeles de familia con los que sue\u00f1a, sobre todo si le apasiona la genealog\u00eda. Son los que nos faltan, los que nos gustar\u00eda encontrar por afecto a un antepasado desaparecido o porque queremos recoger la memoria familiar antes de que se desvanezca: registros familiares o militares desaparecidos, fotos perdidas... La b\u00fasqueda puede empezar por los primos y t\u00edos, o incluso por la administraci\u00f3n y los archivos. Pero hay que saber desde cu\u00e1ndo existen estos documentos y cu\u00e1l es su historia. Esta gu\u00eda responde a todas estas preguntas, con ilustraciones que corresponden a los documentos que busca.<\/p>\n<p><strong>AUTOR <\/strong><\/p>\n<p>Myriam Provence: genealogista profesional en Par\u00eds desde 1987, presidenta durante muchos a\u00f1os de la Chambre syndicale des g\u00e9n\u00e9alogistes et h\u00e9raldistes de France, autora de numerosos art\u00edculos y obras geneal\u00f3gicas.<\/p>","protected":false},"excerpt":{"rendered":"<p>R\u00e9f\u00e9rence : 701031<br \/>\nUGS : 978-2-35077-265-3<br \/>\n80 pages broch\u00e9es \/ 17 x 24 cm \/ couleur<br \/>\n<b style=\"color: #ff0000;\">Plazo de entrega 10 d\u00edas desde la recepci\u00f3n del pago<br \/>\nQuantit\u00e9 maximum par commande : 3<br \/>\n<\/b><\/p>\n<form class=\"cart\" action=\"https:\/\/geniwal.be\/es\/produit\/retracer-lhistoire-de-sa-commune\/\" enctype=\"multipart\/form-data\" method=\"post\" data-trp-original-action=\"https:\/\/geniwal.be\/produit\/retracer-lhistoire-de-sa-commune\/\">\n<div class=\"quantity buttons_added\"><\/div>\n<input type=\"hidden\" name=\"trp-form-language\" value=\"es\"\/><\/form>","protected":false},"featured_media":5959,"comment_status":"closed","ping_status":"closed","template":"","meta":{"_et_pb_use_builder":"","_et_pb_old_content":"","_et_gb_content_width":""},"product_brand":[],"product_cat":[112],"product_tag":[188],"class_list":{"0":"post-5974","1":"product","2":"type-product","3":"status-publish","4":"has-post-thumbnail","6":"product_cat-guides","7":"product_tag-188","9":"first","10":"outofstock","11":"taxable","12":"shipping-taxable","13":"purchasable","14":"product-type-simple"},"aioseo_notices":[],"_links":{"self":[{"href":"https:\/\/geniwal.be\/es\/wp-json\/wp\/v2\/product\/5974","targetHints":{"allow":["GET"]}}],"collection":[{"href":"https:\/\/geniwal.be\/es\/wp-json\/wp\/v2\/product"}],"about":[{"href":"https:\/\/geniwal.be\/es\/wp-json\/wp\/v2\/types\/product"}],"replies":[{"embeddable":true,"href":"https:\/\/geniwal.be\/es\/wp-json\/wp\/v2\/comments?post=5974"}],"wp:featuredmedia":[{"embeddable":true,"href":"https:\/\/geniwal.be\/es\/wp-json\/wp\/v2\/media\/5959"}],"wp:attachment":[{"href":"https:\/\/geniwal.be\/es\/wp-json\/wp\/v2\/media?parent=5974"}],"wp:term":[{"taxonomy":"product_brand","embeddable":true,"href":"https:\/\/geniwal.be\/es\/wp-json\/wp\/v2\/product_brand?post=5974"},{"taxonomy":"product_cat","embeddable":true,"href":"https:\/\/geniwal.be\/es\/wp-json\/wp\/v2\/product_cat?post=5974"},{"taxonomy":"product_tag","embeddable":true,"href":"https:\/\/geniwal.be\/es\/wp-json\/wp\/v2\/product_tag?post=5974"}],"curies":[{"name":"wp","href":"https:\/\/api.w.org\/{rel}","templated":true}]}}