{"id":5976,"date":"2020-05-10T15:09:06","date_gmt":"2020-05-10T13:09:06","guid":{"rendered":"https:\/\/geniwal.be\/?post_type=product&#038;p=5976"},"modified":"2022-03-05T08:13:19","modified_gmt":"2022-03-05T07:13:19","slug":"raconter-son-histoire-familiale","status":"publish","type":"product","link":"https:\/\/geniwal.be\/es\/boutique\/guides\/raconter-son-histoire-familiale\/","title":{"rendered":"Contar la historia de su familia"},"content":{"rendered":"<p><strong>RESUMEN<\/strong><\/p>\n<p>Contar es compartir. No tiene sentido contar tu historia si nadie te escucha. Contar es tanto decir lo que hiciste ayer como explicar c\u00f3mo era la familia hace 250 a\u00f1os. Contar es transmitir una historia, emociones y un estilo determinado. Contar es tanto escribir e hilvanar una historia durante meses como dejar fluir los recuerdos en una comida familiar. Contar es informar, difundir y transmitir una historia, ya sea una necesidad que satisfacer o un deber que cumplir... Contar es a veces dejar que las im\u00e1genes hablen por s\u00ed solas, cuando las palabras son demasiado dif\u00edciles de decir o simplemente no te creer\u00e1n. Contar es regalar la memoria, ef\u00edmera por naturaleza. Inspirada en numerosos encuentros y testimonios, esta gu\u00eda ayudar\u00e1 a aquellos cuya idea de escribir una historia familiar lleva tiempo germinando en un rinc\u00f3n de su mente, as\u00ed como a aquellos cuyo proyecto ya ha comenzado o se tambalea. Pretende dar ideas a los que andan escasos de ellas, tranquilizar a los que dudan, orientar a aquellos para los que es \"la primera vez que lo hacen\"... partiendo de la idea de que todas las historias merecen ser contadas, desde las m\u00e1s largas a las m\u00e1s cortas, desde las m\u00e1s bellas a las m\u00e1s atribuladas. Lo que tienen en com\u00fan quienes lo han hecho todo es la alegr\u00eda de haber logrado algo \u00fanico y de haber recibido a cambio, de sus allegados, mucho m\u00e1s de lo que esperaban.<\/p>\n<p><strong>AUTOR<\/strong><\/p>\n<p>Gwen Guidou : dipl\u00f4m\u00e9e en gestion de projets, elle a mis son exp\u00e9rience de g\u00e9n\u00e9alogiste, son sens de l&rsquo;\u00e9coute et son go\u00fbt pour les arts graphiques au service des r\u00e9cits de famille, qu&rsquo;ils couvrent un ou plusieurs si\u00e8cles. Elle leur r\u00e9alisation, de la retranscription d\u2019interviews, de manuscrits, de correspondances ou de carnets de voyages, \u00e0 la r\u00e9alisation d\u2019un livre \u00e0 petit tirage destin\u00e9 aux proches. Elle a cr\u00e9\u00e9 le site www.brinsdhistoires.com.<\/p>","protected":false},"excerpt":{"rendered":"<p>R\u00e9f\u00e9rence : 701028<br \/>\nUGS : 978-2-35077-258-5<br \/>\n80 pages broch\u00e9es tout en couleur \/ format : 17 x 24 cm<br \/>\n<b style=\"color: #ff0000;\">Plazo de entrega 10 d\u00edas desde la recepci\u00f3n del pago<br \/>\nQuantit\u00e9 maximum par commande : 3<br \/>\n<\/b><\/p>\n<form class=\"cart\" action=\"https:\/\/geniwal.be\/es\/produit\/retracer-lhistoire-de-sa-commune\/\" enctype=\"multipart\/form-data\" method=\"post\" data-trp-original-action=\"https:\/\/geniwal.be\/produit\/retracer-lhistoire-de-sa-commune\/\">\n<div class=\"quantity buttons_added\"><\/div>\n<input type=\"hidden\" name=\"trp-form-language\" value=\"es\"\/><\/form>","protected":false},"featured_media":5961,"comment_status":"closed","ping_status":"closed","template":"","meta":{"_et_pb_use_builder":"","_et_pb_old_content":"","_et_gb_content_width":""},"product_brand":[],"product_cat":[112],"product_tag":[],"class_list":{"0":"post-5976","1":"product","2":"type-product","3":"status-publish","4":"has-post-thumbnail","6":"product_cat-guides","8":"first","9":"outofstock","10":"taxable","11":"shipping-taxable","12":"purchasable","13":"product-type-simple"},"aioseo_notices":[],"_links":{"self":[{"href":"https:\/\/geniwal.be\/es\/wp-json\/wp\/v2\/product\/5976","targetHints":{"allow":["GET"]}}],"collection":[{"href":"https:\/\/geniwal.be\/es\/wp-json\/wp\/v2\/product"}],"about":[{"href":"https:\/\/geniwal.be\/es\/wp-json\/wp\/v2\/types\/product"}],"replies":[{"embeddable":true,"href":"https:\/\/geniwal.be\/es\/wp-json\/wp\/v2\/comments?post=5976"}],"wp:featuredmedia":[{"embeddable":true,"href":"https:\/\/geniwal.be\/es\/wp-json\/wp\/v2\/media\/5961"}],"wp:attachment":[{"href":"https:\/\/geniwal.be\/es\/wp-json\/wp\/v2\/media?parent=5976"}],"wp:term":[{"taxonomy":"product_brand","embeddable":true,"href":"https:\/\/geniwal.be\/es\/wp-json\/wp\/v2\/product_brand?post=5976"},{"taxonomy":"product_cat","embeddable":true,"href":"https:\/\/geniwal.be\/es\/wp-json\/wp\/v2\/product_cat?post=5976"},{"taxonomy":"product_tag","embeddable":true,"href":"https:\/\/geniwal.be\/es\/wp-json\/wp\/v2\/product_tag?post=5976"}],"curies":[{"name":"wp","href":"https:\/\/api.w.org\/{rel}","templated":true}]}}