{"id":5979,"date":"2020-05-10T15:16:25","date_gmt":"2020-05-10T13:16:25","guid":{"rendered":"https:\/\/geniwal.be\/?post_type=product&#038;p=5979"},"modified":"2022-01-25T02:13:41","modified_gmt":"2022-01-25T01:13:41","slug":"ladn-un-outil-genealogique-2e-edition-augmentee","status":"publish","type":"product","link":"https:\/\/geniwal.be\/es\/boutique\/guides\/ladn-un-outil-genealogique-2e-edition-augmentee\/","title":{"rendered":"ADN, una herramienta geneal\u00f3gica: 2\u00aa edici\u00f3n ampliada"},"content":{"rendered":"<p><strong>RESUMEN<\/strong><\/p>\n<p>El desciframiento del genoma humano, concluido en 2003, ha abierto el campo a nuevas disciplinas, entre ellas la genealog\u00eda gen\u00e9tica.<\/p>\n<p>Todos llevamos en nuestro ADN nuestra historia familiar, geneal\u00f3gica e incluso arqueol\u00f3gica. No s\u00f3lo es posible averiguar la proporci\u00f3n de nuestros antepasados de distintas regiones del mundo en la Edad de Bronce, sino tambi\u00e9n rastrear primos contempor\u00e1neos o resolver enigmas geneal\u00f3gicos de los \u00faltimos cinco siglos. Para los adoptados, el ADN puede ser una herramienta en la b\u00fasqueda de sus or\u00edgenes, permiti\u00e9ndoles rastrear a miembros de su familia biol\u00f3gica.<\/p>\n<p>Esta gu\u00eda proporciona las claves para comprender todas las posibilidades que ofrece el ADN como herramienta geneal\u00f3gica. El autor detalla las diferentes pruebas disponibles (mitocondriales, autos\u00f3micas o del cromosoma Y, etc.), los lugares donde pueden realizarse y explica con precisi\u00f3n c\u00f3mo leer y comprender los resultados de estas pruebas. Se abordan los aspectos jur\u00eddicos y \u00e9ticos, as\u00ed como los escollos que hay que evitar, para que pueda descubrir esta riqueza de informaci\u00f3n geneal\u00f3gica con toda tranquilidad. En pocas palabras: la evoluci\u00f3n de este campo de investigaci\u00f3n ha sido tan r\u00e1pida en los \u00faltimos a\u00f1os que se ha hecho imprescindible una gu\u00eda pr\u00e1ctica. Por \u00faltimo, las treinta y dos p\u00e1ginas adicionales de esta nueva edici\u00f3n de 2019 son el resultado directo de las conversaciones mantenidas con los lectores y de sus necesidades, expectativas y peticiones de aclaraci\u00f3n.<\/p>\n<p><strong>AUTOR<\/strong><\/p>\n<p>Nathalie Jovanovic-Floricourt: empez\u00f3 su \u00e1rbol geneal\u00f3gico a los dieciocho a\u00f1os. En 2008 descubri\u00f3 la genealog\u00eda gen\u00e9tica. Las pruebas de ADN revelaron or\u00edgenes inesperados y abrieron todo un nuevo campo de descubrimientos a trav\u00e9s de primos en Francia y en todo el mundo. En 2018 cre\u00f3 el sitio genealogie-genetique.fr y se especializ\u00f3 en esta disciplina.<\/p>","protected":false},"excerpt":{"rendered":"<p>R\u00e9f\u00e9rence : 701019<br \/>\nUGS : 978-2-35077-347-6<br \/>\n112 pages broch\u00e9es \/ format 17 x 24 cm<br \/>\n<b style=\"color: #ff0000;\">Plazo de entrega 10 d\u00edas desde la recepci\u00f3n del pago<br \/>\nCantidad m\u00e1xima por pedido: 2<br \/>\n<\/b><\/p>\n<form class=\"cart\" action=\"https:\/\/geniwal.be\/es\/produit\/retracer-lhistoire-de-sa-commune\/\" enctype=\"multipart\/form-data\" method=\"post\" data-trp-original-action=\"https:\/\/geniwal.be\/produit\/retracer-lhistoire-de-sa-commune\/\">\n<div class=\"quantity buttons_added\"><\/div>\n<input type=\"hidden\" name=\"trp-form-language\" value=\"es\"\/><\/form>","protected":false},"featured_media":6362,"comment_status":"closed","ping_status":"closed","template":"","meta":{"_et_pb_use_builder":"","_et_pb_old_content":"","_et_gb_content_width":""},"product_brand":[],"product_cat":[112],"product_tag":[],"class_list":{"0":"post-5979","1":"product","2":"type-product","3":"status-publish","4":"has-post-thumbnail","6":"product_cat-guides","8":"first","9":"outofstock","10":"taxable","11":"shipping-taxable","12":"purchasable","13":"product-type-simple"},"aioseo_notices":[],"_links":{"self":[{"href":"https:\/\/geniwal.be\/es\/wp-json\/wp\/v2\/product\/5979","targetHints":{"allow":["GET"]}}],"collection":[{"href":"https:\/\/geniwal.be\/es\/wp-json\/wp\/v2\/product"}],"about":[{"href":"https:\/\/geniwal.be\/es\/wp-json\/wp\/v2\/types\/product"}],"replies":[{"embeddable":true,"href":"https:\/\/geniwal.be\/es\/wp-json\/wp\/v2\/comments?post=5979"}],"wp:featuredmedia":[{"embeddable":true,"href":"https:\/\/geniwal.be\/es\/wp-json\/wp\/v2\/media\/6362"}],"wp:attachment":[{"href":"https:\/\/geniwal.be\/es\/wp-json\/wp\/v2\/media?parent=5979"}],"wp:term":[{"taxonomy":"product_brand","embeddable":true,"href":"https:\/\/geniwal.be\/es\/wp-json\/wp\/v2\/product_brand?post=5979"},{"taxonomy":"product_cat","embeddable":true,"href":"https:\/\/geniwal.be\/es\/wp-json\/wp\/v2\/product_cat?post=5979"},{"taxonomy":"product_tag","embeddable":true,"href":"https:\/\/geniwal.be\/es\/wp-json\/wp\/v2\/product_tag?post=5979"}],"curies":[{"name":"wp","href":"https:\/\/api.w.org\/{rel}","templated":true}]}}