{"id":8137,"date":"2021-12-11T14:53:29","date_gmt":"2021-12-11T13:53:29","guid":{"rendered":"https:\/\/geniwal.be\/?post_type=product&#038;p=8137"},"modified":"2021-12-26T01:25:56","modified_gmt":"2021-12-26T00:25:56","slug":"mon-arbre-relie-7-generations-a-remplir","status":"publish","type":"product","link":"https:\/\/geniwal.be\/es\/boutique\/arbres\/mon-arbre-relie-7-generations-a-remplir\/","title":{"rendered":"Rellenar mi \u00e1rbol de 7 generaciones"},"content":{"rendered":"<p>\u00bfHace usted genealog\u00eda y le gustar\u00eda hablar de sus investigaciones con su familia o sus primos?<br \/>\n\u00bfNo haces ninguna, pero te gustar\u00eda escribir los nombres de los abuelos que conociste para tus nietos y enviarles algunas fotos de recuerdo?<br \/>\n\u00bfSue\u00f1a con un \u00e1rbol accesible y f\u00e1cil de lucir, pero que no necesite estar expuesto en una pared?<br \/>\nEste hermoso \u00e1rbol atado es la respuesta perfecta:<br \/>\n- Cabe en tu estanter\u00eda. Como un libro, es f\u00e1cil de coger y desplegar.<br \/>\n- Gira en torno a un personaje central (t\u00fa mismo, o uno de tus padres o abuelos, seg\u00fan elijas) cuyo nombre anotas en la portada y en el lomo del libro (f\u00e1cil de encontrar en tu biblioteca, aunque hayas rellenado varios \u00e1rboles encuadernados).<br \/>\n- Muestra los descendientes (dos generaciones hacia abajo: hijos y nietos) y los antepasados (cuatro generaciones hacia arriba, hasta los tatarabuelos), dando una visi\u00f3n general de siete generaciones a lo largo de dos siglos.<br \/>\n- Puede rellenarse f\u00e1cilmente a mano o con etiquetas autoadhesivas que puedes imprimir en casa. En la parte posterior del \u00e1rbol se dan instrucciones detalladas para su uso, junto con un espacio para escribir a\u00f1adidos e historias de vida.<br \/>\n- Hay un bolsillo interior para fotos, anuncios, cartas y diversos documentos familiares, lo que facilita compartir recuerdos cuando se ense\u00f1a el \u00e1rbol a un ser querido (no hace falta rebuscar en los cajones ni encender el ordenador: los documentos m\u00e1s preciados est\u00e1n ah\u00ed).<\/p>\n<p>Todos los detalles en\u00a0<a href=\"https:\/\/youtu.be\/2piuelpbqZw\" target=\"_blank\" rel=\"noopener\">V\u00eddeo en YouTube<\/a>\u00a0dedicado al libro.<\/p>\n<p>Tanto si sus descendientes son \"tan vastos como las estrellas del cielo\" como si se pueden contar con los dedos de una mano, no importa: todos ustedes tienen un gigantesco \u00e1rbol ascendente que mostrar e historias que contar. Ahora te toca a ti.<\/p>","protected":false},"excerpt":{"rendered":"<p><strong>R\u00e9f\u00e9rence du produit: 704005<\/strong><\/p>\n<p>Un arbre \u00e0 compl\u00e9ter 7 g\u00e9n\u00e9rations (5 ascendantes, 2 descendantes)<\/p>\n<p>\u2022 Un arbre grand format (126 cm x 29,7cm) facile \u00e0 d\u00e9plier<\/p>\n<p>\u2022 Un arbre reli\u00e9 (21,7 cm x 30,5 cm) qui se range dans une biblioth\u00e8que<\/p>\n<p>\u2022 Un arbre avec une pochette pour glisser photos, faire-parts, docs divers<\/p>\n<p>\u2022 Un arbre avec une reliure somptueuse, bleue et or, \u00e9toiles paillet\u00e9es en relief, rubans d\u2019attache bleus<\/p>\n<p>\u2022 Un arbre avec une zone en pelliculage mat sur la couverture et sur le dos pour noter le nom du personnage central ou de la famille d\u00e9taill\u00e9e dans l\u2019arbre<\/p>\n<p>Todos los detalles en\u00a0<a href=\"https:\/\/youtu.be\/2piuelpbqZw\" target=\"_blank\" rel=\"noopener\">V\u00eddeo en YouTube<\/a>\u00a0dedicado al libro.<\/p>\n<p><strong>Commande :<\/strong><\/p>\n<p>Paiement via Carte Bancaire, Virement, ou Paypal<\/p>","protected":false},"featured_media":8139,"comment_status":"closed","ping_status":"closed","template":"","meta":{"_et_pb_use_builder":"","_et_pb_old_content":"","_et_gb_content_width":""},"product_brand":[],"product_cat":[109],"product_tag":[250],"class_list":{"0":"post-8137","1":"product","2":"type-product","3":"status-publish","4":"has-post-thumbnail","6":"product_cat-arbres","7":"product_tag-arbre-7g-a-remplir","9":"first","10":"instock","11":"taxable","12":"shipping-taxable","13":"purchasable","14":"product-type-simple"},"aioseo_notices":[],"_links":{"self":[{"href":"https:\/\/geniwal.be\/es\/wp-json\/wp\/v2\/product\/8137","targetHints":{"allow":["GET"]}}],"collection":[{"href":"https:\/\/geniwal.be\/es\/wp-json\/wp\/v2\/product"}],"about":[{"href":"https:\/\/geniwal.be\/es\/wp-json\/wp\/v2\/types\/product"}],"replies":[{"embeddable":true,"href":"https:\/\/geniwal.be\/es\/wp-json\/wp\/v2\/comments?post=8137"}],"wp:featuredmedia":[{"embeddable":true,"href":"https:\/\/geniwal.be\/es\/wp-json\/wp\/v2\/media\/8139"}],"wp:attachment":[{"href":"https:\/\/geniwal.be\/es\/wp-json\/wp\/v2\/media?parent=8137"}],"wp:term":[{"taxonomy":"product_brand","embeddable":true,"href":"https:\/\/geniwal.be\/es\/wp-json\/wp\/v2\/product_brand?post=8137"},{"taxonomy":"product_cat","embeddable":true,"href":"https:\/\/geniwal.be\/es\/wp-json\/wp\/v2\/product_cat?post=8137"},{"taxonomy":"product_tag","embeddable":true,"href":"https:\/\/geniwal.be\/es\/wp-json\/wp\/v2\/product_tag?post=8137"}],"curies":[{"name":"wp","href":"https:\/\/api.w.org\/{rel}","templated":true}]}}