{"id":8377,"date":"2022-03-10T18:30:02","date_gmt":"2022-03-10T17:30:02","guid":{"rendered":"https:\/\/geniwal.be\/?post_type=product&#038;p=8377"},"modified":"2025-11-02T22:38:01","modified_gmt":"2025-11-02T21:38:01","slug":"petit-manuel-de-paleographie","status":"publish","type":"product","link":"https:\/\/geniwal.be\/es\/boutique\/guides\/petit-manuel-de-paleographie\/","title":{"rendered":"PEQUE\u00d1O MANUAL DE PALEOGRAF\u00cdA"},"content":{"rendered":"<p><b>RESUMEN<\/b><\/p>\n<p style=\"font-weight: 400;\">La paleograf\u00eda es la ciencia de la escritura antigua.<br \/>\nSu objetivo es descifrar los escritos del siglo XIX.<br \/>\nSu campo se extiende a todo tipo de documentos escritos en el pasado, como fragmentos de cer\u00e1mica, tablillas de cera sobre materiales duraderos (epigraf\u00eda), papiros (jerogl\u00edficos), pergaminos, monedas (numism\u00e1tica), sellos (sigilograf\u00eda), manuscritos (codicolog\u00eda) y, para nosotros los genealogistas, el estudio de escrituras antiguas en lat\u00edn a partir del siglo XV, \u00e9poca en la que podemos esperar rastrear a los antepasados.<br \/>\nEl t\u00e9rmino tiende a restringirse al estudio de los \"libros manuscritos\" y los documentos recogidos en grandes bibliotecas y archivos. El tema es tan vasto que este libro s\u00f3lo presentar\u00e1 los usos m\u00e1s comunes encontrados en el curso de nuestra investigaci\u00f3n geneal\u00f3gica.<\/p>\n<p><strong>AUTOR<\/strong><\/p>\n<p>Yves Heraly. Naci\u00f3 en 1948 en L\u00e9opoldville (actual Kinshasa), en la Rep\u00fablica Democr\u00e1tica del Congo. En 1990 comenz\u00f3 a investigar la genealog\u00eda de la familia Heraly, originaria del Brabante Val\u00f3n. Fue tesorero del Cercle d'histoire, d'arch\u00e9ologie et de g\u00e9n\u00e9alogie de Wavre et du Brabant Wallon. En 1998 fund\u00f3 la asociaci\u00f3n G\u00e9niWal (G\u00e9n\u00e9alogie Wallonie Informatique), de la que es presidente.<\/p>","protected":false},"excerpt":{"rendered":"<p>R\u00e9f\u00e9rence : &#8211;<\/p>\n<p>De vieux actes \u00e0 lire ? Ce manuel de pal\u00e9ographie vous viendra bien \u00e0 point.<br \/>\nIl contient en outre des exemples de lettres et chiffres, mais \u00e9galement la traduction de pr\u00e9noms et de vieux m\u00e9tiers (latin &#8211; fran\u00e7ais &#8211; N\u00e9erlandais)<\/p>\n<p>44 pages broch\u00e9es \/ format 148 x 210 cm<br \/>\n<b style=\"color: #ff0000;\">Plazo de entrega 10 d\u00edas desde la recepci\u00f3n del pago<br \/>\nQuantit\u00e9 maximum par commande : 6<br \/>\n<\/b><\/p>\n<form class=\"cart\" action=\"https:\/\/geniwal.be\/es\/produit\/retracer-lhistoire-de-sa-commune\/\" enctype=\"multipart\/form-data\" method=\"post\" data-trp-original-action=\"https:\/\/geniwal.be\/produit\/retracer-lhistoire-de-sa-commune\/\">\n<div class=\"quantity buttons_added\"><\/div>\n<input type=\"hidden\" name=\"trp-form-language\" value=\"es\"\/><\/form>","protected":false},"featured_media":8379,"comment_status":"closed","ping_status":"closed","template":"","meta":{"_et_pb_use_builder":"","_et_pb_old_content":"","_et_gb_content_width":""},"product_brand":[],"product_cat":[112],"product_tag":[],"class_list":{"0":"post-8377","1":"product","2":"type-product","3":"status-publish","4":"has-post-thumbnail","6":"product_cat-guides","8":"first","9":"instock","10":"taxable","11":"shipping-taxable","12":"purchasable","13":"product-type-simple"},"aioseo_notices":[],"_links":{"self":[{"href":"https:\/\/geniwal.be\/es\/wp-json\/wp\/v2\/product\/8377","targetHints":{"allow":["GET"]}}],"collection":[{"href":"https:\/\/geniwal.be\/es\/wp-json\/wp\/v2\/product"}],"about":[{"href":"https:\/\/geniwal.be\/es\/wp-json\/wp\/v2\/types\/product"}],"replies":[{"embeddable":true,"href":"https:\/\/geniwal.be\/es\/wp-json\/wp\/v2\/comments?post=8377"}],"wp:featuredmedia":[{"embeddable":true,"href":"https:\/\/geniwal.be\/es\/wp-json\/wp\/v2\/media\/8379"}],"wp:attachment":[{"href":"https:\/\/geniwal.be\/es\/wp-json\/wp\/v2\/media?parent=8377"}],"wp:term":[{"taxonomy":"product_brand","embeddable":true,"href":"https:\/\/geniwal.be\/es\/wp-json\/wp\/v2\/product_brand?post=8377"},{"taxonomy":"product_cat","embeddable":true,"href":"https:\/\/geniwal.be\/es\/wp-json\/wp\/v2\/product_cat?post=8377"},{"taxonomy":"product_tag","embeddable":true,"href":"https:\/\/geniwal.be\/es\/wp-json\/wp\/v2\/product_tag?post=8377"}],"curies":[{"name":"wp","href":"https:\/\/api.w.org\/{rel}","templated":true}]}}