{"id":7148,"date":"2021-10-08T10:42:35","date_gmt":"2021-10-08T08:42:35","guid":{"rendered":"https:\/\/geniwal.be\/?page_id=7148"},"modified":"2022-01-22T16:13:09","modified_gmt":"2022-01-22T15:13:09","slug":"devenir-membre","status":"publish","type":"page","link":"https:\/\/geniwal.be\/it\/devenir-membre\/","title":{"rendered":"Diventa membro"},"content":{"rendered":"<div id=\"pl-7148\"  class=\"panel-layout\" >\n<div id=\"pg-7148-0\"  class=\"panel-grid panel-no-style\"  data-style=\"{&quot;background_image_attachment&quot;:false,&quot;background_display&quot;:&quot;tile&quot;,&quot;cell_alignment&quot;:&quot;flex-start&quot;,&quot;animation_event&quot;:&quot;enter&quot;,&quot;animation_screen_offset&quot;:&quot;0&quot;,&quot;animation_duration&quot;:&quot;1&quot;,&quot;animation_hide&quot;:true,&quot;animation_delay&quot;:&quot;0&quot;}\"  data-ratio=\"1\"  data-ratio-direction=\"right\" >\n<div id=\"pgc-7148-0-0\"  class=\"panel-grid-cell\"  data-weight=\"1\" >\n<div id=\"panel-7148-0-0-0\" class=\"so-panel widget widget_sow-hero panel-first-child panel-last-child widgetopts-SO\" data-index=\"0\" data-style=\"{&quot;background_image_attachment&quot;:false,&quot;background_display&quot;:&quot;tile&quot;,&quot;so_cpt_readonly&quot;:&quot;&quot;,&quot;animation_event&quot;:&quot;enter&quot;,&quot;animation_screen_offset&quot;:&quot;0&quot;,&quot;animation_duration&quot;:&quot;1&quot;,&quot;animation_hide&quot;:true,&quot;animation_delay&quot;:&quot;0&quot;}\" >[siteorigin_widget class=\u00a0\u00bbSiteOrigin_Widget_Hero_Widget\u00a0\u00bb]<input type=\"hidden\" value=\"{&quot;instance&quot;:{&quot;frames&quot;:[{&quot;content&quot;:&quot;&lt;div style=\\&quot;padding: 15px; background-color: #00000077;\\&quot;&gt;\\n&lt;h1 style=\\&quot;text-align: center;\\&quot;&gt;&lt;span style=\\&quot;font-family: oswald;\\&quot;&gt;FAIRE SA G\u00c9N\u00c9ALOGIE ENSEMBLE TEL EST NOTRE D\u00c9FI\u00a0!&lt;\\\/span&gt;&lt;\\\/h1&gt;\\n&lt;p&gt;&amp;nbsp;&lt;\\\/p&gt;\\n&lt;h4 style=\\&quot;text-align: center;\\&quot;&gt;&lt;span style=\\&quot;font-family: oswald;\\&quot;&gt;Rejoignez-nous en\u00a0&lt;span class=\\&quot;entete1\\&quot;&gt;&lt;a href=\\&quot;https:\\\/\\\/geniwal.be\\\/identifier\\\/\\&quot;&gt;devenant membre&lt;\\\/a&gt;&lt;\\\/span&gt;&lt;\\\/span&gt;&lt;\\\/h4&gt;\\n&lt;h4 style=\\&quot;text-align: center;\\&quot;&gt;&lt;span style=\\&quot;font-family: oswald;\\&quot;&gt; Actuellement plus de 900 membres sur notre plateforme&lt;\\\/span&gt;&lt;\\\/h4&gt;\\n&lt;\\\/div&gt;\\n&quot;,&quot;content_selected_editor&quot;:&quot;tinymce&quot;,&quot;content_animation&quot;:{&quot;type&quot;:&quot;&quot;,&quot;event&quot;:&quot;slide_display&quot;,&quot;screen_offset&quot;:0,&quot;duration&quot;:1,&quot;hide&quot;:true,&quot;delay&quot;:0,&quot;so_field_container_state&quot;:&quot;open&quot;},&quot;background&quot;:{&quot;image&quot;:2017,&quot;image_fallback&quot;:&quot;&quot;,&quot;size&quot;:&quot;full&quot;,&quot;image_type&quot;:&quot;cover&quot;,&quot;opacity&quot;:100,&quot;color&quot;:&quot;#333333&quot;,&quot;url&quot;:&quot;&quot;,&quot;background_video_opacity&quot;:100,&quot;so_field_container_state&quot;:&quot;open&quot;,&quot;new_window&quot;:false,&quot;videos&quot;:[],&quot;loop_background_videos&quot;:false},&quot;buttons&quot;:[]}],&quot;controls&quot;:{&quot;speed&quot;:800,&quot;timeout&quot;:8000,&quot;nav_color_hex&quot;:&quot;#FFFFFF&quot;,&quot;nav_style&quot;:&quot;thin&quot;,&quot;nav_size&quot;:25,&quot;swipe&quot;:true,&quot;unmute_position&quot;:&quot;top_right&quot;,&quot;so_field_container_state&quot;:&quot;open&quot;,&quot;autoplay&quot;:false,&quot;autoplay_hover&quot;:false,&quot;nav_always_show_desktop&quot;:false,&quot;nav_always_show_mobile&quot;:false,&quot;unmute&quot;:false,&quot;background_video_mobile&quot;:false},&quot;layout&quot;:{&quot;desktop&quot;:{&quot;height&quot;:&quot;500px&quot;,&quot;height_unit&quot;:&quot;px&quot;,&quot;padding&quot;:&quot;50px&quot;,&quot;padding_unit&quot;:&quot;px&quot;,&quot;extra_top_padding&quot;:&quot;0px&quot;,&quot;extra_top_padding_unit&quot;:&quot;px&quot;,&quot;padding_sides&quot;:&quot;20px&quot;,&quot;padding_sides_unit&quot;:&quot;px&quot;,&quot;width&quot;:&quot;1280px&quot;,&quot;width_unit&quot;:&quot;px&quot;,&quot;so_field_container_state&quot;:&quot;open&quot;},&quot;mobile&quot;:{&quot;height_responsive&quot;:&quot;500px&quot;,&quot;height_responsive_unit&quot;:&quot;px&quot;,&quot;padding&quot;:false,&quot;padding_unit&quot;:&quot;px&quot;,&quot;extra_top_padding&quot;:false,&quot;extra_top_padding_unit&quot;:&quot;px&quot;,&quot;padding_sides&quot;:false,&quot;padding_sides_unit&quot;:&quot;px&quot;,&quot;so_field_container_state&quot;:&quot;open&quot;},&quot;so_field_container_state&quot;:&quot;open&quot;,&quot;vertically_align&quot;:false},&quot;design&quot;:{&quot;heading_font&quot;:&quot;Oswald&quot;,&quot;heading_color&quot;:&quot;#FFFFFF&quot;,&quot;heading_size&quot;:&quot;38px&quot;,&quot;heading_size_unit&quot;:&quot;px&quot;,&quot;fittext&quot;:true,&quot;fittext_compressor&quot;:0.84999999999999997779553950749686919152736663818359375,&quot;heading_shadow&quot;:50,&quot;text_color&quot;:&quot;#F6F6F6&quot;,&quot;text_size&quot;:&quot;16px&quot;,&quot;text_size_unit&quot;:&quot;px&quot;,&quot;text_font&quot;:&quot;&quot;,&quot;text_shadow&quot;:25,&quot;link_color&quot;:false,&quot;link_color_hover&quot;:false,&quot;so_field_container_state&quot;:&quot;open&quot;},&quot;_sow_form_id&quot;:&quot;53860751061acf5cd7d4a9154376505&quot;,&quot;_sow_form_timestamp&quot;:&quot;1638725079745&quot;,&quot;siteorigin&quot;:&quot;1&quot;,&quot;extended_widget_opts&quot;:{&quot;id_base&quot;:&quot;c200&quot;,&quot;visibility&quot;:{&quot;options&quot;:&quot;hide&quot;},&quot;devices&quot;:{&quot;options&quot;:&quot;hide&quot;},&quot;alignment&quot;:{&quot;desktop&quot;:&quot;default&quot;},&quot;roles&quot;:[],&quot;class&quot;:[]},&quot;so_sidebar_emulator_id&quot;:&quot;sow-hero-714810000&quot;,&quot;option_name&quot;:&quot;widget_sow-hero&quot;},&quot;args&quot;:{&quot;before_widget&quot;:&quot;&lt;div id=\\&quot;panel-7148-0-0-0\\&quot; class=\\&quot;so-panel widget widget_sow-hero panel-first-child panel-last-child widgetopts-SO\\&quot; data-index=\\&quot;0\\&quot; data-style=\\&quot;{&amp;quot;background_image_attachment&amp;quot;:false,&amp;quot;background_display&amp;quot;:&amp;quot;tile&amp;quot;,&amp;quot;so_cpt_readonly&amp;quot;:&amp;quot;&amp;quot;,&amp;quot;animation_event&amp;quot;:&amp;quot;enter&amp;quot;,&amp;quot;animation_screen_offset&amp;quot;:&amp;quot;0&amp;quot;,&amp;quot;animation_duration&amp;quot;:&amp;quot;1&amp;quot;,&amp;quot;animation_hide&amp;quot;:true,&amp;quot;animation_delay&amp;quot;:&amp;quot;0&amp;quot;}\\&quot; &gt;&quot;,&quot;after_widget&quot;:&quot;&lt;\\\/div&gt;&quot;,&quot;before_title&quot;:&quot;&lt;h3 class=\\&quot;widget-title\\&quot;&gt;&quot;,&quot;after_title&quot;:&quot;&lt;\\\/h3&gt;&quot;,&quot;widget_id&quot;:&quot;widget-0-0-0&quot;}}\" \/>[\/siteorigin_widget]<\/div>\n<\/div>\n<\/div>\n<div id=\"pg-7148-1\"  class=\"panel-grid panel-has-style\"  data-style=\"{&quot;row_css&quot;:&quot;margin-top: 100px !important;&quot;,&quot;background_image_attachment&quot;:false,&quot;background_display&quot;:&quot;tile&quot;,&quot;cell_alignment&quot;:&quot;flex-start&quot;,&quot;animation_event&quot;:&quot;enter&quot;,&quot;animation_screen_offset&quot;:&quot;0&quot;,&quot;animation_duration&quot;:&quot;1&quot;,&quot;animation_hide&quot;:true,&quot;animation_delay&quot;:&quot;0&quot;}\" >\n<div class=\"panel-row-style panel-row-style-for-7148-1\" >\n<div id=\"pgc-7148-1-0\"  class=\"panel-grid-cell\"  data-weight=\"0.5\" >\n<div id=\"panel-7148-1-0-0\" class=\"so-panel widget widget_sow-editor panel-first-child panel-last-child widgetopts-SO\" data-index=\"1\" data-style=\"{&quot;widget_css&quot;:&quot;background-color : #d46f77 !important;\\ncolor:white !important;\\n\\n&quot;,&quot;background_image_attachment&quot;:false,&quot;background_display&quot;:&quot;tile&quot;,&quot;so_cpt_readonly&quot;:&quot;&quot;,&quot;animation_event&quot;:&quot;enter&quot;,&quot;animation_screen_offset&quot;:&quot;0&quot;,&quot;animation_duration&quot;:&quot;1&quot;,&quot;animation_hide&quot;:true,&quot;animation_delay&quot;:&quot;0&quot;}\" >\n<div class=\"panel-widget-style panel-widget-style-for-7148-1-0-0\" >\n<div class=\"so-widget-sow-editor so-widget-sow-editor-base\">\n<div class=\"siteorigin-widget-tinymce textwidget\">\n<h2 style=\"text-align: center; color: white;\">Cotisation annuelle 30 euros<\/h2>\n<ul>\n<li style=\"text-align: left;\">Acc\u00e8s \u00e0 la biblioth\u00e8que<\/li>\n<li>Acc\u00e8s aux permanences des antennes<\/li>\n<li>Acc\u00e8s aux bases de d\u00e9pouillement en ligne<\/li>\n<li>Acc\u00e8s aux \u00e9v\u00e8nements organis\u00e9s (\u00e0 co\u00fbt r\u00e9duit)<\/li>\n<li>2 recherches d&rsquo;actes gratuits num\u00e9ris\u00e9s<\/li>\n<li>Les recherches suppl\u00e9mentaires \u00e0 tarif privil\u00e9gi\u00e9<\/li>\n<\/ul>\n<p>&nbsp;<br \/>\n<a style=\"color:white !important\" href=\"\/offrecotisation\"><\/p>\n<h2 style=\"padding: 15px; background: #ddd;max-width:270px; text-align:center; margin: 0 auto; \">Formulaire d&rsquo;inscription<\/h2>\n<p><\/a>\n<\/div>\n<\/div>\n<\/div>\n<\/div>\n<\/div>\n<div id=\"pgc-7148-1-1\"  class=\"panel-grid-cell\"  data-weight=\"0.5\" >\n<div id=\"panel-7148-1-1-0\" class=\"so-panel widget widget_sow-editor panel-first-child panel-last-child widgetopts-SO\" data-index=\"2\" data-style=\"{&quot;widget_css&quot;:&quot;background-color : #d46f77 !important;\\ncolor:white !important;\\n\\n&quot;,&quot;background_image_attachment&quot;:false,&quot;background_display&quot;:&quot;tile&quot;,&quot;so_cpt_readonly&quot;:&quot;&quot;,&quot;animation_event&quot;:&quot;enter&quot;,&quot;animation_screen_offset&quot;:&quot;0&quot;,&quot;animation_duration&quot;:&quot;1&quot;,&quot;animation_hide&quot;:true,&quot;animation_delay&quot;:&quot;0&quot;}\" >\n<div class=\"panel-widget-style panel-widget-style-for-7148-1-1-0\" >\n<div class=\"so-widget-sow-editor so-widget-sow-editor-base\">\n<div class=\"siteorigin-widget-tinymce textwidget\">\n<h2 style=\"text-align: center; color: white;\">Offre de 7 jours pour 7 euros<\/h2>\n<ul>\n<li>Acc\u00e8s aux bases de d\u00e9pouillement en ligne pour une dur\u00e9e de 7 jours<\/li>\n<li style=\"list-style-type: none;\">&nbsp;<\/li>\n<li style=\"list-style-type: none;\">&nbsp;<\/li>\n<li style=\"list-style-type: none;\">&nbsp;<\/li>\n<li style=\"list-style-type: none;\">&nbsp;<\/li>\n<li style=\"list-style-type: none;\">&nbsp;<\/li>\n<\/ul>\n<p>&nbsp;<br \/>\n<a style=\"color:white !important\" href=\"\/offre7jours\/\"><\/p>\n<h2 style=\"padding: 15px; background: #ddd; max-width: 270px; text-align: center; margin: 0 auto;\">Formulaire d&rsquo;inscription<\/h2>\n<p><\/a>\n<\/div>\n<\/div>\n<\/div>\n<\/div>\n<\/div>\n<\/div>\n<\/div>\n<\/div>\n","protected":false},"excerpt":{"rendered":"<p>[siteorigin_widget class=\u00a0\u00bbSiteOrigin_Widget_Hero_Widget\u00a0\u00bb][\/siteorigin_widget] Cotisation annuelle 30 euros Acc\u00e8s \u00e0 la biblioth\u00e8que Acc\u00e8s aux permanences des antennes Acc\u00e8s aux bases de d\u00e9pouillement en ligne Acc\u00e8s aux \u00e9v\u00e8nements organis\u00e9s (\u00e0 co\u00fbt r\u00e9duit) 2 [&hellip;]<\/p>\n","protected":false},"author":2,"featured_media":9022,"parent":0,"menu_order":0,"comment_status":"closed","ping_status":"closed","template":"","meta":{"_et_pb_use_builder":"","_et_pb_old_content":"","_et_gb_content_width":"","footnotes":""},"class_list":["post-7148","page","type-page","status-publish","has-post-thumbnail","hentry"],"aioseo_notices":[],"_links":{"self":[{"href":"https:\/\/geniwal.be\/it\/wp-json\/wp\/v2\/pages\/7148","targetHints":{"allow":["GET"]}}],"collection":[{"href":"https:\/\/geniwal.be\/it\/wp-json\/wp\/v2\/pages"}],"about":[{"href":"https:\/\/geniwal.be\/it\/wp-json\/wp\/v2\/types\/page"}],"author":[{"embeddable":true,"href":"https:\/\/geniwal.be\/it\/wp-json\/wp\/v2\/users\/2"}],"replies":[{"embeddable":true,"href":"https:\/\/geniwal.be\/it\/wp-json\/wp\/v2\/comments?post=7148"}],"version-history":[{"count":0,"href":"https:\/\/geniwal.be\/it\/wp-json\/wp\/v2\/pages\/7148\/revisions"}],"wp:featuredmedia":[{"embeddable":true,"href":"https:\/\/geniwal.be\/it\/wp-json\/wp\/v2\/media\/9022"}],"wp:attachment":[{"href":"https:\/\/geniwal.be\/it\/wp-json\/wp\/v2\/media?parent=7148"}],"curies":[{"name":"wp","href":"https:\/\/api.w.org\/{rel}","templated":true}]}}