{"id":7157,"date":"2021-10-08T10:41:32","date_gmt":"2021-10-08T08:41:32","guid":{"rendered":"https:\/\/geniwal.be\/?page_id=7157"},"modified":"2023-09-27T19:48:11","modified_gmt":"2023-09-27T17:48:11","slug":"offre7jours","status":"publish","type":"page","link":"https:\/\/geniwal.be\/it\/offre7jours\/","title":{"rendered":"Offerta di 7 giorni"},"content":{"rendered":"<div id=\"pl-7157\" class=\"panel-layout\">\n<div id=\"pg-7157-0\" class=\"panel-grid panel-no-style\" data-style=\"{&quot;background_image_attachment&quot;:false,&quot;background_display&quot;:&quot;tile&quot;,&quot;cell_alignment&quot;:&quot;flex-start&quot;,&quot;animation_event&quot;:&quot;enter&quot;,&quot;animation_screen_offset&quot;:&quot;0&quot;,&quot;animation_duration&quot;:&quot;1&quot;,&quot;animation_hide&quot;:true,&quot;animation_delay&quot;:&quot;0&quot;}\" data-ratio=\"1\" data-ratio-direction=\"right\">\n<div id=\"pgc-7157-0-0\" class=\"panel-grid-cell\" data-weight=\"1\"><\/div>\n<\/div>\n<div id=\"pg-7157-1\" class=\"panel-grid panel-no-style\" data-ratio=\"1\" data-ratio-direction=\"right\">\n<div id=\"pgc-7157-1-0\" class=\"panel-grid-cell\" data-weight=\"1\">\n<div id=\"panel-7157-1-0-0\" class=\"so-panel widget widget_sow-headline panel-first-child panel-last-child widgetopts-SO\" data-index=\"1\" data-style=\"{&quot;background_image_attachment&quot;:false,&quot;background_display&quot;:&quot;tile&quot;,&quot;so_cpt_readonly&quot;:&quot;&quot;,&quot;animation_event&quot;:&quot;enter&quot;,&quot;animation_screen_offset&quot;:&quot;0&quot;,&quot;animation_duration&quot;:&quot;1&quot;,&quot;animation_hide&quot;:true,&quot;animation_delay&quot;:&quot;0&quot;}\"><strong style=\"font-size: 14pt;\"><span style=\"font-family: arial, helvetica, sans-serif;\">Pour s&rsquo;inscrire, il suffit de compl\u00e9ter le Formulaire d&rsquo;inscription \/ Devenir membre G\u00e9ni<span style=\"color: #ff0000;\">W<\/span>al ci-dessous.<\/span><\/strong><\/div>\n<\/div>\n<\/div>\n<div id=\"pg-7157-2\" class=\"panel-grid panel-no-style\" data-style=\"{&quot;background_image_attachment&quot;:false,&quot;background_display&quot;:&quot;tile&quot;,&quot;cell_alignment&quot;:&quot;flex-start&quot;,&quot;animation_event&quot;:&quot;enter&quot;,&quot;animation_screen_offset&quot;:&quot;0&quot;,&quot;animation_duration&quot;:&quot;1&quot;,&quot;animation_hide&quot;:true,&quot;animation_delay&quot;:&quot;0&quot;}\" data-ratio=\"1\" data-ratio-direction=\"right\">\n<div id=\"pgc-7157-2-0\" class=\"panel-grid-cell\" data-weight=\"0.5\">\n<div id=\"panel-7157-2-0-0\" class=\"so-panel widget widget_sow-editor panel-first-child panel-last-child widgetopts-SO\" data-index=\"2\" data-style=\"{&quot;widget_css&quot;:&quot;font-family: arial;\\nbackground-color: white;\\npadding: 20px;&quot;,&quot;background_image_attachment&quot;:false,&quot;background_display&quot;:&quot;tile&quot;,&quot;so_cpt_readonly&quot;:&quot;&quot;,&quot;animation_event&quot;:&quot;enter&quot;,&quot;animation_screen_offset&quot;:&quot;0&quot;,&quot;animation_duration&quot;:&quot;1&quot;,&quot;animation_hide&quot;:true,&quot;animation_delay&quot;:&quot;0&quot;}\">\n<div class=\"panel-widget-style panel-widget-style-for-7157-2-0-0\">\n<div class=\"so-widget-sow-editor so-widget-sow-editor-base\">\n<div class=\"siteorigin-widget-tinymce textwidget\">\n<p style=\"text-align: left;\"><span style=\"font-family: arial, helvetica, sans-serif;\">L&rsquo;offre s\u00e9lectionn\u00e9e sera valable pour une dur\u00e9e de 7 jours calendrier apr\u00e8s r\u00e9ception de votre login et mot de passe.<\/span><\/p>\n<p style=\"text-align: left;\"><span style=\"font-family: arial, helvetica, sans-serif;\">Vi invieremo il codice di accesso e la password non appena avremo ricevuto il pagamento.<\/span><\/p>\n<p><span style=\"font-size: 14pt; color: #0000ff;\"><strong><span style=\"font-family: arial, helvetica, sans-serif;\"><a style=\"color: #0000ff;\" href=\"https:\/\/geniwal.be\/wp-content\/uploads\/2021\/06\/STATUT-GENIWAL.pdf\">STATUT GENIWAL<\/a><\/span><\/strong><\/span><br \/>\n<span style=\"color: #0000ff;\"><strong><span style=\"font-family: arial, helvetica, sans-serif; font-size: 14pt;\"><a style=\"color: #0000ff;\" href=\"https:\/\/geniwal.be\/wp-content\/uploads\/2021\/06\/ROI.pdf\">REGLEMENT ORDRE INTERIEUR<\/a><\/span><\/strong><\/span><\/p>\n<p>&nbsp;<\/p>\n<p style=\"text-align: left;\">\n<\/div>\n<\/div>\n<\/div>\n<\/div>\n<\/div>\n<div id=\"pgc-7157-2-1\" class=\"panel-grid-cell\" data-weight=\"0.5\">\n<div id=\"panel-7157-2-1-0\" class=\"so-panel widget widget_sow-editor panel-first-child panel-last-child widgetopts-SO\" data-index=\"3\" data-style=\"{&quot;widget_css&quot;:&quot;font-family: arial;\\nbackground-color: white;\\npadding: 20px;&quot;,&quot;background_image_attachment&quot;:false,&quot;background_display&quot;:&quot;tile&quot;,&quot;so_cpt_readonly&quot;:&quot;&quot;,&quot;animation_event&quot;:&quot;enter&quot;,&quot;animation_screen_offset&quot;:&quot;0&quot;,&quot;animation_duration&quot;:&quot;1&quot;,&quot;animation_hide&quot;:true,&quot;animation_delay&quot;:&quot;0&quot;}\">\n<div class=\"panel-widget-style panel-widget-style-for-7157-2-1-0\">\n<div class=\"so-widget-sow-editor so-widget-sow-editor-base\">\n<div class=\"siteorigin-widget-tinymce textwidget\">\n<p style=\"text-align: left;\"><b>Montants pour la Belgique :<\/b><\/p>\n<p style=\"text-align: left;\">Offre limit\u00e9e \u00e0 7 jours \u00a0: <b>7 \u20ac<\/b><\/p>\n<p style=\"text-align: left;\"><b>Montants pour l\u2019Union Europ\u00e9enne :<\/b><\/p>\n<p style=\"text-align: left;\">Offre limit\u00e9e \u00e0 7 jours : <b>7 \u20ac\u00a0<\/b><\/p>\n<p style=\"text-align: left;\">Per gli altri Paesi, contattateci:\u00a0<a href=\"mailto:geniwal@gmail.com\">geniwal@gmail.com<\/a>.<\/p>\n<p style=\"text-align: left;\">Il pagamento pu\u00f2 essere effettuato a scelta tra :<\/p>\n<ul>\n<li>tramite bonifico bancario: sul nostro conto IBAN: BE08 3401 8352 1513 - BIC: BBRUBEBB<br \/>\nper il Belgio e per l'estero,<\/li>\n<li>o sul nostro conto corrente IBAN: FR76 1027 8088 5200 0203 5840 152 - BIC: CMCIFR2A<br \/>\nper la Francia.<\/li>\n<li>par ch\u00e8que (France) \u00e0 envoyer \u00e0 G\u00e9niWal, 24 Place de la Cure, 1300 WAVRE, Belgique<\/li>\n<li>tramite paypal (contattaci :\u00a0<a href=\"mailto:geniwal@gmail.com\">geniwal@gmail.com<\/a>)<\/li>\n<\/ul>\n<p style=\"text-align: center;\">\n<\/div>\n<\/div>\n<\/div>\n<\/div>\n<\/div>\n<\/div>\n<div id=\"pg-7157-3\" class=\"panel-grid panel-no-style\" data-style=\"{&quot;background_image_attachment&quot;:false,&quot;background_display&quot;:&quot;tile&quot;,&quot;cell_alignment&quot;:&quot;flex-start&quot;,&quot;animation_event&quot;:&quot;enter&quot;,&quot;animation_screen_offset&quot;:&quot;0&quot;,&quot;animation_duration&quot;:&quot;1&quot;,&quot;animation_hide&quot;:true,&quot;animation_delay&quot;:&quot;0&quot;}\" data-ratio=\"1\" data-ratio-direction=\"right\">\n<div id=\"pgc-7157-3-0\" class=\"panel-grid-cell panel-grid-cell-empty\" data-weight=\"0.02020202020202\"><\/div>\n<div id=\"pgc-7157-3-1\" class=\"panel-grid-cell panel-grid-cell-mobile-last\" data-weight=\"0.95959595959596\">\n<div id=\"panel-7157-3-1-0\" class=\"so-panel widget widget_sow-editor panel-first-child panel-last-child widgetopts-SO\" data-index=\"4\" data-style=\"{&quot;background_image_attachment&quot;:false,&quot;background_display&quot;:&quot;tile&quot;,&quot;so_cpt_readonly&quot;:&quot;&quot;,&quot;animation_event&quot;:&quot;enter&quot;,&quot;animation_screen_offset&quot;:&quot;0&quot;,&quot;animation_duration&quot;:&quot;1&quot;,&quot;animation_hide&quot;:true,&quot;animation_delay&quot;:&quot;0&quot;}\">\n<div class=\"so-widget-sow-editor so-widget-sow-editor-base\">\n<div class=\"siteorigin-widget-tinymce textwidget\">\n<div style=\"padding: 10px; color: darkred; font-size: 20px;\"><center><br \/>\n<span style=\"font-family: arial, helvetica, sans-serif;\"><br \/>\n<strong>Attenzione! Non dimenticate di compilare il campo \"Anti-Spam\" e i campi contrassegnati da un *.<\/p>\n<p>In caso contrario, durante la convalida, il modulo rifiuter\u00e0 di essere salvato e i campi in rosso dovranno essere compilati.<br \/>\n<\/strong><br \/>\n<\/span><\/center><\/div>\n<\/div>\n<\/div>\n<\/div>\n<\/div>\n<\/div>\n<div id=\"pg-7157-5\" class=\"panel-grid panel-no-style\" data-style=\"{&quot;background_image_attachment&quot;:false,&quot;background_display&quot;:&quot;tile&quot;,&quot;cell_alignment&quot;:&quot;flex-start&quot;,&quot;animation_event&quot;:&quot;enter&quot;,&quot;animation_screen_offset&quot;:&quot;0&quot;,&quot;animation_duration&quot;:&quot;1&quot;,&quot;animation_hide&quot;:true,&quot;animation_delay&quot;:&quot;0&quot;}\" data-ratio=\"1\" data-ratio-direction=\"right\">\n<div id=\"pgc-7157-5-0\" class=\"panel-grid-cell\" data-weight=\"1\">\n<div id=\"panel-7157-5-0-0\" class=\"so-panel widget widget_sow-button panel-first-child panel-last-child widgetopts-SO\" data-index=\"6\" data-style=\"{&quot;background_image_attachment&quot;:false,&quot;background_display&quot;:&quot;tile&quot;,&quot;so_cpt_readonly&quot;:&quot;&quot;,&quot;animation_event&quot;:&quot;enter&quot;,&quot;animation_screen_offset&quot;:&quot;0&quot;,&quot;animation_duration&quot;:&quot;1&quot;,&quot;animation_hide&quot;:true,&quot;animation_delay&quot;:&quot;0&quot;}\"><\/div>\n<\/div>\n<\/div>\n<\/div>","protected":false},"excerpt":{"rendered":"<p>Pour s&rsquo;inscrire, il suffit de compl\u00e9ter le Formulaire d&rsquo;inscription \/ Devenir membre G\u00e9niWal ci-dessous. L&rsquo;offre s\u00e9lectionn\u00e9e sera valable pour une dur\u00e9e de 7 jours calendrier apr\u00e8s r\u00e9ception de votre login [&hellip;]<\/p>\n","protected":false},"author":2,"featured_media":9022,"parent":0,"menu_order":0,"comment_status":"closed","ping_status":"closed","template":"","meta":{"_et_pb_use_builder":"","_et_pb_old_content":"","_et_gb_content_width":"","footnotes":""},"class_list":["post-7157","page","type-page","status-publish","has-post-thumbnail","hentry"],"aioseo_notices":[],"_links":{"self":[{"href":"https:\/\/geniwal.be\/it\/wp-json\/wp\/v2\/pages\/7157","targetHints":{"allow":["GET"]}}],"collection":[{"href":"https:\/\/geniwal.be\/it\/wp-json\/wp\/v2\/pages"}],"about":[{"href":"https:\/\/geniwal.be\/it\/wp-json\/wp\/v2\/types\/page"}],"author":[{"embeddable":true,"href":"https:\/\/geniwal.be\/it\/wp-json\/wp\/v2\/users\/2"}],"replies":[{"embeddable":true,"href":"https:\/\/geniwal.be\/it\/wp-json\/wp\/v2\/comments?post=7157"}],"version-history":[{"count":2,"href":"https:\/\/geniwal.be\/it\/wp-json\/wp\/v2\/pages\/7157\/revisions"}],"predecessor-version":[{"id":226132,"href":"https:\/\/geniwal.be\/it\/wp-json\/wp\/v2\/pages\/7157\/revisions\/226132"}],"wp:featuredmedia":[{"embeddable":true,"href":"https:\/\/geniwal.be\/it\/wp-json\/wp\/v2\/media\/9022"}],"wp:attachment":[{"href":"https:\/\/geniwal.be\/it\/wp-json\/wp\/v2\/media?parent=7157"}],"curies":[{"name":"wp","href":"https:\/\/api.w.org\/{rel}","templated":true}]}}