{"id":227015,"date":"2024-05-06T23:49:37","date_gmt":"2024-05-06T21:49:37","guid":{"rendered":"https:\/\/geniwal.be\/?post_type=product&#038;p=227015"},"modified":"2024-05-06T23:55:52","modified_gmt":"2024-05-06T21:55:52","slug":"generamax-etiquettes","status":"publish","type":"product","link":"https:\/\/geniwal.be\/it\/boutique\/arbres\/generamax-etiquettes\/","title":{"rendered":"G\u00e9n\u00e9raMax - Etichette"},"content":{"rendered":"<p><strong>Il G\u00e9n\u00e9raMax, il degno erede del G\u00e9n\u00e9rama!<\/strong><\/p>\n<p style=\"font-weight: 400;\">Assortiment de planches d&rsquo;\u00e9tiquettes autocollantes pour personnaliser votre G\u00e9n\u00e9raMax. A g\u00e9n\u00e9rer \u00e0 partir de votre gedcom et \u00e0 imprimer chez vous.<br \/>\nQueste etichette sono pretagliate e, una volta stampate, devono solo essere applicate sul Generamax.<\/p>\n<p>l&rsquo;assortiment compl\u00e9mentaire est dot\u00e9 de 10 planches\u00a0 (soit 360 \u00e9tiquettes)<\/p>\n<p><strong>Informazioni pratiche :<\/strong><\/p>\n<p style=\"font-weight: 400;\"><b><strong>Etichette autoadesive: per raggiungere la perfezione in modo semplice e veloce<\/strong><\/b><\/p>\n<p style=\"font-weight: 400;\">Il principio \u00e8 semplice: si stampano a casa etichette autoadesive sulla base dei propri dati genealogici (file gedcom).<br \/>\nLe etichette offrono tre vantaggi:<br \/>\n1) vous vous servez des donn\u00e9es de votre programme g\u00e9n\u00e9alogique personnel (G\u00e9n\u00e9anet, Filae, Heredis, G\u00e9n\u00e9atique&#8230;)<br \/>\n2) Create le vostre etichette a casa, a vostro piacimento, man mano che procedete.<br \/>\n3) il vostro Generamax sar\u00e0 perfetto con scritte leggibili e regolari<\/p>\n<p style=\"font-weight: 400;\"><b><strong>Come si procede?<\/strong><\/b><\/p>\n<p style=\"font-weight: 400;\">Per realizzare le proprie etichette personalizzate, \u00e8 necessario soddisfare due condizioni:<br \/>\n&#8211; utiliser un programme informatique de g\u00e9n\u00e9alogie compatible avec la norme gedcom (comme la plupart des programmes existants tels G\u00e9n\u00e9anet, Filae, Heredis, G\u00e9n\u00e9atique, et bien d&rsquo;autres&#8230;)<br \/>\n&#8211; disposez d&rsquo;une imprimante<\/p>\n<p style=\"font-weight: 400;\">Grace \u00e0 l&rsquo;application en ligne (Gen-Etik) ou au logiciel gratuit Visuged, vos donn\u00e9es g\u00e9n\u00e9alogiques seront reprises \u00e0 la perfection pour r\u00e9aliser sans faille les \u00e9tiquettes de votre choix.<br \/>\nIl processo informatico \u00e8 semplificato al massimo per limitare la manipolazione e gli errori.<\/p>","protected":false},"excerpt":{"rendered":"<p><strong>R\u00e9f\u00e9rence du produit: 704002<\/strong><\/p>\n<p><strong>Commande :<\/strong><\/p>\n<p>Directement chez le fournisseur payement via Carte Bancaire, Virement, ou Paypal<\/p>\n<p>&nbsp;<\/p>","protected":false},"featured_media":227013,"comment_status":"closed","ping_status":"closed","template":"","meta":{"_et_pb_use_builder":"","_et_pb_old_content":"","_et_gb_content_width":""},"product_brand":[],"product_cat":[109],"product_tag":[237],"class_list":{"0":"post-227015","1":"product","2":"type-product","3":"status-publish","4":"has-post-thumbnail","6":"product_cat-arbres","7":"product_tag-arbre-generama","9":"first","10":"outofstock","11":"taxable","12":"shipping-taxable","13":"purchasable","14":"product-type-simple"},"aioseo_notices":[],"_links":{"self":[{"href":"https:\/\/geniwal.be\/it\/wp-json\/wp\/v2\/product\/227015","targetHints":{"allow":["GET"]}}],"collection":[{"href":"https:\/\/geniwal.be\/it\/wp-json\/wp\/v2\/product"}],"about":[{"href":"https:\/\/geniwal.be\/it\/wp-json\/wp\/v2\/types\/product"}],"replies":[{"embeddable":true,"href":"https:\/\/geniwal.be\/it\/wp-json\/wp\/v2\/comments?post=227015"}],"wp:featuredmedia":[{"embeddable":true,"href":"https:\/\/geniwal.be\/it\/wp-json\/wp\/v2\/media\/227013"}],"wp:attachment":[{"href":"https:\/\/geniwal.be\/it\/wp-json\/wp\/v2\/media?parent=227015"}],"wp:term":[{"taxonomy":"product_brand","embeddable":true,"href":"https:\/\/geniwal.be\/it\/wp-json\/wp\/v2\/product_brand?post=227015"},{"taxonomy":"product_cat","embeddable":true,"href":"https:\/\/geniwal.be\/it\/wp-json\/wp\/v2\/product_cat?post=227015"},{"taxonomy":"product_tag","embeddable":true,"href":"https:\/\/geniwal.be\/it\/wp-json\/wp\/v2\/product_tag?post=227015"}],"curies":[{"name":"wp","href":"https:\/\/api.w.org\/{rel}","templated":true}]}}