{"id":5103,"date":"2020-03-08T08:13:55","date_gmt":"2020-03-08T07:13:55","guid":{"rendered":"https:\/\/geniwal.be\/?post_type=product&#038;p=5103"},"modified":"2025-06-01T21:51:57","modified_gmt":"2025-06-01T19:51:57","slug":"larbre-geniwal-7-generations-couleurs","status":"publish","type":"product","link":"https:\/\/geniwal.be\/it\/boutique\/arbres\/larbre-geniwal-7-generations-couleurs\/","title":{"rendered":"L'albero dei colori di 7 generazioni di G\u00e9niWal"},"content":{"rendered":"","protected":false},"excerpt":{"rendered":"<div><strong>R\u00e9f\u00e9rence du produit :<\/strong> 00010: Albero dei colori di 7 generazioni GeniWal<\/div>\n<ul>\n<li>Arbre vide \u00e0 7 g\u00e9n\u00e9rations, couleur, format\u00a066,5 cm sur 41,7 cm,\u00a0cr\u00e9ation G\u00e9niWal.<\/li>\n<li><b><\/b>Livraison sous tube<\/li>\n<\/ul>\n<p><b>Tempi di consegna 10 giorni dal ricevimento del pagamento<\/b><b><br \/>\n<\/b><b><br \/>\n<\/b>Tutti i modelli e i disegni sono protetti da copyright.<br \/>\n(Codice francese della propriet\u00e0 intellettuale).<br \/>\n\u00a9 2012 G\u00e9niWal a.s.b.l<\/p>","protected":false},"featured_media":5104,"comment_status":"closed","ping_status":"closed","template":"","meta":{"_et_pb_use_builder":"","_et_pb_old_content":"","_et_gb_content_width":""},"product_brand":[],"product_cat":[109],"product_tag":[124],"class_list":{"0":"post-5103","1":"product","2":"type-product","3":"status-publish","4":"has-post-thumbnail","6":"product_cat-arbres","7":"product_tag-00010-arbre-geniwal-7-generations-couleurs","9":"first","10":"instock","11":"taxable","12":"shipping-taxable","13":"purchasable","14":"product-type-simple"},"aioseo_notices":[],"_links":{"self":[{"href":"https:\/\/geniwal.be\/it\/wp-json\/wp\/v2\/product\/5103","targetHints":{"allow":["GET"]}}],"collection":[{"href":"https:\/\/geniwal.be\/it\/wp-json\/wp\/v2\/product"}],"about":[{"href":"https:\/\/geniwal.be\/it\/wp-json\/wp\/v2\/types\/product"}],"replies":[{"embeddable":true,"href":"https:\/\/geniwal.be\/it\/wp-json\/wp\/v2\/comments?post=5103"}],"wp:featuredmedia":[{"embeddable":true,"href":"https:\/\/geniwal.be\/it\/wp-json\/wp\/v2\/media\/5104"}],"wp:attachment":[{"href":"https:\/\/geniwal.be\/it\/wp-json\/wp\/v2\/media?parent=5103"}],"wp:term":[{"taxonomy":"product_brand","embeddable":true,"href":"https:\/\/geniwal.be\/it\/wp-json\/wp\/v2\/product_brand?post=5103"},{"taxonomy":"product_cat","embeddable":true,"href":"https:\/\/geniwal.be\/it\/wp-json\/wp\/v2\/product_cat?post=5103"},{"taxonomy":"product_tag","embeddable":true,"href":"https:\/\/geniwal.be\/it\/wp-json\/wp\/v2\/product_tag?post=5103"}],"curies":[{"name":"wp","href":"https:\/\/api.w.org\/{rel}","templated":true}]}}