{"id":5107,"date":"2020-03-08T08:24:25","date_gmt":"2020-03-08T07:24:25","guid":{"rendered":"https:\/\/geniwal.be\/?post_type=product&#038;p=5107"},"modified":"2023-09-22T01:45:21","modified_gmt":"2023-09-21T23:45:21","slug":"2-arbres-geniwal-7-generations-1-noir-et-1-couleur","status":"publish","type":"product","link":"https:\/\/geniwal.be\/it\/boutique\/arbres\/2-arbres-geniwal-7-generations-1-noir-et-1-couleur\/","title":{"rendered":"2 alberi G\u00e9niWal a 7 generazioni: 1 nero e 1 a colori"},"content":{"rendered":"","protected":false},"excerpt":{"rendered":"<div><strong>R\u00e9f\u00e9rence du produit :<\/strong> 2 alberi G\u00e9niWal a 7 generazioni: 1 nero e 1 a colori<\/div>\n<ul>\n<li>Arbre vide \u00e0 7 g\u00e9n\u00e9rations, noir et blanc, format A0, cr\u00e9ation G\u00e9niWal.<\/li>\n<li>Arbre vide \u00e0 7 g\u00e9n\u00e9rations, couleur, format A0, cr\u00e9ation G\u00e9niwal.<\/li>\n<li>Livraison sous tube (livraison compris)<\/li>\n<\/ul>\n<p><b>Tempi di consegna 10 giorni dal ricevimento del pagamento<\/b><b><br \/>\n<\/b><b><br \/>\n<\/b>Tutti i modelli e i disegni sono protetti da copyright.<br \/>\n(Codice francese della propriet\u00e0 intellettuale).<br \/>\n\u00a9 2012 G\u00e9niWal a.s.b.l<\/p>","protected":false},"featured_media":6561,"comment_status":"closed","ping_status":"closed","template":"","meta":{"_et_pb_use_builder":"","_et_pb_old_content":"","_et_gb_content_width":""},"product_brand":[],"product_cat":[109],"product_tag":[126],"class_list":{"0":"post-5107","1":"product","2":"type-product","3":"status-publish","4":"has-post-thumbnail","6":"product_cat-arbres","7":"product_tag-2-arbres-geniwal-7-generations-1-noir-et-1-couleur","9":"first","10":"instock","11":"sale","12":"taxable","13":"shipping-taxable","14":"purchasable","15":"product-type-simple"},"aioseo_notices":[],"_links":{"self":[{"href":"https:\/\/geniwal.be\/it\/wp-json\/wp\/v2\/product\/5107","targetHints":{"allow":["GET"]}}],"collection":[{"href":"https:\/\/geniwal.be\/it\/wp-json\/wp\/v2\/product"}],"about":[{"href":"https:\/\/geniwal.be\/it\/wp-json\/wp\/v2\/types\/product"}],"replies":[{"embeddable":true,"href":"https:\/\/geniwal.be\/it\/wp-json\/wp\/v2\/comments?post=5107"}],"wp:featuredmedia":[{"embeddable":true,"href":"https:\/\/geniwal.be\/it\/wp-json\/wp\/v2\/media\/6561"}],"wp:attachment":[{"href":"https:\/\/geniwal.be\/it\/wp-json\/wp\/v2\/media?parent=5107"}],"wp:term":[{"taxonomy":"product_brand","embeddable":true,"href":"https:\/\/geniwal.be\/it\/wp-json\/wp\/v2\/product_brand?post=5107"},{"taxonomy":"product_cat","embeddable":true,"href":"https:\/\/geniwal.be\/it\/wp-json\/wp\/v2\/product_cat?post=5107"},{"taxonomy":"product_tag","embeddable":true,"href":"https:\/\/geniwal.be\/it\/wp-json\/wp\/v2\/product_tag?post=5107"}],"curies":[{"name":"wp","href":"https:\/\/api.w.org\/{rel}","templated":true}]}}