{"id":5144,"date":"2020-03-09T09:05:10","date_gmt":"2020-03-09T08:05:10","guid":{"rendered":"https:\/\/geniwal.be\/?post_type=product&#038;p=5144"},"modified":"2020-09-22T11:19:56","modified_gmt":"2020-09-22T09:19:56","slug":"cd-genealogie-ascendante-de-julos-beaucarne","status":"publish","type":"product","link":"https:\/\/geniwal.be\/it\/boutique\/cd-de-recherches\/cd-genealogie-ascendante-de-julos-beaucarne\/","title":{"rendered":"CD Genealogia ascendente di Julos BEAUCARNE"},"content":{"rendered":"<p>CD contenant la g\u00e9n\u00e9alogie compl\u00e8te de Julos Beaucarme n\u00e9 \u00e0 Bruxelles en juin 1936. Les beaucarme \u00e9taient \u00e0 l&rsquo;origine une famille de cultivateurs, implant\u00e9e \u00e0 Herseaux, pr\u00e8s de Mouscron.<\/p>","protected":false},"excerpt":{"rendered":"<p><strong>R\u00e9f\u00e9rence :<\/strong> 700033<\/p>\n<p>CD : G\u00e9n\u00e9alogie ascendante de Julos BEAUCARNE, chanteur wallon<\/p>\n<p>Auteur : Gilberte Rousseau (+)<\/p>\n<p><b style=\"color: #ff0000;\">Quantit\u00e9 maximum par commande : 10<\/b><\/p>","protected":false},"featured_media":5147,"comment_status":"closed","ping_status":"closed","template":"","meta":{"_et_pb_use_builder":"","_et_pb_old_content":"","_et_gb_content_width":""},"product_brand":[],"product_cat":[110],"product_tag":[216],"class_list":{"0":"post-5144","1":"product","2":"type-product","3":"status-publish","4":"has-post-thumbnail","6":"product_cat-cd-de-recherches","7":"product_tag-216","9":"first","10":"instock","11":"taxable","12":"shipping-taxable","13":"purchasable","14":"product-type-simple"},"aioseo_notices":[],"_links":{"self":[{"href":"https:\/\/geniwal.be\/it\/wp-json\/wp\/v2\/product\/5144","targetHints":{"allow":["GET"]}}],"collection":[{"href":"https:\/\/geniwal.be\/it\/wp-json\/wp\/v2\/product"}],"about":[{"href":"https:\/\/geniwal.be\/it\/wp-json\/wp\/v2\/types\/product"}],"replies":[{"embeddable":true,"href":"https:\/\/geniwal.be\/it\/wp-json\/wp\/v2\/comments?post=5144"}],"wp:featuredmedia":[{"embeddable":true,"href":"https:\/\/geniwal.be\/it\/wp-json\/wp\/v2\/media\/5147"}],"wp:attachment":[{"href":"https:\/\/geniwal.be\/it\/wp-json\/wp\/v2\/media?parent=5144"}],"wp:term":[{"taxonomy":"product_brand","embeddable":true,"href":"https:\/\/geniwal.be\/it\/wp-json\/wp\/v2\/product_brand?post=5144"},{"taxonomy":"product_cat","embeddable":true,"href":"https:\/\/geniwal.be\/it\/wp-json\/wp\/v2\/product_cat?post=5144"},{"taxonomy":"product_tag","embeddable":true,"href":"https:\/\/geniwal.be\/it\/wp-json\/wp\/v2\/product_tag?post=5144"}],"curies":[{"name":"wp","href":"https:\/\/api.w.org\/{rel}","templated":true}]}}