{"id":5405,"date":"2020-03-12T02:24:35","date_gmt":"2020-03-12T01:24:35","guid":{"rendered":"https:\/\/geniwal.be\/?post_type=product&#038;p=5405"},"modified":"2020-08-28T19:56:45","modified_gmt":"2020-08-28T17:56:45","slug":"genealogie-ascendante-de-julos-beaucarne","status":"publish","type":"product","link":"https:\/\/geniwal.be\/it\/boutique\/genealogie\/genealogie-ascendante-de-julos-beaucarne\/","title":{"rendered":"Genealogia ascendente di Julos BEAUCARNE (libro)"},"content":{"rendered":"<p>G\u00e9n\u00e9alogie compl\u00e8te de Julos Beaucarme, auteur-compositeur-chanteur belge,\u00a0n\u00e9 \u00e0 Bruxelles en juin 1936. Les beaucarme \u00e9taient \u00e0 l&rsquo;origine une famille de cultivateurs, implant\u00e9e \u00e0 Herseaux, pr\u00e8s de Mouscron<\/p>","protected":false},"excerpt":{"rendered":"<p><strong>R\u00e9f\u00e9rence:<\/strong> 700058<\/p>\n<p>Auteur : Gilberte Rousseau<\/p>","protected":false},"featured_media":5146,"comment_status":"closed","ping_status":"closed","template":"","meta":{"_et_pb_use_builder":"","_et_pb_old_content":"","_et_gb_content_width":""},"product_brand":[],"product_cat":[111],"product_tag":[213],"class_list":{"0":"post-5405","1":"product","2":"type-product","3":"status-publish","4":"has-post-thumbnail","6":"product_cat-genealogie","7":"product_tag-213","9":"first","10":"instock","11":"taxable","12":"shipping-taxable","13":"purchasable","14":"product-type-simple"},"aioseo_notices":[],"_links":{"self":[{"href":"https:\/\/geniwal.be\/it\/wp-json\/wp\/v2\/product\/5405","targetHints":{"allow":["GET"]}}],"collection":[{"href":"https:\/\/geniwal.be\/it\/wp-json\/wp\/v2\/product"}],"about":[{"href":"https:\/\/geniwal.be\/it\/wp-json\/wp\/v2\/types\/product"}],"replies":[{"embeddable":true,"href":"https:\/\/geniwal.be\/it\/wp-json\/wp\/v2\/comments?post=5405"}],"wp:featuredmedia":[{"embeddable":true,"href":"https:\/\/geniwal.be\/it\/wp-json\/wp\/v2\/media\/5146"}],"wp:attachment":[{"href":"https:\/\/geniwal.be\/it\/wp-json\/wp\/v2\/media?parent=5405"}],"wp:term":[{"taxonomy":"product_brand","embeddable":true,"href":"https:\/\/geniwal.be\/it\/wp-json\/wp\/v2\/product_brand?post=5405"},{"taxonomy":"product_cat","embeddable":true,"href":"https:\/\/geniwal.be\/it\/wp-json\/wp\/v2\/product_cat?post=5405"},{"taxonomy":"product_tag","embeddable":true,"href":"https:\/\/geniwal.be\/it\/wp-json\/wp\/v2\/product_tag?post=5405"}],"curies":[{"name":"wp","href":"https:\/\/api.w.org\/{rel}","templated":true}]}}