{"id":5933,"date":"2020-05-10T00:38:11","date_gmt":"2020-05-09T22:38:11","guid":{"rendered":"https:\/\/geniwal.be\/?post_type=product&#038;p=5933"},"modified":"2024-09-13T18:00:36","modified_gmt":"2024-09-13T16:00:36","slug":"rechercher-ses-ancetres-aux-pays-bas","status":"publish","type":"product","link":"https:\/\/geniwal.be\/it\/boutique\/guides\/rechercher-ses-ancetres-aux-pays-bas\/","title":{"rendered":"Ricerca dei propri antenati nei Paesi Bassi"},"content":{"rendered":"<p><strong>SOMMARIO<\/strong><\/p>\n<p>Milioni di persone in tutto il mondo hanno antenati provenienti dai Paesi Bassi, tra cui molti francesi. Sempre pi\u00f9 persone sono interessate alla genealogia e cercano di rintracciare le proprie radici. Questo nuovissimo libro sugli \"antenati olandesi\" attribuisce a Internet un ruolo centrale, dal momento che i principali documenti genealogici sono massicciamente presenti online. Passo dopo passo, l'autore guida il lettore attraverso i siti web. Fornisce informazioni utili e le parole necessarie per orientarsi negli archivi locali. Questo \u00e8 particolarmente utile se non si vive in zona! Il libro elenca tutte le fonti di informazioni genealogiche e biografiche nei Paesi Bassi; indica dove si possono trovare (sul web, in particolare su www.cbg.nl, o a livello locale); e se ci sono restrizioni di accesso (a seconda del pubblico o perch\u00e9 il sito deve essere pagato, per esempio). Infine, poich\u00e9 la lingua pu\u00f2 essere un ostacolo, la guida fornisce un glossario delle parole olandesi pi\u00f9 utili e di quelle pi\u00f9 frequentemente utilizzate nelle ricerche. Poich\u00e9 i contenuti dei registri di stato civile e parrocchiali sono spesso ripetitivi, questo indice \u00e8 sufficiente per iniziare. Pronti per i vostri alberi? Iniziate!<\/p>\n<p><strong>AUTORE<\/strong><\/p>\n<p>Rob van Drie \u00e8 vicedirettore del Centraal Bureau voor Genealogie dell'Aia, Paesi Bassi. Ha gi\u00e0 pubblicato diverse opere di riferimento sulla ricerca genealogica nei Paesi Bassi, sia nella sua lingua madre che in inglese. Il Central Bureau voor Genealogie \u00e8 disponibile sul sito web www.cbg.nl.<\/p>","protected":false},"excerpt":{"rendered":"<p>R\u00e9f\u00e9rence : 701016<br \/>\nUGS : 978-2-35077-225-7<br \/>\n112 pages broch\u00e9es \/ format : 17 x 24 cm<br \/>\n<b style=\"color: #ff0000;\">Tempi di consegna 10 giorni dal ricevimento del pagamento<br \/>\nQuantit\u00e9 maximum par commande : 2<br \/>\n<\/b><\/p>\n<form class=\"cart\" action=\"https:\/\/geniwal.be\/it\/produit\/utiliser-le-cadastre-en-genealogie\/\" enctype=\"multipart\/form-data\" method=\"post\" data-trp-original-action=\"https:\/\/geniwal.be\/produit\/utiliser-le-cadastre-en-genealogie\/\">\n<div class=\"quantity buttons_added\"><\/div>\n<input type=\"hidden\" name=\"trp-form-language\" value=\"it\"\/><\/form>","protected":false},"featured_media":5934,"comment_status":"closed","ping_status":"closed","template":"","meta":{"_et_pb_use_builder":"","_et_pb_old_content":"","_et_gb_content_width":""},"product_brand":[],"product_cat":[112],"product_tag":[184],"class_list":{"0":"post-5933","1":"product","2":"type-product","3":"status-publish","4":"has-post-thumbnail","6":"product_cat-guides","7":"product_tag-184","9":"first","10":"instock","11":"taxable","12":"shipping-taxable","13":"purchasable","14":"product-type-simple"},"aioseo_notices":[],"_links":{"self":[{"href":"https:\/\/geniwal.be\/it\/wp-json\/wp\/v2\/product\/5933","targetHints":{"allow":["GET"]}}],"collection":[{"href":"https:\/\/geniwal.be\/it\/wp-json\/wp\/v2\/product"}],"about":[{"href":"https:\/\/geniwal.be\/it\/wp-json\/wp\/v2\/types\/product"}],"replies":[{"embeddable":true,"href":"https:\/\/geniwal.be\/it\/wp-json\/wp\/v2\/comments?post=5933"}],"wp:featuredmedia":[{"embeddable":true,"href":"https:\/\/geniwal.be\/it\/wp-json\/wp\/v2\/media\/5934"}],"wp:attachment":[{"href":"https:\/\/geniwal.be\/it\/wp-json\/wp\/v2\/media?parent=5933"}],"wp:term":[{"taxonomy":"product_brand","embeddable":true,"href":"https:\/\/geniwal.be\/it\/wp-json\/wp\/v2\/product_brand?post=5933"},{"taxonomy":"product_cat","embeddable":true,"href":"https:\/\/geniwal.be\/it\/wp-json\/wp\/v2\/product_cat?post=5933"},{"taxonomy":"product_tag","embeddable":true,"href":"https:\/\/geniwal.be\/it\/wp-json\/wp\/v2\/product_tag?post=5933"}],"curies":[{"name":"wp","href":"https:\/\/api.w.org\/{rel}","templated":true}]}}