{"id":5942,"date":"2020-05-10T07:58:26","date_gmt":"2020-05-10T05:58:26","guid":{"rendered":"https:\/\/geniwal.be\/?post_type=product&#038;p=5942"},"modified":"2020-09-22T09:26:14","modified_gmt":"2020-09-22T07:26:14","slug":"retrouver-ses-ancetres-suisses-2e-ed","status":"publish","type":"product","link":"https:\/\/geniwal.be\/it\/boutique\/guides\/retrouver-ses-ancetres-suisses-2e-ed\/","title":{"rendered":"Rintracciare i propri antenati svizzeri 2a ed."},"content":{"rendered":"<p><strong>SOMMARIO<\/strong><\/p>\n<p>\"Dipende\". Queste due parole riassumono la situazione della ricerca genealogica in Svizzera. Sono legate alla struttura stessa della Confederazione, costruita nel corso dei secoli con l'aggiunta di cantoni indipendenti, ognuno con un proprio modo di operare: fonti variabili; registri parrocchiali pi\u00f9 o meno facilmente accessibili, microfilmati per alcuni, gelosamente conservati nei priorati parrocchiali per altri; un sistema di quotazione che segue una logica singolare... insomma, un modo di operare diverso per ogni archivio cantonale, perch\u00e9 ogni cantone \u00e8 uno Stato, con le proprie normative.<\/p>\n<p>Non potete quindi buttarvi a capofitto sulle orme dei vostri antenati svizzeri, pensando che le regole del gioco nella Confederazione Elvetica siano simili a quelle francesi. L'articolo \u00e8 stato pensato per rassicurarvi, prepararvi e rendervi consapevoli delle numerose precauzioni da prendere prima di fare il grande passo. Fornisce anche molti consigli su come lavorare a casa, su Internet, dato che sempre pi\u00f9 dati sono accessibili attraverso questo mezzo pratico e poco costoso.<\/p>\n<p>Per i militari, indica ci\u00f2 che si pu\u00f2 trovare negli Archivi Nazionali o al Ch\u00e2teau de Vincennes; per gli svizzeri che sono passati per l'Alsazia, indica il supporto del CRHF di Guebwiller. Cos\u00ec preparati, potrete avvicinarvi ai vostri antenati con tranquillit\u00e0, in un Paese dove non \u00e8 raro arrivare al XIV o addirittura al XIII secolo.<\/p>\n<p><strong>AUTORE<\/strong><\/p>\n<p>Denis Dubich: discendente di una coppia di svizzeri arrivati in Alsazia nel 1670, Denis Dubich \u00e8 appassionato da trent'anni della sua terra d'origine. Grazie alle sue numerose visite agli archivi di Lucerna, Berna, Friburgo, Losanna, Sarnen, Altdorf, Zurigo e Rougemont, ha potuto risalire alla sua discendenza agnatizia fino al 1215 e ricostruire i vari rami che compongono la grande famiglia svizzera dei Dubach, Dubath, Dubacher o Dubas e le sue ramificazioni in Francia, Paesi Bassi e Stati Uniti, in particolare. \u00c8 autore di diverse opere sulla genealogia alsaziana e dal 2010 al 2015 \u00e8 stato presidente degli Amici del Centre d\u00e9partemental d'histoire des familles (CDHF) di Guebwiller (Haut-Rhin), ora Centre de recherches sur l'histoire des familles (CRHF).<\/p>","protected":false},"excerpt":{"rendered":"<p>R\u00e9f\u00e9rence : 701026<br \/>\nUGS : 9782350773483<br \/>\n176 pages broch\u00e9es \/ format 17 X 24 cm<br \/>\n<b style=\"color: #ff0000;\">Tempi di consegna 10 giorni dal ricevimento del pagamento<br \/>\nQuantit\u00e9 maximum par commande : 2<br \/>\n<\/b><\/p>\n<form class=\"cart\" action=\"https:\/\/geniwal.be\/it\/produit\/retracer-lhistoire-de-sa-commune\/\" enctype=\"multipart\/form-data\" method=\"post\" data-trp-original-action=\"https:\/\/geniwal.be\/produit\/retracer-lhistoire-de-sa-commune\/\">\n<div class=\"quantity buttons_added\"><\/div>\n<input type=\"hidden\" name=\"trp-form-language\" value=\"it\"\/><\/form>","protected":false},"featured_media":5944,"comment_status":"closed","ping_status":"closed","template":"","meta":{"_et_pb_use_builder":"","_et_pb_old_content":"","_et_gb_content_width":""},"product_brand":[],"product_cat":[112],"product_tag":[200],"class_list":{"0":"post-5942","1":"product","2":"type-product","3":"status-publish","4":"has-post-thumbnail","6":"product_cat-guides","7":"product_tag-200","9":"first","10":"instock","11":"taxable","12":"shipping-taxable","13":"purchasable","14":"product-type-simple"},"aioseo_notices":[],"_links":{"self":[{"href":"https:\/\/geniwal.be\/it\/wp-json\/wp\/v2\/product\/5942","targetHints":{"allow":["GET"]}}],"collection":[{"href":"https:\/\/geniwal.be\/it\/wp-json\/wp\/v2\/product"}],"about":[{"href":"https:\/\/geniwal.be\/it\/wp-json\/wp\/v2\/types\/product"}],"replies":[{"embeddable":true,"href":"https:\/\/geniwal.be\/it\/wp-json\/wp\/v2\/comments?post=5942"}],"wp:featuredmedia":[{"embeddable":true,"href":"https:\/\/geniwal.be\/it\/wp-json\/wp\/v2\/media\/5944"}],"wp:attachment":[{"href":"https:\/\/geniwal.be\/it\/wp-json\/wp\/v2\/media?parent=5942"}],"wp:term":[{"taxonomy":"product_brand","embeddable":true,"href":"https:\/\/geniwal.be\/it\/wp-json\/wp\/v2\/product_brand?post=5942"},{"taxonomy":"product_cat","embeddable":true,"href":"https:\/\/geniwal.be\/it\/wp-json\/wp\/v2\/product_cat?post=5942"},{"taxonomy":"product_tag","embeddable":true,"href":"https:\/\/geniwal.be\/it\/wp-json\/wp\/v2\/product_tag?post=5942"}],"curies":[{"name":"wp","href":"https:\/\/api.w.org\/{rel}","templated":true}]}}