{"id":5946,"date":"2020-05-10T08:06:29","date_gmt":"2020-05-10T06:06:29","guid":{"rendered":"https:\/\/geniwal.be\/?post_type=product&#038;p=5946"},"modified":"2025-11-02T22:38:01","modified_gmt":"2025-11-02T21:38:01","slug":"retrouver-ses-ancetres-belges-et-luxembourgeois","status":"publish","type":"product","link":"https:\/\/geniwal.be\/it\/boutique\/guides\/retrouver-ses-ancetres-belges-et-luxembourgeois\/","title":{"rendered":"Rintracciare gli antenati belgi e lussemburghesi"},"content":{"rendered":"<p><strong>SOMMARIO<\/strong><\/p>\n<p>I belgi sono stati i primi immigrati a stabilirsi in Francia a partire dal XIX secolo: milioni di francesi hanno antenati fiamminghi, valloni o lussemburghesi nel loro albero genealogico. Come si fa a trovarli? A volte le persone sono restie ad addentrarsi in archivi diversi da quelli a cui sono abituate. Tuttavia, negli ultimi due anni le cose sono diventate pi\u00f9 facili, grazie alla crescente digitalizzazione dei registri civili e parrocchiali in Belgio e al fatto che il Granducato di Lussemburgo ha aperto i suoi archivi online al pubblico. Questa nuovissima guida aiuter\u00e0 i genealogisti nelle loro ricerche, sia in loco che via Internet. Spiega i passi da compiere nei registri della popolazione (che non hanno un equivalente in Francia), nei censimenti, negli archivi militari, negli archivi notarili, ma anche nei documenti relativi agli stranieri e alle naturalizzazioni. Fornisce punti di riferimento storici essenziali. Si rivolge sia ai principianti che ai ricercatori esperti: le piste e i casi citati sono talmente tanti che tutti troveranno qualcosa da migliorare. L'impaginazione a doppia pagina della raccolta si presta particolarmente bene all'insegnamento con l'esempio. Buona ricerca!<\/p>\n<p><strong>AUTORE<\/strong><\/p>\n<p>Christophe Drugy: noto ai genealogisti per i suoi articoli e le sue guide sulla ricerca in Belgio e negli ex Paesi Bassi, \u00e8 laureato presso le universit\u00e0 Panth\u00e9on Sorbonne-Paris 1 e Charles-de-Gaulle-Lille 3. \u00c8 anche presidente dell'associazione Racines franco-belges. Insegnante di storia e geografia e da tempo membro del consiglio direttivo della F\u00e9d\u00e9ration fran\u00e7aise de g\u00e9n\u00e9alogie, \u00e8 anche presidente dell'associazione Racines franco-belges.<\/p>\n<p>Marie-Odile Mergnac: autrice di numerosi manuali di genealogia e vincitrice del premio dell'Institut des Sciences morales et politiques per il suo lavoro sui nomi, scrive di genealogia, storia quotidiana e nomi di famiglia nei media. Poich\u00e9 un ramo della sua famiglia proviene dal Lussemburgo, ha collaborato con Christophe Drugy a questa nuova guida.<\/p>","protected":false},"excerpt":{"rendered":"<p>R\u00e9f\u00e9rence : 701020<br \/>\nUGS : 978-2-35077-315-5<br \/>\n80 pages couleur \/ format 17 x 24 cm<br \/>\n<b style=\"color: #ff0000;\">Tempi di consegna 10 giorni dal ricevimento del pagamento<br \/>\nQuantit\u00e9 maximum par commande : 2<br \/>\n<\/b><\/p>\n<form class=\"cart\" action=\"https:\/\/geniwal.be\/it\/produit\/retracer-lhistoire-de-sa-commune\/\" enctype=\"multipart\/form-data\" method=\"post\" data-trp-original-action=\"https:\/\/geniwal.be\/produit\/retracer-lhistoire-de-sa-commune\/\">\n<div class=\"quantity buttons_added\"><\/div>\n<input type=\"hidden\" name=\"trp-form-language\" value=\"it\"\/><\/form>","protected":false},"featured_media":5947,"comment_status":"closed","ping_status":"closed","template":"","meta":{"_et_pb_use_builder":"","_et_pb_old_content":"","_et_gb_content_width":""},"product_brand":[],"product_cat":[112],"product_tag":[199],"class_list":{"0":"post-5946","1":"product","2":"type-product","3":"status-publish","4":"has-post-thumbnail","6":"product_cat-guides","7":"product_tag-199","9":"first","10":"instock","11":"taxable","12":"shipping-taxable","13":"purchasable","14":"product-type-simple"},"aioseo_notices":[],"_links":{"self":[{"href":"https:\/\/geniwal.be\/it\/wp-json\/wp\/v2\/product\/5946","targetHints":{"allow":["GET"]}}],"collection":[{"href":"https:\/\/geniwal.be\/it\/wp-json\/wp\/v2\/product"}],"about":[{"href":"https:\/\/geniwal.be\/it\/wp-json\/wp\/v2\/types\/product"}],"replies":[{"embeddable":true,"href":"https:\/\/geniwal.be\/it\/wp-json\/wp\/v2\/comments?post=5946"}],"wp:featuredmedia":[{"embeddable":true,"href":"https:\/\/geniwal.be\/it\/wp-json\/wp\/v2\/media\/5947"}],"wp:attachment":[{"href":"https:\/\/geniwal.be\/it\/wp-json\/wp\/v2\/media?parent=5946"}],"wp:term":[{"taxonomy":"product_brand","embeddable":true,"href":"https:\/\/geniwal.be\/it\/wp-json\/wp\/v2\/product_brand?post=5946"},{"taxonomy":"product_cat","embeddable":true,"href":"https:\/\/geniwal.be\/it\/wp-json\/wp\/v2\/product_cat?post=5946"},{"taxonomy":"product_tag","embeddable":true,"href":"https:\/\/geniwal.be\/it\/wp-json\/wp\/v2\/product_tag?post=5946"}],"curies":[{"name":"wp","href":"https:\/\/api.w.org\/{rel}","templated":true}]}}