{"id":5951,"date":"2020-05-10T14:28:04","date_gmt":"2020-05-10T12:28:04","guid":{"rendered":"https:\/\/geniwal.be\/?post_type=product&#038;p=5951"},"modified":"2022-01-25T02:13:41","modified_gmt":"2022-01-25T01:13:41","slug":"manuel-de-paleographie-moderne","status":"publish","type":"product","link":"https:\/\/geniwal.be\/it\/boutique\/guides\/manuel-de-paleographie-moderne\/","title":{"rendered":"Manuale di paleografia moderna"},"content":{"rendered":"<p><strong>SOMMARIO<\/strong><\/p>\n<p>Impossible de faire de la g\u00e9n\u00e9alogie sans rencontrer un jour ou l\u2019autre des probl\u00e8mes de d\u00e9chiffrage d\u2019actes anciens. La lecture r\u00e9guli\u00e8re, r\u00e9p\u00e9t\u00e9e et surtout progressive des documents de l\u2019Ancien R\u00e9gime peut bien s\u00fbr contribuer \u00e0 l\u2019apprentissage individuel de la pal\u00e9ographie. Mais cela peut sembler long au chercheur impatient ou \u00e0 celui qui travaille sur les archives num\u00e9ris\u00e9es en ligne, un peu moins faciles \u00e0 lire. Quant \u00e0 celui qui sort des registres paroissiaux pour se plonger dans les documents notari\u00e9s, il rencontre de nouvelles difficult\u00e9s li\u00e9es aux abr\u00e9viations professionnelles, et ressent le besoin d\u2019un outil pour l\u2019aider. Apprendre \u00e0 lire plus vite et mieux qu\u2019en \u00e9tant laiss\u00e9 seul face aux textes, tel est le but de cet ouvrage de pal\u00e9ographie moderne (XVIe-XVIIIe si\u00e8cles). Il vient utilement prolonger le livre d\u00e9j\u00e0 paru chez le m\u00eame \u00e9diteur, D\u00e9chiffrer les \u00e9critures de nos anc\u00eatres, qui reprend surtout des textes de la premi\u00e8re moiti\u00e9 du XIXe si\u00e8cle. Par ailleurs, si un acte est difficile \u00e0 d\u00e9chiffrer sur la forme, le fond est parfois aussi dur \u00e0 comprendre. Que signifie cette profusion de messes demand\u00e9es dans le testament de tel anc\u00eatre ? Pourquoi baptiser un enfant \u00ab \u00e0 la maison \u00bb et pr\u00e9ciser ensuite que \u00ab la c\u00e9r\u00e9monie a \u00e9t\u00e9 faite en l\u2019\u00e9glise paroissiale \u00bb ?&#8230; Ce guide replace les documents \u00e9tudi\u00e9s dans leur contexte historique, pour donner au lecteur toutes les r\u00e9f\u00e9rences historiques et d\u00e9mographiques n\u00e9cessaires. Les textes propos\u00e9s \u00e0 la transcription recr\u00e9ent ainsi trois vies fictives pour balayer l\u2019ensemble des documents que le g\u00e9n\u00e9alogiste peut rencontrer : des actes des registres paroissiaux aux contrats ou promesses de mariage, aux d\u00e9sistements, aux diff\u00e9rentes formes de testaments, nuncupatif, solennel ou avec inventaire, etc. Enfin, ces textes correspondent \u00e0 trois niveaux de difficult\u00e9 de lecture, pour un apprentissage progressif plus efficace.<\/p>\n<p><strong>AUTORE<\/strong><\/p>\n<p>B\u00e9atrice Beaucourt-Vicidomini ha conseguito un master in storia moderna, \u00e8 genealogista e paleografa professionista e membro della Chambre Syndicale des G\u00e9n\u00e9alogistes et h\u00e9raldistes de France. Tiene numerosi corsi individuali e di gruppo di paleografia e qui fornisce informazioni che ritiene utili a chiunque lavori sulla propria storia familiare.<\/p>","protected":false},"excerpt":{"rendered":"<p>R\u00e9f\u00e9rence : 701022<br \/>\nUGS : 978-2-35077-216-5<br \/>\n144 pages broch\u00e9es \/ format 21 X 29,7 cm<br \/>\n<span style=\"color: #ff0000;\"><b>Tempi di consegna 10 giorni dal ricevimento del pagamento<br \/>\n<b style=\"color: #ff0000;\">Quantit\u00e9 maximum par commande : 1<\/b><br \/>\n<\/b><\/span><\/p>\n<form class=\"cart\" action=\"https:\/\/geniwal.be\/it\/produit\/retracer-lhistoire-de-sa-commune\/\" enctype=\"multipart\/form-data\" method=\"post\" data-trp-original-action=\"https:\/\/geniwal.be\/produit\/retracer-lhistoire-de-sa-commune\/\">\n<div class=\"quantity buttons_added\"><\/div>\n<input type=\"hidden\" name=\"trp-form-language\" value=\"it\"\/><\/form>","protected":false},"featured_media":5952,"comment_status":"closed","ping_status":"closed","template":"","meta":{"_et_pb_use_builder":"","_et_pb_old_content":"","_et_gb_content_width":""},"product_brand":[],"product_cat":[112],"product_tag":[197],"class_list":{"0":"post-5951","1":"product","2":"type-product","3":"status-publish","4":"has-post-thumbnail","6":"product_cat-guides","7":"product_tag-197","9":"first","10":"outofstock","11":"taxable","12":"shipping-taxable","13":"purchasable","14":"product-type-simple"},"aioseo_notices":[],"_links":{"self":[{"href":"https:\/\/geniwal.be\/it\/wp-json\/wp\/v2\/product\/5951","targetHints":{"allow":["GET"]}}],"collection":[{"href":"https:\/\/geniwal.be\/it\/wp-json\/wp\/v2\/product"}],"about":[{"href":"https:\/\/geniwal.be\/it\/wp-json\/wp\/v2\/types\/product"}],"replies":[{"embeddable":true,"href":"https:\/\/geniwal.be\/it\/wp-json\/wp\/v2\/comments?post=5951"}],"wp:featuredmedia":[{"embeddable":true,"href":"https:\/\/geniwal.be\/it\/wp-json\/wp\/v2\/media\/5952"}],"wp:attachment":[{"href":"https:\/\/geniwal.be\/it\/wp-json\/wp\/v2\/media?parent=5951"}],"wp:term":[{"taxonomy":"product_brand","embeddable":true,"href":"https:\/\/geniwal.be\/it\/wp-json\/wp\/v2\/product_brand?post=5951"},{"taxonomy":"product_cat","embeddable":true,"href":"https:\/\/geniwal.be\/it\/wp-json\/wp\/v2\/product_cat?post=5951"},{"taxonomy":"product_tag","embeddable":true,"href":"https:\/\/geniwal.be\/it\/wp-json\/wp\/v2\/product_tag?post=5951"}],"curies":[{"name":"wp","href":"https:\/\/api.w.org\/{rel}","templated":true}]}}