{"id":5971,"date":"2020-05-10T14:52:21","date_gmt":"2020-05-10T12:52:21","guid":{"rendered":"https:\/\/geniwal.be\/?post_type=product&#038;p=5971"},"modified":"2022-06-03T21:54:51","modified_gmt":"2022-06-03T19:54:51","slug":"trouver-ses-ancetres-sur-internet-filae-com","status":"publish","type":"product","link":"https:\/\/geniwal.be\/it\/boutique\/guides\/trouver-ses-ancetres-sur-internet-filae-com\/","title":{"rendered":"Trova i tuoi antenati su Internet: Filae.com"},"content":{"rendered":"<p><strong>SOMMARIO<\/strong><\/p>\n<p>La rivoluzione genealogica sul web, Filae \u00e8 un acceleratore di ricerca. La sua ragione d'essere negli ultimi vent'anni? Indicizzare libri antichi, giornali dell'Ottocento, archivi, raccolte documentarie... per rendere pi\u00f9 facile e veloce il viaggio nel tempo degli storici della famiglia. Innanzitutto con le banche dati storiche, tra cui il colossale archivio dei pensionati del XIX secolo o dei prigionieri delle due guerre mondiali, che possono essere ricercati per nome e restituire un'immagine del documento originale. Oppure l'accesso online ai registri parrocchiali delle associazioni partner. C'\u00e8 poi il gigantesco compito di indicizzare i vecchi registri civili e parte dei censimenti. Dal 2017 basta digitare il nome di un nonno e sul sito compare l'elenco dei registri e dei documenti d'archivio che lo riguardano. Cliccate su quello che vi interessa e sarete sulla pagina giusta del registro giusto nell'archivio dipartimentale giusto, quasi ovunque in Francia, con anche il record giusto evidenziato in corallo! Questa guida fornisce tutti i consigli necessari per la ricerca e la creazione di alberi su questo sito, che \u00e8 diventato un must.<\/p>\n<p>Il piacere della ricerca \u00e8 sempre presente. Le genealogie non si creano con un solo clic e l'indagine continua sempre rimbalzando da un documento all'altro. Ma ci\u00f2 che prima richiedeva settimane per essere trovato, o che non \u00e8 mai stato possibile trovare, ora \u00e8 a portata di clic e di calendario, grazie a Filae!<\/p>\n<p><strong>AUTORE<\/strong><\/p>\n<p>Guillerm Yann : en qu\u00eate de ses anc\u00eatres d\u00e8s l\u2019adolescence, Yann Guillerm a reconstitu\u00e9 son arbre tant en France qu\u2019\u00e0 l&rsquo;\u00e9tranger. Titulaire d\u2019une ma\u00eetrise en histoire et b\u00e9n\u00e9vole pour des associations, il a relev\u00e9 et index\u00e9 des registres paroissiaux et organis\u00e9 le d\u00e9pouillement des registres matricules des C\u00f4tes-d&rsquo;Armor. Il est d\u00e9j\u00e0 l\u2019auteur de Retrouver ses anc\u00eatres bretons, Archives d\u00e9partementales mode d\u2019emploi et le coauteur de Faire son arbre g\u00e9n\u00e9alogique par Internet.<\/p>","protected":false},"excerpt":{"rendered":"<p>R\u00e9f\u00e9rence : 701012<br \/>\nUGS : 978-2-35077-314-8<br \/>\n64 pages broch\u00e9es \/ format 17 x 24 cm<br \/>\n<b style=\"color: #ff0000;\">Tempi di consegna 10 giorni dal ricevimento del pagamento<br \/>\nQuantit\u00e9 maximum par commande : 3<br \/>\n<\/b><\/p>\n<form class=\"cart\" action=\"https:\/\/geniwal.be\/it\/produit\/retracer-lhistoire-de-sa-commune\/\" enctype=\"multipart\/form-data\" method=\"post\" data-trp-original-action=\"https:\/\/geniwal.be\/produit\/retracer-lhistoire-de-sa-commune\/\">\n<div class=\"quantity buttons_added\"><\/div>\n<input type=\"hidden\" name=\"trp-form-language\" value=\"it\"\/><\/form>","protected":false},"featured_media":5957,"comment_status":"closed","ping_status":"closed","template":"","meta":{"_et_pb_use_builder":"","_et_pb_old_content":"","_et_gb_content_width":""},"product_brand":[],"product_cat":[112],"product_tag":[],"class_list":{"0":"post-5971","1":"product","2":"type-product","3":"status-publish","4":"has-post-thumbnail","6":"product_cat-guides","8":"first","9":"outofstock","10":"taxable","11":"shipping-taxable","12":"purchasable","13":"product-type-simple"},"aioseo_notices":[],"_links":{"self":[{"href":"https:\/\/geniwal.be\/it\/wp-json\/wp\/v2\/product\/5971","targetHints":{"allow":["GET"]}}],"collection":[{"href":"https:\/\/geniwal.be\/it\/wp-json\/wp\/v2\/product"}],"about":[{"href":"https:\/\/geniwal.be\/it\/wp-json\/wp\/v2\/types\/product"}],"replies":[{"embeddable":true,"href":"https:\/\/geniwal.be\/it\/wp-json\/wp\/v2\/comments?post=5971"}],"wp:featuredmedia":[{"embeddable":true,"href":"https:\/\/geniwal.be\/it\/wp-json\/wp\/v2\/media\/5957"}],"wp:attachment":[{"href":"https:\/\/geniwal.be\/it\/wp-json\/wp\/v2\/media?parent=5971"}],"wp:term":[{"taxonomy":"product_brand","embeddable":true,"href":"https:\/\/geniwal.be\/it\/wp-json\/wp\/v2\/product_brand?post=5971"},{"taxonomy":"product_cat","embeddable":true,"href":"https:\/\/geniwal.be\/it\/wp-json\/wp\/v2\/product_cat?post=5971"},{"taxonomy":"product_tag","embeddable":true,"href":"https:\/\/geniwal.be\/it\/wp-json\/wp\/v2\/product_tag?post=5971"}],"curies":[{"name":"wp","href":"https:\/\/api.w.org\/{rel}","templated":true}]}}