{"id":5974,"date":"2020-05-10T15:01:28","date_gmt":"2020-05-10T13:01:28","guid":{"rendered":"https:\/\/geniwal.be\/?post_type=product&#038;p=5974"},"modified":"2020-08-28T05:47:33","modified_gmt":"2020-08-28T03:47:33","slug":"conserver-et-classer-les-papiers-de-famille","status":"publish","type":"product","link":"https:\/\/geniwal.be\/it\/boutique\/guides\/conserver-et-classer-les-papiers-de-famille\/","title":{"rendered":"Conservazione e archiviazione dei documenti di famiglia"},"content":{"rendered":"<p><strong>SOMMARIO<\/strong><\/p>\n<p>Quando pensiamo ai documenti di famiglia, pensiamo prima ai nostri, alle nostre pratiche quotidiane. Ci sembrano ancora pi\u00f9 insignificanti perch\u00e9 non sono pieni di storia. Nell'era della vita senza carta, spesso vogliamo fare piazza pulita. Eppure, per alcuni di essi esistono scadenze legali vincolanti. Basta sapere quali sono. Le parole \"documenti di famiglia\" richiamano alla mente i documenti consegnati o tramandati dalla generazione precedente. Si tratta di documenti straordinariamente vari, che vanno dal serio (documenti notarili, passaporti, pratiche assicurative, ecc.) al commovente (quaderni di scuola, punti, foto di matrimonio, ecc.). Pensiamo meno a buttarli via e pi\u00f9 a conservarli. Ma come possiamo classificarli in modo da trovare facilmente quello che vogliamo mostrare ai nostri nipoti? Come possiamo fare in modo che questi documenti, a volte vecchi di un secolo, o queste fragili fotografie dai toni seppia, continuino a vivere? La digitalizzazione \u00e8 un modo per salvaguardarle, ma questo non significa che gli originali debbano essere buttati via: devono essere protetti. Infine, ci sono i documenti di famiglia che sognate, soprattutto se siete appassionati di genealogia. Sono quelli che ci mancano, quelli che vorremmo ritrovare per affetto verso un antenato scomparso o perch\u00e9 vogliamo raccogliere la memoria familiare prima che svanisca: documenti di famiglia o militari mancanti, foto scomparse... Una ricerca pu\u00f2 iniziare da cugini e zii, o anche dall'amministrazione e dagli archivi. Ma bisogna comunque sapere da quanto tempo esistono questi documenti e qual \u00e8 la loro storia. Questa guida risponde a tutte queste domande, con illustrazioni che corrispondono ai documenti ricercati.<\/p>\n<p><strong>AUTORE <\/strong><\/p>\n<p>Myriam Provence: genealogista professionista a Parigi dal 1987, presidente di lunga data della Chambre syndicale des g\u00e9n\u00e9alogistes et h\u00e9raldistes de France, autrice di numerosi articoli e opere genealogiche.<\/p>","protected":false},"excerpt":{"rendered":"<p>R\u00e9f\u00e9rence : 701031<br \/>\nUGS : 978-2-35077-265-3<br \/>\n80 pages broch\u00e9es \/ 17 x 24 cm \/ couleur<br \/>\n<b style=\"color: #ff0000;\">Tempi di consegna 10 giorni dal ricevimento del pagamento<br \/>\nQuantit\u00e9 maximum par commande : 3<br \/>\n<\/b><\/p>\n<form class=\"cart\" action=\"https:\/\/geniwal.be\/it\/produit\/retracer-lhistoire-de-sa-commune\/\" enctype=\"multipart\/form-data\" method=\"post\" data-trp-original-action=\"https:\/\/geniwal.be\/produit\/retracer-lhistoire-de-sa-commune\/\">\n<div class=\"quantity buttons_added\"><\/div>\n<input type=\"hidden\" name=\"trp-form-language\" value=\"it\"\/><\/form>","protected":false},"featured_media":5959,"comment_status":"closed","ping_status":"closed","template":"","meta":{"_et_pb_use_builder":"","_et_pb_old_content":"","_et_gb_content_width":""},"product_brand":[],"product_cat":[112],"product_tag":[188],"class_list":{"0":"post-5974","1":"product","2":"type-product","3":"status-publish","4":"has-post-thumbnail","6":"product_cat-guides","7":"product_tag-188","9":"first","10":"outofstock","11":"taxable","12":"shipping-taxable","13":"purchasable","14":"product-type-simple"},"aioseo_notices":[],"_links":{"self":[{"href":"https:\/\/geniwal.be\/it\/wp-json\/wp\/v2\/product\/5974","targetHints":{"allow":["GET"]}}],"collection":[{"href":"https:\/\/geniwal.be\/it\/wp-json\/wp\/v2\/product"}],"about":[{"href":"https:\/\/geniwal.be\/it\/wp-json\/wp\/v2\/types\/product"}],"replies":[{"embeddable":true,"href":"https:\/\/geniwal.be\/it\/wp-json\/wp\/v2\/comments?post=5974"}],"wp:featuredmedia":[{"embeddable":true,"href":"https:\/\/geniwal.be\/it\/wp-json\/wp\/v2\/media\/5959"}],"wp:attachment":[{"href":"https:\/\/geniwal.be\/it\/wp-json\/wp\/v2\/media?parent=5974"}],"wp:term":[{"taxonomy":"product_brand","embeddable":true,"href":"https:\/\/geniwal.be\/it\/wp-json\/wp\/v2\/product_brand?post=5974"},{"taxonomy":"product_cat","embeddable":true,"href":"https:\/\/geniwal.be\/it\/wp-json\/wp\/v2\/product_cat?post=5974"},{"taxonomy":"product_tag","embeddable":true,"href":"https:\/\/geniwal.be\/it\/wp-json\/wp\/v2\/product_tag?post=5974"}],"curies":[{"name":"wp","href":"https:\/\/api.w.org\/{rel}","templated":true}]}}