{"id":5979,"date":"2020-05-10T15:16:25","date_gmt":"2020-05-10T13:16:25","guid":{"rendered":"https:\/\/geniwal.be\/?post_type=product&#038;p=5979"},"modified":"2022-01-25T02:13:41","modified_gmt":"2022-01-25T01:13:41","slug":"ladn-un-outil-genealogique-2e-edition-augmentee","status":"publish","type":"product","link":"https:\/\/geniwal.be\/it\/boutique\/guides\/ladn-un-outil-genealogique-2e-edition-augmentee\/","title":{"rendered":"Il DNA, uno strumento genealogico: 2a edizione ampliata"},"content":{"rendered":"<p><strong>SOMMARIO<\/strong><\/p>\n<p>La decifrazione del genoma umano, completata nel 2003, ha aperto il campo a nuove discipline, tra cui la genealogia genetica.<\/p>\n<p>Tutti noi portiamo nel DNA la nostra storia familiare, genealogica e persino archeologica. \u00c8 possibile non solo scoprire la proporzione dei nostri antenati provenienti da diverse regioni del mondo nell'et\u00e0 del bronzo, ma anche rintracciare cugini contemporanei o risolvere enigmi genealogici degli ultimi cinque secoli. Per le persone adottate, il DNA pu\u00f2 essere uno strumento per la ricerca delle proprie origini, consentendo loro di rintracciare i membri della propria famiglia biologica.<\/p>\n<p>Questa guida fornisce le chiavi per comprendere tutte le possibilit\u00e0 offerte dal DNA come strumento genealogico. L'autore illustra i diversi test disponibili (test mitocondriali, autosomici o del cromosoma Y, ecc.), i luoghi in cui possono essere effettuati e spiega con precisione come leggere e comprendere i risultati di questi test. Vengono trattati gli aspetti legali ed etici, nonch\u00e9 le insidie da evitare, in modo che possiate scoprire questa ricchezza di informazioni genealogiche in tutta tranquillit\u00e0. In poche parole, l'evoluzione di questo campo di ricerca \u00e8 stata cos\u00ec rapida negli ultimi anni da rendere indispensabile una guida pratica. Infine, le trentadue pagine aggiuntive di questa nuova edizione 2019 sono il risultato diretto del confronto con i lettori e delle loro esigenze, aspettative e richieste di chiarimento.<\/p>\n<p><strong>AUTORE<\/strong><\/p>\n<p>Nathalie Jovanovic-Floricourt: ha iniziato il suo albero genealogico all'et\u00e0 di diciotto anni. Nel 2008 ha scoperto la genealogia genetica. I test del DNA le hanno rivelato origini inaspettate e le hanno aperto un nuovo campo di scoperte attraverso i cugini in Francia e nel mondo. Nel 2018 ha creato il sito web genealogie-genetique.fr e si \u00e8 specializzata in questa disciplina.<\/p>","protected":false},"excerpt":{"rendered":"<p>R\u00e9f\u00e9rence : 701019<br \/>\nUGS : 978-2-35077-347-6<br \/>\n112 pages broch\u00e9es \/ format 17 x 24 cm<br \/>\n<b style=\"color: #ff0000;\">Tempi di consegna 10 giorni dal ricevimento del pagamento<br \/>\nQuantit\u00e9 maximum par commande : 2<br \/>\n<\/b><\/p>\n<form class=\"cart\" action=\"https:\/\/geniwal.be\/it\/produit\/retracer-lhistoire-de-sa-commune\/\" enctype=\"multipart\/form-data\" method=\"post\" data-trp-original-action=\"https:\/\/geniwal.be\/produit\/retracer-lhistoire-de-sa-commune\/\">\n<div class=\"quantity buttons_added\"><\/div>\n<input type=\"hidden\" name=\"trp-form-language\" value=\"it\"\/><\/form>","protected":false},"featured_media":6362,"comment_status":"closed","ping_status":"closed","template":"","meta":{"_et_pb_use_builder":"","_et_pb_old_content":"","_et_gb_content_width":""},"product_brand":[],"product_cat":[112],"product_tag":[],"class_list":{"0":"post-5979","1":"product","2":"type-product","3":"status-publish","4":"has-post-thumbnail","6":"product_cat-guides","8":"first","9":"outofstock","10":"taxable","11":"shipping-taxable","12":"purchasable","13":"product-type-simple"},"aioseo_notices":[],"_links":{"self":[{"href":"https:\/\/geniwal.be\/it\/wp-json\/wp\/v2\/product\/5979","targetHints":{"allow":["GET"]}}],"collection":[{"href":"https:\/\/geniwal.be\/it\/wp-json\/wp\/v2\/product"}],"about":[{"href":"https:\/\/geniwal.be\/it\/wp-json\/wp\/v2\/types\/product"}],"replies":[{"embeddable":true,"href":"https:\/\/geniwal.be\/it\/wp-json\/wp\/v2\/comments?post=5979"}],"wp:featuredmedia":[{"embeddable":true,"href":"https:\/\/geniwal.be\/it\/wp-json\/wp\/v2\/media\/6362"}],"wp:attachment":[{"href":"https:\/\/geniwal.be\/it\/wp-json\/wp\/v2\/media?parent=5979"}],"wp:term":[{"taxonomy":"product_brand","embeddable":true,"href":"https:\/\/geniwal.be\/it\/wp-json\/wp\/v2\/product_brand?post=5979"},{"taxonomy":"product_cat","embeddable":true,"href":"https:\/\/geniwal.be\/it\/wp-json\/wp\/v2\/product_cat?post=5979"},{"taxonomy":"product_tag","embeddable":true,"href":"https:\/\/geniwal.be\/it\/wp-json\/wp\/v2\/product_tag?post=5979"}],"curies":[{"name":"wp","href":"https:\/\/api.w.org\/{rel}","templated":true}]}}