{"id":5980,"date":"2020-05-11T02:37:46","date_gmt":"2020-05-11T00:37:46","guid":{"rendered":"https:\/\/geniwal.be\/?post_type=product&#038;p=5980"},"modified":"2026-02-11T16:58:08","modified_gmt":"2026-02-11T15:58:08","slug":"ladn-y-du-brabant-wallon","status":"publish","type":"product","link":"https:\/\/geniwal.be\/it\/boutique\/guides\/ladn-y-du-brabant-wallon\/","title":{"rendered":"Il DNA Y del Brabante Vallone"},"content":{"rendered":"<p><strong>SOMMARIO<\/strong><\/p>\n<p>La plupart des gens associent encore trop souvent l&rsquo;ADN, cette abr\u00e9viation myst\u00e9rieuse de l&rsquo;Acide ! d\u00e9soxyribonucl\u00e9ique, avec des recherches \u00e0 des fins m\u00e9dicales, criminelles ou juridiques. Signalons que sur l&rsquo;internet et dans la plupart des publications on parle de DNA, l&rsquo;abr\u00e9viation anglaise. Mais l&rsquo;ADN a aussi d&rsquo;autres atouts. Depuis quelques d\u00e9cennies elle a fait son entr\u00e9e dans le domaine de la recherche g\u00e9n\u00e9tique vers la gen\u00e8se de l&rsquo;homme moderne (homo sapiens) et est-elle devenue la nouveaut\u00e9 la plus spectaculaire dans le domaine de la g\u00e9n\u00e9alogie. Elle permet en effet de retrouver des liens familiaux entre les hommes ainsi que leur trajet d&rsquo;homo sapiens \u00e0 partir du berceau Africain il y a circa 200.000 ans.<\/p>\n<p><strong>AUTORE<\/strong><\/p>\n<p>Il dott. Marc Van den Cloot (\u00b0Borgerhout 1946)<\/p>\n<p>Ingegnere commerciale e M.B.A. presso la KU Leuven. Ex direttore della casa di cura per disabili Huize Walden vzw a Westmalle. Fondatore ed ex presidente di diverse organizzazioni culturali e del patrimonio. Attualmente presidente di Familiekunde Vlaanderen. Iniziatore e responsabile dei progetti del DNA di Familiekunde Vlaanderen.<\/p>","protected":false},"excerpt":{"rendered":"<p>D\/2016\/12226\/1<br \/>\n106 pages broch\u00e9es \/ format 210 x 297 cm<br \/>\n<b style=\"color: #ff0000;\">Tempi di consegna 10 giorni dal ricevimento del pagamento<br \/>\nQuantit\u00e9 maximum par commande : 1<br \/>\n<\/b><\/p>","protected":false},"featured_media":5981,"comment_status":"closed","ping_status":"closed","template":"","meta":{"_et_pb_use_builder":"","_et_pb_old_content":"","_et_gb_content_width":""},"product_brand":[],"product_cat":[112],"product_tag":[],"class_list":{"0":"post-5980","1":"product","2":"type-product","3":"status-publish","4":"has-post-thumbnail","6":"product_cat-guides","8":"first","9":"instock","10":"sale","11":"taxable","12":"shipping-taxable","13":"purchasable","14":"product-type-simple"},"aioseo_notices":[],"_links":{"self":[{"href":"https:\/\/geniwal.be\/it\/wp-json\/wp\/v2\/product\/5980","targetHints":{"allow":["GET"]}}],"collection":[{"href":"https:\/\/geniwal.be\/it\/wp-json\/wp\/v2\/product"}],"about":[{"href":"https:\/\/geniwal.be\/it\/wp-json\/wp\/v2\/types\/product"}],"replies":[{"embeddable":true,"href":"https:\/\/geniwal.be\/it\/wp-json\/wp\/v2\/comments?post=5980"}],"wp:featuredmedia":[{"embeddable":true,"href":"https:\/\/geniwal.be\/it\/wp-json\/wp\/v2\/media\/5981"}],"wp:attachment":[{"href":"https:\/\/geniwal.be\/it\/wp-json\/wp\/v2\/media?parent=5980"}],"wp:term":[{"taxonomy":"product_brand","embeddable":true,"href":"https:\/\/geniwal.be\/it\/wp-json\/wp\/v2\/product_brand?post=5980"},{"taxonomy":"product_cat","embeddable":true,"href":"https:\/\/geniwal.be\/it\/wp-json\/wp\/v2\/product_cat?post=5980"},{"taxonomy":"product_tag","embeddable":true,"href":"https:\/\/geniwal.be\/it\/wp-json\/wp\/v2\/product_tag?post=5980"}],"curies":[{"name":"wp","href":"https:\/\/api.w.org\/{rel}","templated":true}]}}