{"id":6249,"date":"2020-09-15T15:15:50","date_gmt":"2020-09-15T13:15:50","guid":{"rendered":"https:\/\/geniwal.be\/?post_type=product&#038;p=6249"},"modified":"2020-09-17T11:04:03","modified_gmt":"2020-09-17T09:04:03","slug":"genealogie-jacques-brel","status":"publish","type":"product","link":"https:\/\/geniwal.be\/it\/boutique\/genealogie\/genealogie-jacques-brel\/","title":{"rendered":"Jacques Brel"},"content":{"rendered":"<p>PREFAZIONE<\/p>\n<p>&nbsp;<\/p>\n<p>Le G\u00e9n\u00e9alogiste, un personnage myst\u00e9rieux, rare et m\u00e9connu ! D\u00e9trompons-nous, ce n&rsquo;est pas un savant \u00e0 la barbe fleurie, une loupe \u00e0 la main. Il est vrai que ce domaine semble r\u00e9serv\u00e9 aux sp\u00e9cialistes des grands noms historiques ! Pourtant actuellement, la recherche des anc\u00eatres est \u00e0 la port\u00e9e de tous. Les investigations sont proches d&rsquo;une enqu\u00eate polici\u00e8re et permettent de d\u00e9couvrir l&rsquo;histoire de notre famille quelle qu&rsquo;elle soit, noble ou roturi\u00e8re, riche ou pauvre. Les al\u00e9as de l&rsquo;histoire sont parfois amusants, \u00e9mouvants, \u00e9tonnants et nous font p\u00e9n\u00e9trer dans la vie courante des personnes d&rsquo;autres \u00e9poques. Nul n&rsquo;\u00e9tant infaillible et un travail n&rsquo;\u00e9tant jamais parfait, toutes les nouvelles informations et corrections (probantes) seront incorpor\u00e9es dans une version ult\u00e9rieure. D&rsquo;avance merci. Suivons le \u00ab Grand Jacques \u00bb au fil de l&rsquo;eau en remontant le courant de la \u00ab Lys \u00bb en passant par Comines, pour rencontrer ses anc\u00eatres, les bourgeois, qui vivaient au d\u00e9but du XV\u00e8me si\u00e8cle dans le plat pays qui est le sien. En r\u00e9unissant bout \u00e0 bout la plupart de ses chansons, dans une composition fictive intitul\u00e9e \u00ab Le synoptique de Jacky \u00bb, il nous parle de sa famille, de son pays, de ses amis, de ses souvenirs, de la vie et de la mort &#8230;. C&rsquo;est un peu cela la g\u00e9n\u00e9alogie.<\/p>\n<p>Gilberte ROUSSEAU \u03ee<\/p>","protected":false},"excerpt":{"rendered":"<p>Poids du livre 1255 gr<br \/>\nDimension : 297 x 221<br \/>\nPrix : 25 \u20ac<br \/>\n<b style=\"color: #ff0000;\">Tempi di consegna 10 giorni dal ricevimento del pagamento<br \/>\nQuantit\u00e9 maximum par commande : 1<\/b><\/p>","protected":false},"featured_media":6261,"comment_status":"closed","ping_status":"closed","template":"","meta":{"_et_pb_use_builder":"","_et_pb_old_content":"","_et_gb_content_width":""},"product_brand":[],"product_cat":[111],"product_tag":[],"class_list":{"0":"post-6249","1":"product","2":"type-product","3":"status-publish","4":"has-post-thumbnail","6":"product_cat-genealogie","8":"first","9":"instock","10":"taxable","11":"shipping-taxable","12":"purchasable","13":"product-type-simple"},"aioseo_notices":[],"_links":{"self":[{"href":"https:\/\/geniwal.be\/it\/wp-json\/wp\/v2\/product\/6249","targetHints":{"allow":["GET"]}}],"collection":[{"href":"https:\/\/geniwal.be\/it\/wp-json\/wp\/v2\/product"}],"about":[{"href":"https:\/\/geniwal.be\/it\/wp-json\/wp\/v2\/types\/product"}],"replies":[{"embeddable":true,"href":"https:\/\/geniwal.be\/it\/wp-json\/wp\/v2\/comments?post=6249"}],"wp:featuredmedia":[{"embeddable":true,"href":"https:\/\/geniwal.be\/it\/wp-json\/wp\/v2\/media\/6261"}],"wp:attachment":[{"href":"https:\/\/geniwal.be\/it\/wp-json\/wp\/v2\/media?parent=6249"}],"wp:term":[{"taxonomy":"product_brand","embeddable":true,"href":"https:\/\/geniwal.be\/it\/wp-json\/wp\/v2\/product_brand?post=6249"},{"taxonomy":"product_cat","embeddable":true,"href":"https:\/\/geniwal.be\/it\/wp-json\/wp\/v2\/product_cat?post=6249"},{"taxonomy":"product_tag","embeddable":true,"href":"https:\/\/geniwal.be\/it\/wp-json\/wp\/v2\/product_tag?post=6249"}],"curies":[{"name":"wp","href":"https:\/\/api.w.org\/{rel}","templated":true}]}}