{"id":6268,"date":"2020-09-17T11:26:46","date_gmt":"2020-09-17T09:26:46","guid":{"rendered":"https:\/\/geniwal.be\/?post_type=product&#038;p=6268"},"modified":"2020-11-14T09:14:49","modified_gmt":"2020-11-14T08:14:49","slug":"chronique-famiale-de-nicolas-canva","status":"publish","type":"product","link":"https:\/\/geniwal.be\/it\/boutique\/genealogie\/chronique-famiale-de-nicolas-canva\/","title":{"rendered":"Cronaca familiare di Nicolas CANVA"},"content":{"rendered":"<p>Prefazione<\/p>\n<p>Le G\u00e9n\u00e9alogiste, un personnage myst\u00e9rieux, rare et m\u00e9connu ! D\u00e9trompons-nous, ce n&rsquo;est pas un savant \u00e0 la barbe fleurie, une loupe \u00e0 la main. Il est vrai que ce domaine semble r\u00e9serv\u00e9 aux sp\u00e9cialistes des grands noms historiques ! Pourtant actuellement, la recherche des anc\u00eatres est \u00e0 la port\u00e9e de tous. Les investigations sont proches d&rsquo;une enqu\u00eate polici\u00e8re et permettent de d\u00e9couvrir l&rsquo;histoire de notre famille quelle qu&rsquo;elle soit noble ou roturi\u00e8re, riche ou pauvre. Les al\u00e9as de l&rsquo;histoire sont parfois amusants, \u00e9mouvants, \u00e9tonnants et nous font p\u00e9n\u00e9trer dans la vie courante des personnes d&rsquo;autres \u00e9poques. Par le plus grand des hasards, lors d&rsquo;un salon g\u00e9n\u00e9alogique \u00e0 Paris, j&rsquo;ai eu le plaisir de rencontrer Monsieur Jean Pierre FRANCOIS, mon \u00ab cousin g\u00e9n\u00e9alogique fran\u00e7ais \u00bb qui \u00e9tudiait le patronyme CANVA. Nous voil\u00e0 donc tous les deux partis sur la route de Nicolas CANVA notre anc\u00eatre commun. Je voudrais remercier J.P. Fran\u00e7ois pour le travail personnel qu&rsquo;il a effectu\u00e9 en France, compl\u00e9t\u00e9 par des renseignements provenant de Belgique. Gr\u00e2ce \u00e0 lui, la chronique de la famille CANVA a pu \u00eatre \u00e9tablie et mise \u00e0 la disposition des passionn\u00e9s afin de les aider dans leurs recherches. Nul n&rsquo;\u00e9tant infaillible et un travail n&rsquo;\u00e9tant jamais parfait, nous serons toujours heureux de recevoir de nouvelles informations (probantes) et de les incorporer dans une version ult\u00e9rieure.<\/p>\n<p>Gilberte ROUSSEAU \u03ee<\/p>","protected":false},"excerpt":{"rendered":"<p>Poids du livre 380 gr<br \/>\nDimension : 297 x 221<br \/>\n<b style=\"color: #ff0000;\">Tempi di consegna 10 giorni dal ricevimento del pagamento<br \/>\nQuantit\u00e9 maximum par commande : 2<\/b><\/p>","protected":false},"featured_media":6269,"comment_status":"closed","ping_status":"closed","template":"","meta":{"_et_pb_use_builder":"","_et_pb_old_content":"","_et_gb_content_width":""},"product_brand":[],"product_cat":[111],"product_tag":[],"class_list":{"0":"post-6268","1":"product","2":"type-product","3":"status-publish","4":"has-post-thumbnail","6":"product_cat-genealogie","8":"first","9":"instock","10":"taxable","11":"shipping-taxable","12":"purchasable","13":"product-type-simple"},"aioseo_notices":[],"_links":{"self":[{"href":"https:\/\/geniwal.be\/it\/wp-json\/wp\/v2\/product\/6268","targetHints":{"allow":["GET"]}}],"collection":[{"href":"https:\/\/geniwal.be\/it\/wp-json\/wp\/v2\/product"}],"about":[{"href":"https:\/\/geniwal.be\/it\/wp-json\/wp\/v2\/types\/product"}],"replies":[{"embeddable":true,"href":"https:\/\/geniwal.be\/it\/wp-json\/wp\/v2\/comments?post=6268"}],"wp:featuredmedia":[{"embeddable":true,"href":"https:\/\/geniwal.be\/it\/wp-json\/wp\/v2\/media\/6269"}],"wp:attachment":[{"href":"https:\/\/geniwal.be\/it\/wp-json\/wp\/v2\/media?parent=6268"}],"wp:term":[{"taxonomy":"product_brand","embeddable":true,"href":"https:\/\/geniwal.be\/it\/wp-json\/wp\/v2\/product_brand?post=6268"},{"taxonomy":"product_cat","embeddable":true,"href":"https:\/\/geniwal.be\/it\/wp-json\/wp\/v2\/product_cat?post=6268"},{"taxonomy":"product_tag","embeddable":true,"href":"https:\/\/geniwal.be\/it\/wp-json\/wp\/v2\/product_tag?post=6268"}],"curies":[{"name":"wp","href":"https:\/\/api.w.org\/{rel}","templated":true}]}}