{"id":6536,"date":"2020-12-13T18:26:22","date_gmt":"2020-12-13T17:26:22","guid":{"rendered":"https:\/\/geniwal.be\/?post_type=product&#038;p=6536"},"modified":"2021-02-13T16:11:00","modified_gmt":"2021-02-13T15:11:00","slug":"larbre-geniwal-4-generations-special-enfant-decor-foret","status":"publish","type":"product","link":"https:\/\/geniwal.be\/it\/boutique\/arbres\/larbre-geniwal-4-generations-special-enfant-decor-foret\/","title":{"rendered":"L'albero di 4 generazioni G\u00e9niWal - Speciale per bambini - decorazione della foresta"},"content":{"rendered":"","protected":false},"excerpt":{"rendered":"<div><strong>R\u00e9f\u00e9rence du produit :<\/strong> 700062 : Arbre G\u00e9niWal 4 g\u00e9n\u00e9rations Enfant &#8211; d\u00e9cor foret<\/div>\n<ul>\n<li>Arbre vide \u00e0 4 g\u00e9n\u00e9rations, d\u00e9cor for\u00eat, format 29,5 cm sur 42 cm, cr\u00e9ation G\u00e9niWal.<\/li>\n<li><b><\/b>Livraison sous tube<\/li>\n<\/ul>\n<p><b>Tempi di consegna 10 giorni dal ricevimento del pagamento<\/b><b><br \/>\n<\/b><b><br \/>\n<\/b>Tutti i modelli e i disegni sono protetti da copyright.<br \/>\n(Codice francese della propriet\u00e0 intellettuale).<br \/>\n2012-2020 G\u00e9niWal a.s.b.l.<\/p>","protected":false},"featured_media":6537,"comment_status":"closed","ping_status":"closed","template":"","meta":{"_et_pb_use_builder":"","_et_pb_old_content":"","_et_gb_content_width":""},"product_brand":[],"product_cat":[109],"product_tag":[236],"class_list":{"0":"post-6536","1":"product","2":"type-product","3":"status-publish","4":"has-post-thumbnail","6":"product_cat-arbres","7":"product_tag-arbre-geniwal-4-generations-special-enfant-decor-foret","9":"first","10":"instock","11":"taxable","12":"shipping-taxable","13":"purchasable","14":"product-type-simple"},"aioseo_notices":[],"_links":{"self":[{"href":"https:\/\/geniwal.be\/it\/wp-json\/wp\/v2\/product\/6536","targetHints":{"allow":["GET"]}}],"collection":[{"href":"https:\/\/geniwal.be\/it\/wp-json\/wp\/v2\/product"}],"about":[{"href":"https:\/\/geniwal.be\/it\/wp-json\/wp\/v2\/types\/product"}],"replies":[{"embeddable":true,"href":"https:\/\/geniwal.be\/it\/wp-json\/wp\/v2\/comments?post=6536"}],"wp:featuredmedia":[{"embeddable":true,"href":"https:\/\/geniwal.be\/it\/wp-json\/wp\/v2\/media\/6537"}],"wp:attachment":[{"href":"https:\/\/geniwal.be\/it\/wp-json\/wp\/v2\/media?parent=6536"}],"wp:term":[{"taxonomy":"product_brand","embeddable":true,"href":"https:\/\/geniwal.be\/it\/wp-json\/wp\/v2\/product_brand?post=6536"},{"taxonomy":"product_cat","embeddable":true,"href":"https:\/\/geniwal.be\/it\/wp-json\/wp\/v2\/product_cat?post=6536"},{"taxonomy":"product_tag","embeddable":true,"href":"https:\/\/geniwal.be\/it\/wp-json\/wp\/v2\/product_tag?post=6536"}],"curies":[{"name":"wp","href":"https:\/\/api.w.org\/{rel}","templated":true}]}}