{"id":6558,"date":"2020-12-16T22:29:59","date_gmt":"2020-12-16T21:29:59","guid":{"rendered":"https:\/\/geniwal.be\/?post_type=product&#038;p=6558"},"modified":"2020-12-18T16:21:00","modified_gmt":"2020-12-18T15:21:00","slug":"tablette-facilotab-l-galaxy-wifi-32-go-android-9-marque-samsung-interface-simplifiee-pour-seniors","status":"publish","type":"product","link":"https:\/\/geniwal.be\/it\/boutique\/outils\/tablette-facilotab-l-galaxy-wifi-32-go-android-9-marque-samsung-interface-simplifiee-pour-seniors\/","title":{"rendered":"TABLET GALAXY FACILOTAB L - WIFI - 32GB - ANDROID 9 - MARCA SAMSUNG - INTERFACCIA SEMPLIFICATA PER ANZIANI"},"content":{"rendered":"<p>Tablette de marque SAMSUNG &#8211; \u00c9cran de 10,1 pouces FULL HD &#8211; 2 haut-parleurs pour un son fort &#8211; Recommand\u00e9e pour Skype &#8211; Double cam\u00e9ra 8MP \/ 5MP<\/p>\n<p><a href=\"https:\/\/www.facilotab.com\/boutique\/fr\/tablette-facilotab\/426-tablette-facilotab-l-galaxy-wifi-32-go-android-9-marque-samsung-interface-simplifiee-pour-seniors-3592120191609.html#description\">Descrizione<\/a><\/p>\n<p><strong>Facilotab<\/strong>\u00a0\u00e8 una tavoletta semplificata che\u00a0<strong>veloce da imparare<\/strong>. C&rsquo;est un mat\u00e9riel simple et moderne dot\u00e9e d\u2019une messagerie simplifi\u00e9e pour envoyer et recevoir e-mail et photos ! Communiquez avec ses proches devient un jeu d\u2019enfant m\u00eame pour les n\u00e9ophytes en informatique.<br \/>\nGrazie al\u00a0<strong>browser web semplificato e adattato<\/strong>Godetevi Internet in tutta tranquillit\u00e0. Il tablet \u00e8 dotato di un sistema di filtri che protegge gli utenti dai rischi del web. Non c'\u00e8 spazio per gli abusi!<br \/>\nEnfin, toutes les applications pr\u00e9sentes dans le Google Play Store sont t\u00e9l\u00e9chargeables sur les tablettes Facilotab. Augmentez ainsi les possibilit\u00e9s de votre tablette \u00e0 votre convenance. Les applications WhatsApp, et Skype&#8230; sont propos\u00e9es \u00e0 l&rsquo;installation pour la visio.<\/p>\n<h3>Un tablet semplificato per i cittadini senior:<br \/>\n&#8211; Ecran 10,1 pouces\u00a0(25,65 cm)<\/h3>\n<p>&#8211; R\u00e9solution Full HD 1920 x 1200 pixels<br \/>\n&#8211; M\u00e9moire 32 Go (port micro SD jusqu&rsquo;\u00e0 512 Go)<br \/>\n&#8211; Autonomie excellente<br \/>\n&#8211; Toutes appli Android<br \/>\n&#8211; Syst\u00e8me Facilotab install\u00e9<br \/>\n&#8211; Poids : 469 grammes<\/p>\n<h3>Dettagli tecnici:<\/h3>\n<p>&#8211; Sortie Audio 3,5 mm Jack pour brancher un casque ou un haut-parleur<br \/>\n&#8211; Connecteur USB C pour brancher\u00a0une clef USB ou un ordinateur<br \/>\n&#8211; 1 cam\u00e9ra en face avant 5MP et 1 camera en face arri\u00e8re 8MP<br \/>\n&#8211; Dimensions de la tablette hors-emballage (LxWxH) : 149,4mm x 245,2mm x 7,5mm<\/p>\n<h3>Incluso nella confezione:<\/h3>\n<p>&#8211; 1 Tablette avec les syst\u00e8mes Android et Facilotab install\u00e9s<br \/>\n&#8211; 1 Chargeur (par le port USB)<br \/>\n&#8211; 1 cable USB<br \/>\n&#8211; 1 Guide d&rsquo;utilisateur en fran\u00e7ais<\/p>\n<p><a href=\"https:\/\/www.facilotab.com\/boutique\/fr\/tablette-facilotab\/427-tablette-facilotab-l-galaxy-101-pouces-wifi4g-32go-android-7-interface-simplifiee-pour-seniors-3592120191616.html\">Vedere il Facilotab L Galaxy 4G<\/a><\/p>\n<h3>I vantaggi di Facilotab :<\/h3>\n<p>&#8211; Syst\u00e8me simplifi\u00e9 et \u00e9prouv\u00e9 aupr\u00e8s d&rsquo;un large public<br \/>\n&#8211; Inclus les mises \u00e0 jour gratuites du syst\u00e8me Facilotab<br \/>\n&#8211; 30 minutes d&rsquo;assistance t\u00e9l\u00e9phonique offertes<br \/>\n&#8211; Acc\u00e8s \u00e0 distance de la tablette pour les proches autoris\u00e9s (Installation d&rsquo;applications, gestion des contacts &#8230;)<br \/>\n&#8211; Sans abonnement<br \/>\n&#8211; Logiciel et application con\u00e7us et d\u00e9velopp\u00e9s en France<\/p>\n<p>Garanzia di 2 anni del produttore<\/p>\n<p><strong>Un'esperienza sonora 3D dinamica di qualit\u00e0 superiore<\/strong><br \/>\nDot\u00e9 d&rsquo;un syst\u00e8me am\u00e9lior\u00e9 \u00e0 deux enceintes, la Facilotab Galaxy vous permet de profiter d&rsquo;un son riche et r\u00e9aliste lorsque vous d\u00e9sirez \u00e9couter votre musique pr\u00e9f\u00e9r\u00e9e. Et avec le son surround tridimensionnel de Dolby Atmos, vous vous immergez compl\u00e8tement dans l&rsquo;action \u00e0 l\u2019\u00e9cran.<\/p>","protected":false},"excerpt":{"rendered":"<p>Tablette de marque SAMSUNG &#8211; \u00c9cran de 10,1 pouces FULL HD &#8211; 2 haut-parleurs pour un son fort &#8211; Recommand\u00e9e pour Skype &#8211; Double cam\u00e9ra 8MP \/ 5MP Description Facilotab\u00a0est [&hellip;]<\/p>\n","protected":false},"featured_media":6448,"comment_status":"closed","ping_status":"closed","template":"","meta":{"_et_pb_use_builder":"","_et_pb_old_content":"","_et_gb_content_width":""},"product_brand":[],"product_cat":[114],"product_tag":[],"class_list":{"0":"post-6558","1":"product","2":"type-product","3":"status-publish","4":"has-post-thumbnail","6":"product_cat-outils","8":"first","9":"instock","10":"taxable","11":"shipping-taxable","12":"purchasable","13":"product-type-simple"},"aioseo_notices":[],"_links":{"self":[{"href":"https:\/\/geniwal.be\/it\/wp-json\/wp\/v2\/product\/6558","targetHints":{"allow":["GET"]}}],"collection":[{"href":"https:\/\/geniwal.be\/it\/wp-json\/wp\/v2\/product"}],"about":[{"href":"https:\/\/geniwal.be\/it\/wp-json\/wp\/v2\/types\/product"}],"replies":[{"embeddable":true,"href":"https:\/\/geniwal.be\/it\/wp-json\/wp\/v2\/comments?post=6558"}],"wp:featuredmedia":[{"embeddable":true,"href":"https:\/\/geniwal.be\/it\/wp-json\/wp\/v2\/media\/6448"}],"wp:attachment":[{"href":"https:\/\/geniwal.be\/it\/wp-json\/wp\/v2\/media?parent=6558"}],"wp:term":[{"taxonomy":"product_brand","embeddable":true,"href":"https:\/\/geniwal.be\/it\/wp-json\/wp\/v2\/product_brand?post=6558"},{"taxonomy":"product_cat","embeddable":true,"href":"https:\/\/geniwal.be\/it\/wp-json\/wp\/v2\/product_cat?post=6558"},{"taxonomy":"product_tag","embeddable":true,"href":"https:\/\/geniwal.be\/it\/wp-json\/wp\/v2\/product_tag?post=6558"}],"curies":[{"name":"wp","href":"https:\/\/api.w.org\/{rel}","templated":true}]}}