{"id":6576,"date":"2020-12-19T05:01:03","date_gmt":"2020-12-19T04:01:03","guid":{"rendered":"https:\/\/geniwal.be\/?post_type=product&#038;p=6576"},"modified":"2021-02-16T21:37:57","modified_gmt":"2021-02-16T20:37:57","slug":"numerisateur-documents","status":"publish","type":"product","link":"https:\/\/geniwal.be\/it\/boutique\/outils\/numerisateur-documents\/","title":{"rendered":"Scanner per documenti"},"content":{"rendered":"<p>SCANSIONE IN 1 SECONDO<\/p>\n<ul>\n<li>Per digitalizzare i vostri documenti privati o archivi pubblici<br \/>\n- Registri, libri, foto, ecc.<br \/>\n- Veloce: circa.\u00a0<strong>1 secondo <\/strong>per colpo.<br \/>\n- Collegamento e funzionamento ultra-semplice tramite spina\u00a0<strong>USB <\/strong>sul PC<br \/>\n- Salvataggio delle foto sul disco rigido<\/li>\n<\/ul>\n<p>Specifiche tecniche<\/p>\n<ul>\n<li>Documento scansionabile: A3 max<br \/>\n- Risoluzione: max. 2592 x 1944<br \/>\n- Formato immagine: JPG, BMP, PNG, TIF e PDF<br \/>\n- Illuminazione integrata con 8 LED<br \/>\n- Intervallometro a grilletto regolabile<br \/>\n- Rifilatura e raddrizzamento automatici<br \/>\n- Attivazione automatica tramite rilevatore di movimento<\/li>\n<\/ul>\n<p>Fornito con :<\/p>\n<ul>\n<li>Software per driver<br \/>\n- Cavo USB<br \/>\n- Tappetino per la centratura dei documenti<br \/>\n- Custodia per il trasporto<br \/>\n- Tutorial stampato<br \/>\n- Configurazione minima: Windows 7 USB2<br \/>\n- 1 anno di garanzia<\/li>\n<\/ul>","protected":false},"excerpt":{"rendered":"<p>SCANSIONE IN 1 SECONDO<\/p>\n<ul>\n<li>Per digitalizzare i vostri documenti privati o archivi pubblici<br \/>\n- Registri, libri, foto, ecc.<br \/>\n- Veloce: circa.\u00a0<strong>1 secondo <\/strong>per colpo.<br \/>\n- Collegamento e funzionamento ultra-semplice tramite spina\u00a0<strong>USB <\/strong>sul PC<br \/>\n- Salvataggio delle foto sul disco rigido<\/li>\n<li><span style=\"color: #ff0000;\">Livraison comprise dans le prix (la livraison ne sera pas ajout\u00e9 lors de la validation de la commande pour cet article)<\/span><\/li>\n<\/ul>\n<p>&nbsp;<\/p>\n<p>Optionnel :<\/p>\n<ul>\n<li><strong>La p\u00e9dale de commande<\/strong> sert \u00e0 d\u00e9clencher la num\u00e9risation au pied. Elle lib\u00e8re ainsi les mains, ce qui vous permettra de tourner les pages ou d\u2019ajuster les documents sous le num\u00e9riseur.<\/li>\n<li><strong>Logiciel sur clef USB<\/strong> qui pilote votre num\u00e9riseur<\/li>\n<\/ul>\n<table style=\"border-collapse: collapse; width: 100%;\">\n<tbody>\n<tr>\n<td style=\"width: 50%; text-align: left;\">P\u00e9dale de commande<\/td>\n<td style=\"width: 50%; text-align: left;\">Logiciel sur clef USB<\/td>\n<\/tr>\n<tr>\n<td style=\"width: 50%;\"><img decoding=\"async\" class=\"wp-image-6571 alignleft lazyload\" data-src=\"https:\/\/geniwal.be\/wp-content\/uploads\/2020\/12\/pedale1-300x136.jpg\" alt=\"\" width=\"137\" height=\"62\" src=\"data:image\/svg+xml;base64,PHN2ZyB3aWR0aD0iMSIgaGVpZ2h0PSIxIiB4bWxucz0iaHR0cDovL3d3dy53My5vcmcvMjAwMC9zdmciPjwvc3ZnPg==\" style=\"--smush-placeholder-width: 137px; --smush-placeholder-aspect-ratio: 137\/62;\" \/><\/td>\n<td style=\"width: 50%;\"><img decoding=\"async\" class=\"wp-image-6572 alignleft lazyload\" data-src=\"https:\/\/geniwal.be\/wp-content\/uploads\/2020\/12\/clef-USB-1-100x49-1.png\" alt=\"\" width=\"135\" height=\"66\" src=\"data:image\/svg+xml;base64,PHN2ZyB3aWR0aD0iMSIgaGVpZ2h0PSIxIiB4bWxucz0iaHR0cDovL3d3dy53My5vcmcvMjAwMC9zdmciPjwvc3ZnPg==\" style=\"--smush-placeholder-width: 135px; --smush-placeholder-aspect-ratio: 135\/66;\" \/><\/td>\n<\/tr>\n<\/tbody>\n<\/table>\n<p>&nbsp;<\/p>","protected":false},"featured_media":6546,"comment_status":"closed","ping_status":"closed","template":"","meta":{"_et_pb_use_builder":"","_et_pb_old_content":"","_et_gb_content_width":""},"product_brand":[],"product_cat":[114],"product_tag":[230],"class_list":{"0":"post-6576","1":"product","2":"type-product","3":"status-publish","4":"has-post-thumbnail","6":"product_cat-outils","7":"product_tag-230","9":"first","10":"instock","11":"taxable","12":"shipping-taxable","13":"purchasable","14":"product-type-simple"},"aioseo_notices":[],"_links":{"self":[{"href":"https:\/\/geniwal.be\/it\/wp-json\/wp\/v2\/product\/6576","targetHints":{"allow":["GET"]}}],"collection":[{"href":"https:\/\/geniwal.be\/it\/wp-json\/wp\/v2\/product"}],"about":[{"href":"https:\/\/geniwal.be\/it\/wp-json\/wp\/v2\/types\/product"}],"replies":[{"embeddable":true,"href":"https:\/\/geniwal.be\/it\/wp-json\/wp\/v2\/comments?post=6576"}],"wp:featuredmedia":[{"embeddable":true,"href":"https:\/\/geniwal.be\/it\/wp-json\/wp\/v2\/media\/6546"}],"wp:attachment":[{"href":"https:\/\/geniwal.be\/it\/wp-json\/wp\/v2\/media?parent=6576"}],"wp:term":[{"taxonomy":"product_brand","embeddable":true,"href":"https:\/\/geniwal.be\/it\/wp-json\/wp\/v2\/product_brand?post=6576"},{"taxonomy":"product_cat","embeddable":true,"href":"https:\/\/geniwal.be\/it\/wp-json\/wp\/v2\/product_cat?post=6576"},{"taxonomy":"product_tag","embeddable":true,"href":"https:\/\/geniwal.be\/it\/wp-json\/wp\/v2\/product_tag?post=6576"}],"curies":[{"name":"wp","href":"https:\/\/api.w.org\/{rel}","templated":true}]}}