{"id":7248,"date":"2021-10-25T21:17:13","date_gmt":"2021-10-25T19:17:13","guid":{"rendered":"https:\/\/geniwal.be\/?post_type=product&#038;p=7248"},"modified":"2022-02-06T14:33:47","modified_gmt":"2022-02-06T13:33:47","slug":"labc-du-mariage-civil-belge-au-19eme-siecle","status":"publish","type":"product","link":"https:\/\/geniwal.be\/it\/boutique\/guides\/labc-du-mariage-civil-belge-au-19eme-siecle\/","title":{"rendered":"L'ABC del matrimonio civile belga del XIX secolo"},"content":{"rendered":"<p><b>SOMMARIO<\/b><\/p>\n<p style=\"font-weight: 400;\">L&rsquo;\u00e9tat civil belge est n\u00e9 du code civil vot\u00e9 entre 1801 \u00e0 1804 ; (promulgu\u00e9 le 31 mars 1804) et prend le nom de code Napol\u00e9on en 1807. Ce code est compos\u00e9 de trois livres : 1\u00b0 des personnes. 2\u00b0 des biens et des diff\u00e9rentes modifications de la propri\u00e9t\u00e9. 3\u00b0 des diff\u00e9rentes mani\u00e8res dont on acquiert la propri\u00e9t\u00e9.<\/p>\n<p style=\"font-weight: 400;\">Le code reprend un certains nombres de conqu\u00eates de la R\u00e9volution fran\u00e7aise ; \u00e9galit\u00e9 entre les citoyens, la\u00efcit\u00e9 de l&rsquo;\u00e9tat, libert\u00e9 de conscience, libert\u00e9 de travail, \u00e9galit\u00e9 des enfants, filiation des libert\u00e9s de tester\u202f; possibilit\u00e9 de divorcer et peu favorables- aux droits des femmes.<\/p>\n<p style=\"font-weight: 400;\">Il influen\u00e7a durablement le droit civil belge aux XIX\u1d49 et XX\u1d49\u00a0 si\u00e8cles. C&rsquo;est sous le r\u00e9gime fran\u00e7ais que furent publi\u00e9s les diff\u00e9rents codes judiciaires dont le code civil belge s&rsquo;est inspir\u00e9.<\/p>\n<p style=\"font-weight: 400;\">Per saperne di pi\u00f9 sul matrimonio in Belgio, consultate questa pubblicazione.<\/p>\n<p><strong>AUTORE<\/strong><\/p>\n<p>Yves Heraly. Il est n\u00e9 en 1948 \u00e0 L\u00e9opoldville (aujourd&rsquo;hui Kinshasa) en R\u00e9publique d\u00e9mocratique du Congo. Il commence en 1990 la g\u00e9n\u00e9alogie familiale des Heraly, originaires du Brabant wallon. Ancien tr\u00e9sorier du Cercle d&rsquo;histoire, d&rsquo;arch\u00e9ologie et de g\u00e9n\u00e9alogie de Wavre et du Brabant Wallon. Il fonde en 1998 l&rsquo;association G\u00e9niWal (G\u00e9n\u00e9alogie Wallonie Informatique) dont il est pr\u00e9sident.<\/p>","protected":false},"excerpt":{"rendered":"<p>R\u00e9f\u00e9rence : 705014<\/p>\n<p>Gr\u00e2ce \u00e0 cette publication vous pourrez en savoir plus sur le mariage en Belgique des XIX et XX\u00e8me si\u00e8cles.<\/p>\n<p>52 pages broch\u00e9es \/ format 148 x 210 cm<br \/>\n<b style=\"color: #ff0000;\">Tempi di consegna 10 giorni dal ricevimento del pagamento<br \/>\nQuantit\u00e9 maximum par commande : 6<br \/>\n<\/b><\/p>\n<form class=\"cart\" action=\"https:\/\/geniwal.be\/it\/produit\/retracer-lhistoire-de-sa-commune\/\" enctype=\"multipart\/form-data\" method=\"post\" data-trp-original-action=\"https:\/\/geniwal.be\/produit\/retracer-lhistoire-de-sa-commune\/\">\n<div class=\"quantity buttons_added\"><\/div>\n<input type=\"hidden\" name=\"trp-form-language\" value=\"it\"\/><\/form>","protected":false},"featured_media":8143,"comment_status":"closed","ping_status":"closed","template":"","meta":{"_et_pb_use_builder":"","_et_pb_old_content":"","_et_gb_content_width":""},"product_brand":[],"product_cat":[112],"product_tag":[],"class_list":{"0":"post-7248","1":"product","2":"type-product","3":"status-publish","4":"has-post-thumbnail","6":"product_cat-guides","8":"first","9":"instock","10":"taxable","11":"shipping-taxable","12":"purchasable","13":"product-type-simple"},"aioseo_notices":[],"_links":{"self":[{"href":"https:\/\/geniwal.be\/it\/wp-json\/wp\/v2\/product\/7248","targetHints":{"allow":["GET"]}}],"collection":[{"href":"https:\/\/geniwal.be\/it\/wp-json\/wp\/v2\/product"}],"about":[{"href":"https:\/\/geniwal.be\/it\/wp-json\/wp\/v2\/types\/product"}],"replies":[{"embeddable":true,"href":"https:\/\/geniwal.be\/it\/wp-json\/wp\/v2\/comments?post=7248"}],"wp:featuredmedia":[{"embeddable":true,"href":"https:\/\/geniwal.be\/it\/wp-json\/wp\/v2\/media\/8143"}],"wp:attachment":[{"href":"https:\/\/geniwal.be\/it\/wp-json\/wp\/v2\/media?parent=7248"}],"wp:term":[{"taxonomy":"product_brand","embeddable":true,"href":"https:\/\/geniwal.be\/it\/wp-json\/wp\/v2\/product_brand?post=7248"},{"taxonomy":"product_cat","embeddable":true,"href":"https:\/\/geniwal.be\/it\/wp-json\/wp\/v2\/product_cat?post=7248"},{"taxonomy":"product_tag","embeddable":true,"href":"https:\/\/geniwal.be\/it\/wp-json\/wp\/v2\/product_tag?post=7248"}],"curies":[{"name":"wp","href":"https:\/\/api.w.org\/{rel}","templated":true}]}}