{"id":5098,"date":"2020-03-08T07:46:57","date_gmt":"2020-03-08T06:46:57","guid":{"rendered":"https:\/\/geniwal.be\/?post_type=product&#038;p=5098"},"modified":"2021-02-12T21:25:32","modified_gmt":"2021-02-12T20:25:32","slug":"larbre-geniwal-6-generations-noir-blanc","status":"publish","type":"product","link":"https:\/\/geniwal.be\/nl\/boutique\/arbres\/larbre-geniwal-6-generations-noir-blanc\/","title":{"rendered":"De G\u00e9niWal 6-generatie zwart-wit boom"},"content":{"rendered":"","protected":false},"excerpt":{"rendered":"<div><strong>R\u00e9f\u00e9rence du produit :<\/strong> 700012 : arbre G\u00e9niWal 6 g\u00e9n\u00e9rations noir &amp; blanc<\/div>\n<ul>\n<li>L&rsquo;arbre G\u00e9niWal 6 g\u00e9n\u00e9rations noir &amp; blanc format A3 +<\/li>\n<li>Exp\u00e9dition sous tube rigide<\/li>\n<\/ul>\n<h3><b>Levertijd 10 dagen na ontvangst van betaling<\/b><\/h3>\n<h3><b><\/b><b><br \/>\n<\/b>Alle modellen en tekeningen zijn auteursrechtelijk beschermd.<br \/>\n(Franse wet op intellectueel eigendom).<br \/>\n\u00a9 2012 G\u00e9niWal a.s.b.l<\/h3>","protected":false},"featured_media":5102,"comment_status":"closed","ping_status":"closed","template":"","meta":{"_et_pb_use_builder":"","_et_pb_old_content":"","_et_gb_content_width":""},"product_brand":[],"product_cat":[109],"product_tag":[123],"class_list":{"0":"post-5098","1":"product","2":"type-product","3":"status-publish","4":"has-post-thumbnail","6":"product_cat-arbres","7":"product_tag-larbre-geniwal-6-generations-noir-blanc","9":"first","10":"instock","11":"taxable","12":"shipping-taxable","13":"purchasable","14":"product-type-simple"},"aioseo_notices":[],"_links":{"self":[{"href":"https:\/\/geniwal.be\/nl\/wp-json\/wp\/v2\/product\/5098","targetHints":{"allow":["GET"]}}],"collection":[{"href":"https:\/\/geniwal.be\/nl\/wp-json\/wp\/v2\/product"}],"about":[{"href":"https:\/\/geniwal.be\/nl\/wp-json\/wp\/v2\/types\/product"}],"replies":[{"embeddable":true,"href":"https:\/\/geniwal.be\/nl\/wp-json\/wp\/v2\/comments?post=5098"}],"wp:featuredmedia":[{"embeddable":true,"href":"https:\/\/geniwal.be\/nl\/wp-json\/wp\/v2\/media\/5102"}],"wp:attachment":[{"href":"https:\/\/geniwal.be\/nl\/wp-json\/wp\/v2\/media?parent=5098"}],"wp:term":[{"taxonomy":"product_brand","embeddable":true,"href":"https:\/\/geniwal.be\/nl\/wp-json\/wp\/v2\/product_brand?post=5098"},{"taxonomy":"product_cat","embeddable":true,"href":"https:\/\/geniwal.be\/nl\/wp-json\/wp\/v2\/product_cat?post=5098"},{"taxonomy":"product_tag","embeddable":true,"href":"https:\/\/geniwal.be\/nl\/wp-json\/wp\/v2\/product_tag?post=5098"}],"curies":[{"name":"wp","href":"https:\/\/api.w.org\/{rel}","templated":true}]}}