{"id":5946,"date":"2020-05-10T08:06:29","date_gmt":"2020-05-10T06:06:29","guid":{"rendered":"https:\/\/geniwal.be\/?post_type=product&#038;p=5946"},"modified":"2025-11-02T22:38:01","modified_gmt":"2025-11-02T21:38:01","slug":"retrouver-ses-ancetres-belges-et-luxembourgeois","status":"publish","type":"product","link":"https:\/\/geniwal.be\/nl\/boutique\/guides\/retrouver-ses-ancetres-belges-et-luxembourgeois\/","title":{"rendered":"Je Belgische en Luxemburgse voorouders opsporen"},"content":{"rendered":"<p><strong>SAMENVATTING<\/strong><\/p>\n<p>Belgen waren de eerste migranten die zich vanaf de 19e eeuw in Frankrijk vestigden: miljoenen Fransen hebben Vlaamse, Waalse of Luxemburgse voorouders in hun stamboom. Hoe vind je ze? Mensen zijn soms terughoudend om zich te verdiepen in andere archieven dan die waaraan ze gewend zijn. De laatste twee jaar is het echter gemakkelijker geworden, dankzij de toegenomen digitalisering van de burgerlijke en parochieregisters in Belgi\u00eb en het feit dat het Groothertogdom Luxemburg zijn online archieven heeft opengesteld voor het publiek. Deze gloednieuwe gids zal genealogen helpen bij hun onderzoek, ter plaatse of via het internet. Het legt uit welke stappen kunnen worden genomen in bevolkingsregisters (die geen equivalent hebben in Frankrijk), volkstellingen, militaire archieven, notari\u00eble archieven en ook in documenten met betrekking tot vreemdelingen en naturalisaties. Het biedt essenti\u00eble historische referentiepunten. Het is gericht op zowel beginnende als doorgewinterde onderzoekers: er worden zoveel aanwijzingen en gevallen aangehaald dat iedereen wel iets zal vinden om te verbeteren. De dubbele pagina-indeling van de collectie leent zich bijzonder goed voor het geven van voorbeelden. Veel plezier met onderzoek!<\/p>\n<p><strong>AUTEUR<\/strong><\/p>\n<p>Christophe Drugy: Hij is bij genealogen bekend om zijn artikelen en gidsen over onderzoek in Belgi\u00eb en het voormalige Nederland. Hij is afgestudeerd aan de universiteiten Panth\u00e9on Sorbonne-Paris 1 en Charles-de-Gaulle-Lille 3. Hij is leraar geschiedenis en aardrijkskunde en al lange tijd bestuurslid van de F\u00e9d\u00e9ration fran\u00e7aise de g\u00e9n\u00e9alogie. Hij is leraar geschiedenis en aardrijkskunde en al heel lang bestuurslid van de F\u00e9d\u00e9ration fran\u00e7aise de g\u00e9n\u00e9alogie en voorzitter van de vereniging Racines franco-belges.<\/p>\n<p>Marie-Odile Mergnac: auteur van een aantal genealogische handleidingen en winnares van de prijs Institut des Sciences morales et politiques voor haar werk over namen, ze schrijft over genealogie, alledaagse geschiedenis en familienamen in de media. Omdat een tak van haar familie uit Luxemburg komt, werkte ze samen met Christophe Drugy aan deze nieuwe gids.<\/p>","protected":false},"excerpt":{"rendered":"<p>R\u00e9f\u00e9rence : 701020<br \/>\nUGS : 978-2-35077-315-5<br \/>\n80 pages couleur \/ format 17 x 24 cm<br \/>\n<b style=\"color: #ff0000;\">Levertijd 10 dagen na ontvangst van betaling<br \/>\nQuantit\u00e9 maximum par commande : 2<br \/>\n<\/b><\/p>\n<form class=\"cart\" action=\"https:\/\/geniwal.be\/nl\/produit\/retracer-lhistoire-de-sa-commune\/\" enctype=\"multipart\/form-data\" method=\"post\" data-trp-original-action=\"https:\/\/geniwal.be\/produit\/retracer-lhistoire-de-sa-commune\/\">\n<div class=\"quantity buttons_added\"><\/div>\n<input type=\"hidden\" name=\"trp-form-language\" value=\"nl\"\/><\/form>","protected":false},"featured_media":5947,"comment_status":"closed","ping_status":"closed","template":"","meta":{"_et_pb_use_builder":"","_et_pb_old_content":"","_et_gb_content_width":""},"product_brand":[],"product_cat":[112],"product_tag":[199],"class_list":{"0":"post-5946","1":"product","2":"type-product","3":"status-publish","4":"has-post-thumbnail","6":"product_cat-guides","7":"product_tag-199","9":"first","10":"instock","11":"taxable","12":"shipping-taxable","13":"purchasable","14":"product-type-simple"},"aioseo_notices":[],"_links":{"self":[{"href":"https:\/\/geniwal.be\/nl\/wp-json\/wp\/v2\/product\/5946","targetHints":{"allow":["GET"]}}],"collection":[{"href":"https:\/\/geniwal.be\/nl\/wp-json\/wp\/v2\/product"}],"about":[{"href":"https:\/\/geniwal.be\/nl\/wp-json\/wp\/v2\/types\/product"}],"replies":[{"embeddable":true,"href":"https:\/\/geniwal.be\/nl\/wp-json\/wp\/v2\/comments?post=5946"}],"wp:featuredmedia":[{"embeddable":true,"href":"https:\/\/geniwal.be\/nl\/wp-json\/wp\/v2\/media\/5947"}],"wp:attachment":[{"href":"https:\/\/geniwal.be\/nl\/wp-json\/wp\/v2\/media?parent=5946"}],"wp:term":[{"taxonomy":"product_brand","embeddable":true,"href":"https:\/\/geniwal.be\/nl\/wp-json\/wp\/v2\/product_brand?post=5946"},{"taxonomy":"product_cat","embeddable":true,"href":"https:\/\/geniwal.be\/nl\/wp-json\/wp\/v2\/product_cat?post=5946"},{"taxonomy":"product_tag","embeddable":true,"href":"https:\/\/geniwal.be\/nl\/wp-json\/wp\/v2\/product_tag?post=5946"}],"curies":[{"name":"wp","href":"https:\/\/api.w.org\/{rel}","templated":true}]}}