{"id":5971,"date":"2020-05-10T14:52:21","date_gmt":"2020-05-10T12:52:21","guid":{"rendered":"https:\/\/geniwal.be\/?post_type=product&#038;p=5971"},"modified":"2022-06-03T21:54:51","modified_gmt":"2022-06-03T19:54:51","slug":"trouver-ses-ancetres-sur-internet-filae-com","status":"publish","type":"product","link":"https:\/\/geniwal.be\/nl\/boutique\/guides\/trouver-ses-ancetres-sur-internet-filae-com\/","title":{"rendered":"Vind je voorouders op internet: Filae.com"},"content":{"rendered":"<p><strong>SAMENVATTING<\/strong><\/p>\n<p>Filae, de genealogische revolutie op het web, is een onderzoeksversneller. Haar bestaansreden in de afgelopen twintig jaar? Het indexeren van oude boeken, 19e eeuwse kranten, archieven, documentaire collecties... om het familiehistorici gemakkelijker en sneller te maken om terug te gaan in de tijd. Ten eerste met historische databases, waaronder het kolossale bestand van gepensioneerden uit de 19e eeuw of gevangenen uit de twee wereldoorlogen, die allemaal op naam kunnen worden doorzocht en een afbeelding van het originele document bieden. Of de online toegang tot de parochieregisters van partnerverenigingen. Dan is er nog de gigantische taak van het indexeren van oude burgerlijke standen en een deel van de volkstelling. Sinds 2017 hoef je alleen maar de naam van een grootvader in te typen en de lijst met akten en archiefstukken die betrekking hebben op hem of haar verschijnt op de site. Klik op het register dat je interesseert en je bent op de juiste pagina van het juiste register in het juiste departementale archief, bijna overal in Frankrijk, met zelfs het juiste record gemarkeerd in koraal! Deze gids geeft je al het advies dat je nodig hebt voor het zoeken en maken van stambomen op deze site, die een must is geworden.<\/p>\n<p>Wees gerust, het plezier van het onderzoek is er nog steeds. Genealogie\u00ebn worden niet met \u00e9\u00e9n klik gemaakt en het onderzoek gaat altijd verder door van document naar document te springen. Maar wat vroeger weken duurde om te vinden, of wat nooit gevonden kon worden, is nu slechts een klik en een kalender verwijderd, dankzij Filae!<\/p>\n<p><strong>AUTEUR<\/strong><\/p>\n<p>Guillerm Yann : en qu\u00eate de ses anc\u00eatres d\u00e8s l\u2019adolescence, Yann Guillerm a reconstitu\u00e9 son arbre tant en France qu\u2019\u00e0 l&rsquo;\u00e9tranger. Titulaire d\u2019une ma\u00eetrise en histoire et b\u00e9n\u00e9vole pour des associations, il a relev\u00e9 et index\u00e9 des registres paroissiaux et organis\u00e9 le d\u00e9pouillement des registres matricules des C\u00f4tes-d&rsquo;Armor. Il est d\u00e9j\u00e0 l\u2019auteur de Retrouver ses anc\u00eatres bretons, Archives d\u00e9partementales mode d\u2019emploi et le coauteur de Faire son arbre g\u00e9n\u00e9alogique par Internet.<\/p>","protected":false},"excerpt":{"rendered":"<p>R\u00e9f\u00e9rence : 701012<br \/>\nUGS : 978-2-35077-314-8<br \/>\n64 pages broch\u00e9es \/ format 17 x 24 cm<br \/>\n<b style=\"color: #ff0000;\">Levertijd 10 dagen na ontvangst van betaling<br \/>\nQuantit\u00e9 maximum par commande : 3<br \/>\n<\/b><\/p>\n<form class=\"cart\" action=\"https:\/\/geniwal.be\/nl\/produit\/retracer-lhistoire-de-sa-commune\/\" enctype=\"multipart\/form-data\" method=\"post\" data-trp-original-action=\"https:\/\/geniwal.be\/produit\/retracer-lhistoire-de-sa-commune\/\">\n<div class=\"quantity buttons_added\"><\/div>\n<input type=\"hidden\" name=\"trp-form-language\" value=\"nl\"\/><\/form>","protected":false},"featured_media":5957,"comment_status":"closed","ping_status":"closed","template":"","meta":{"_et_pb_use_builder":"","_et_pb_old_content":"","_et_gb_content_width":""},"product_brand":[],"product_cat":[112],"product_tag":[],"class_list":{"0":"post-5971","1":"product","2":"type-product","3":"status-publish","4":"has-post-thumbnail","6":"product_cat-guides","8":"first","9":"outofstock","10":"taxable","11":"shipping-taxable","12":"purchasable","13":"product-type-simple"},"aioseo_notices":[],"_links":{"self":[{"href":"https:\/\/geniwal.be\/nl\/wp-json\/wp\/v2\/product\/5971","targetHints":{"allow":["GET"]}}],"collection":[{"href":"https:\/\/geniwal.be\/nl\/wp-json\/wp\/v2\/product"}],"about":[{"href":"https:\/\/geniwal.be\/nl\/wp-json\/wp\/v2\/types\/product"}],"replies":[{"embeddable":true,"href":"https:\/\/geniwal.be\/nl\/wp-json\/wp\/v2\/comments?post=5971"}],"wp:featuredmedia":[{"embeddable":true,"href":"https:\/\/geniwal.be\/nl\/wp-json\/wp\/v2\/media\/5957"}],"wp:attachment":[{"href":"https:\/\/geniwal.be\/nl\/wp-json\/wp\/v2\/media?parent=5971"}],"wp:term":[{"taxonomy":"product_brand","embeddable":true,"href":"https:\/\/geniwal.be\/nl\/wp-json\/wp\/v2\/product_brand?post=5971"},{"taxonomy":"product_cat","embeddable":true,"href":"https:\/\/geniwal.be\/nl\/wp-json\/wp\/v2\/product_cat?post=5971"},{"taxonomy":"product_tag","embeddable":true,"href":"https:\/\/geniwal.be\/nl\/wp-json\/wp\/v2\/product_tag?post=5971"}],"curies":[{"name":"wp","href":"https:\/\/api.w.org\/{rel}","templated":true}]}}