{"id":6247,"date":"2020-09-15T15:04:33","date_gmt":"2020-09-15T13:04:33","guid":{"rendered":"https:\/\/geniwal.be\/?post_type=product&#038;p=6247"},"modified":"2021-02-13T16:19:53","modified_gmt":"2021-02-13T15:19:53","slug":"genealogie-marcel-nicolas-joseph","status":"publish","type":"product","link":"https:\/\/geniwal.be\/nl\/boutique\/genealogie\/genealogie-marcel-nicolas-joseph\/","title":{"rendered":"Genealogie Marcel Nicolas Joseph ROUSSEAU"},"content":{"rendered":"<p>Voorwoord<\/p>\n<p>L&rsquo;histoire de notre famille est une \u00e9pop\u00e9e belge ce qui, pour moi, veut dire \u00ab une promenade \u00e0 travers le Royaume de Belgique \u00bb du Nord au Sud en faisant une halte \u00e0 Bruxelles, sa capitale. Les Rousseau sont une famille de cloutiers, houilleurs et verriers mais il y a aussi des marchands de tabacs, des orf\u00e8vres, des passementiers des dentelli\u00e8res &#8230; C&rsquo;est en 1909 que Jules Rousseau, lors de son service militaire, est venu s&rsquo;installer \u00e0 Etterbeek, faubourg de Bruxelles, pour s&rsquo;y \u00e9tablir en 1912 avec son \u00e9pouse Marie Jacobs dont il eut trois enfants, Marcel, Oscar et Ren\u00e9. \u00ab La Chasse \u00bb lieu-dit, souvenir du temps jadis ou la for\u00eat de Soignes arrivait jusque-l\u00e0 et o\u00f9 le Roi se reposait dans un petit pavillon lorsqu&rsquo;il chassait ; c&rsquo;est pourquoi un peu plus loin dans la chauss\u00e9e de Wavre, il existe un autre lieu-dit : \u00ab Chasse royale \u00bb (actuellement la station de m\u00e9tro Hankar). Marie Jacobs, ma grand- m\u00e8re paternelle m&rsquo;a berc\u00e9e de souvenirs et l\u00e9gendes &#8230; nous descendons des Espagnols venus aux &lsquo;Pays-Bas en bateau. Le hasard faisant parfois bien les choses . . . un film, Christophe Colomb, dans lequel la Reine d&rsquo;Espagne envoie le comte de Bovadilla aux Am\u00e9riques, et c&rsquo;est le d\u00e9clic, le feu aux poudres. Voil\u00e0 comment je me suis embarqu\u00e9e sur son navire, non pas pour rejoindre les Am\u00e9riques mais pour retrouver une branche de mes racines et d\u00e9couvrir toute l&rsquo;histoire de \u00ab don Luis de Bobadilla \u00bb Sergent major dans l&rsquo;arm\u00e9e des Pays-Bas Espagnols 1648-1689. Je remercie Andr\u00e9 Vroye pour le support informatique qu&rsquo;il m&rsquo;a apport\u00e9 lors de la r\u00e9alisation de cette g\u00e9n\u00e9alogie.<\/p>\n<p>Gilberte ROUSSEAU<\/p>","protected":false},"excerpt":{"rendered":"<p>Poids du livre 1360 gr<br \/>\nDimension : 297 x 221<br \/>\nPrix : 25 \u20ac<br \/>\n<b style=\"color: #ff0000;\">Levertijd 10 dagen na ontvangst van betaling<br \/>\nQuantit\u00e9 maximum par commande :1<\/b><\/p>","protected":false},"featured_media":6262,"comment_status":"closed","ping_status":"closed","template":"","meta":{"_et_pb_use_builder":"","_et_pb_old_content":"","_et_gb_content_width":""},"product_brand":[],"product_cat":[111],"product_tag":[],"class_list":{"0":"post-6247","1":"product","2":"type-product","3":"status-publish","4":"has-post-thumbnail","6":"product_cat-genealogie","8":"first","9":"instock","10":"taxable","11":"shipping-taxable","12":"purchasable","13":"product-type-simple"},"aioseo_notices":[],"_links":{"self":[{"href":"https:\/\/geniwal.be\/nl\/wp-json\/wp\/v2\/product\/6247","targetHints":{"allow":["GET"]}}],"collection":[{"href":"https:\/\/geniwal.be\/nl\/wp-json\/wp\/v2\/product"}],"about":[{"href":"https:\/\/geniwal.be\/nl\/wp-json\/wp\/v2\/types\/product"}],"replies":[{"embeddable":true,"href":"https:\/\/geniwal.be\/nl\/wp-json\/wp\/v2\/comments?post=6247"}],"wp:featuredmedia":[{"embeddable":true,"href":"https:\/\/geniwal.be\/nl\/wp-json\/wp\/v2\/media\/6262"}],"wp:attachment":[{"href":"https:\/\/geniwal.be\/nl\/wp-json\/wp\/v2\/media?parent=6247"}],"wp:term":[{"taxonomy":"product_brand","embeddable":true,"href":"https:\/\/geniwal.be\/nl\/wp-json\/wp\/v2\/product_brand?post=6247"},{"taxonomy":"product_cat","embeddable":true,"href":"https:\/\/geniwal.be\/nl\/wp-json\/wp\/v2\/product_cat?post=6247"},{"taxonomy":"product_tag","embeddable":true,"href":"https:\/\/geniwal.be\/nl\/wp-json\/wp\/v2\/product_tag?post=6247"}],"curies":[{"name":"wp","href":"https:\/\/api.w.org\/{rel}","templated":true}]}}